{"id":8106,"date":"2018-06-02T10:02:32","date_gmt":"2018-06-02T08:02:32","guid":{"rendered":"https:\/\/revistaespiritu.istomas.org\/?page_id=8106"},"modified":"2018-06-02T10:02:32","modified_gmt":"2018-06-02T08:02:32","slug":"politica-de-privacidad","status":"publish","type":"page","link":"https:\/\/revistaespiritu.istomas.org\/en\/politica-de-privacidad\/","title":{"rendered":"Pol\u00edtica de Privacidad"},"content":{"rendered":"<p><img decoding=\"async\" class=\"gmail-aligncenter gmail-size-full gmail-wp-image-1169 lazyload\" data-src=\"http:\/\/istomas.org\/wp-content\/uploads\/2018\/05\/logo_balmes.jpg\" alt=\"\" width=\"100\" height=\"100\" src=\"data:image\/svg+xml;base64,PHN2ZyB3aWR0aD0iMSIgaGVpZ2h0PSIxIiB4bWxucz0iaHR0cDovL3d3dy53My5vcmcvMjAwMC9zdmciPjwvc3ZnPg==\" style=\"--smush-placeholder-width: 100px; --smush-placeholder-aspect-ratio: 100\/100;\" \/><\/p>\n<p>La\u00a0<em>Fundaci\u00f3n Balmesiana\u00a0<\/em>es la entidad responsable del tratamiento de datos generados con los datos de car\u00e1cter personal suministrados por los usuarios de los portales\u00a0<a href=\"http:\/\/www.istomas.org\/\">www.istomas.org<\/a>\u00a0y\u00a0<a href=\"https:\/\/revistaespiritu.istomas.org\/\">www.revistaespiritu.org<\/a>.<\/p>\n<p>La recogida y tratamiento de los datos personales que nos facilita el usuario tiene como finalidad la gesti\u00f3n, prestaci\u00f3n, ampliaci\u00f3n y mejora de los servicios solicitados en cada momento, en particular y cuando corresponda la facturaci\u00f3n de un servicio, la inscripci\u00f3n a cursos y congresos, la invitaci\u00f3n a eventos organizados por la Fundaci\u00f3n, el env\u00edo del\u00a0<em>newsletter,\u00a0<\/em>el env\u00edo de la revista\u00a0<em>Esp\u00edritu,\u00a0<\/em>la gesti\u00f3n de la relaci\u00f3n con los autores de los manuscritos enviados a la revista\u00a0<em>Esp\u00edritu\u00a0<\/em>para su publicaci\u00f3n, la gesti\u00f3n de la relaci\u00f3n con los pares evaluadores de manuscritos, entre otros.<\/p>\n<p>Los datos proporcionados se conservar\u00e1n en los ficheros correspondientes mientras se mantenga la relaci\u00f3n contractual o durante los a\u00f1os necesarios para cumplir con las obligaciones legales. Los datos no se ceder\u00e1n a terceros salvo en los casos en que exista una obligaci\u00f3n legal.<\/p>\n<p>El usuario podr\u00e1 ejercer en todo momento, previa presentaci\u00f3n de su documento nacional de identidad o pasaporte, los derechos de acceso, rectificaci\u00f3n, cancelaci\u00f3n, oposici\u00f3n, limitaci\u00f3n o portabilidad dirigi\u00e9ndose a la Secretar\u00eda de la Fundaci\u00f3n Balmesiana en la direcci\u00f3n calle Duran i Bas, 9, 08002, Barcelona (Espa\u00f1a), tel\u00e9fono: 933026840 o por correo electr\u00f3nico: <a href=\"mailto:secretaria@istomas.org\">secretaria@istomas.org<\/a>.<\/p>\n<p>Fundaci\u00f3n Balmesiana<br \/>\nCIF: R-080071-i<br \/>\nDuran i Bas, 9<br \/>\n08002, Barcelona (Espa\u00f1a)<br \/>\nTel\u00e9fono: 933026840<br \/>\n<a href=\"mailto:secretaria@istomas.org\">secretaria@istomas.org<\/a><\/p>\n<p>Fundaci\u00f3n Balmesiana fue aprobada como fundaci\u00f3n can\u00f3nica privada por el Administrador Apost\u00f3lico de Barcelona el 26 de octubre de 1936, e inscrita en el Registro de Entidades Religiosas del Ministerio de Justicia de Madrid el 5 de junio de 1990, con el n\u00famero 75 de la secci\u00f3n especial, grup f (n\u00fam. Ref. \u201c75-S.E\/F\u201d)<\/p>\n","protected":false},"excerpt":{"rendered":"<p>La\u00a0Fundaci\u00f3n Balmesiana\u00a0es la entidad responsable del tratamiento de datos generados con los datos de car\u00e1cter personal suministrados por los usuarios de los portales\u00a0www.istomas.org\u00a0y\u00a0www.revistaespiritu.org. La recogida y tratamiento de los datos personales que nos facilita el usuario tiene como finalidad la gesti\u00f3n, prestaci\u00f3n, ampliaci\u00f3n y mejora de los servicios solicitados en cada momento, en particular y [&hellip;]<\/p>\n","protected":false},"author":1,"featured_media":0,"parent":0,"menu_order":0,"comment_status":"closed","ping_status":"closed","template":"","meta":{"_et_pb_use_builder":"","_et_pb_old_content":"","_et_gb_content_width":"","footnotes":""},"categories":[],"tags":[],"class_list":["post-8106","page","type-page","status-publish","hentry"],"_links":{"self":[{"href":"https:\/\/revistaespiritu.istomas.org\/en\/wp-json\/wp\/v2\/pages\/8106","targetHints":{"allow":["GET"]}}],"collection":[{"href":"https:\/\/revistaespiritu.istomas.org\/en\/wp-json\/wp\/v2\/pages"}],"about":[{"href":"https:\/\/revistaespiritu.istomas.org\/en\/wp-json\/wp\/v2\/types\/page"}],"author":[{"embeddable":true,"href":"https:\/\/revistaespiritu.istomas.org\/en\/wp-json\/wp\/v2\/users\/1"}],"replies":[{"embeddable":true,"href":"https:\/\/revistaespiritu.istomas.org\/en\/wp-json\/wp\/v2\/comments?post=8106"}],"version-history":[{"count":0,"href":"https:\/\/revistaespiritu.istomas.org\/en\/wp-json\/wp\/v2\/pages\/8106\/revisions"}],"wp:attachment":[{"href":"https:\/\/revistaespiritu.istomas.org\/en\/wp-json\/wp\/v2\/media?parent=8106"}],"wp:term":[{"taxonomy":"category","embeddable":true,"href":"https:\/\/revistaespiritu.istomas.org\/en\/wp-json\/wp\/v2\/categories?post=8106"},{"taxonomy":"post_tag","embeddable":true,"href":"https:\/\/revistaespiritu.istomas.org\/en\/wp-json\/wp\/v2\/tags?post=8106"}],"curies":[{"name":"wp","href":"https:\/\/api.w.org\/{rel}","templated":true}]}}