{"id":7389,"date":"2018-05-14T11:43:59","date_gmt":"2018-05-14T11:43:59","guid":{"rendered":"https:\/\/revistaespiritu.istomas.org\/issue-142\/"},"modified":"2018-05-14T11:44:02","modified_gmt":"2018-05-14T11:44:02","slug":"issue-142","status":"publish","type":"page","link":"https:\/\/revistaespiritu.istomas.org\/en\/issue-142\/","title":{"rendered":"Issue 142"},"content":{"rendered":"<p>[et_pb_section fb_built=&#8221;1&#8243; admin_label=&#8221;section&#8221; _builder_version=&#8221;3.0.47&#8243;][et_pb_row make_fullwidth=&#8221;on&#8221; padding_right_1=&#8221;30px&#8221; parallax_method_1=&#8221;off&#8221; parallax_method_2=&#8221;off&#8221; parallax_method_3=&#8221;off&#8221; custom_css_main_1=&#8221;border-right: 1px solid #3c8859;&#8221; admin_label=&#8221;row&#8221; _builder_version=&#8221;3.0.47&#8243; background_size=&#8221;initial&#8221; background_position=&#8221;top_left&#8221; background_repeat=&#8221;repeat&#8221;][et_pb_column type=&#8221;1_4&#8243; _builder_version=&#8221;3.0.47&#8243; padding_right=&#8221;30px&#8221; parallax=&#8221;off&#8221; parallax_method=&#8221;off&#8221; custom_css_main=&#8221;border-right: 1px solid #3c8859;&#8221;][et_pb_image src=&#8221;https:\/\/revistaespiritu.istomas.org\/wp-content\/uploads\/2017\/12\/imagen-1.jpeg&#8221; alt=&#8221;Esp\u00edritu, issue 138&#8243; title_text=&#8221;Esp\u00edritu, issue 138&#8243; show_in_lightbox=&#8221;on&#8221; use_overlay=&#8221;on&#8221; align=&#8221;center&#8221; _builder_version=&#8221;3.0.92&#8243; use_border_color=&#8221;off&#8221; border_color=&#8221;#ffffff&#8221; border_style=&#8221;solid&#8221; animation=&#8221;off&#8221; sticky=&#8221;off&#8221;][\/et_pb_image][\/et_pb_column][et_pb_column type=&#8221;1_2&#8243; _builder_version=&#8221;3.0.47&#8243; parallax=&#8221;off&#8221; parallax_method=&#8221;off&#8221;][et_pb_post_title meta=&#8221;off&#8221; featured_image=&#8221;off&#8221; _builder_version=&#8221;3.0.47&#8243; title_font_size=&#8221;32px&#8221; parallax=&#8221;on&#8221; parallax_method=&#8221;off&#8221; text_orientation=&#8221;center&#8221; custom_padding=&#8221;10px||0px|&#8221; use_border_color=&#8221;off&#8221; border_color=&#8221;#ffffff&#8221; border_style=&#8221;solid&#8221; parallax_effect=&#8221;on&#8221;][\/et_pb_post_title][et_pb_text _builder_version=&#8221;3.0.92&#8243; text_orientation=&#8221;center&#8221; custom_padding=&#8221;0px|||&#8221; use_border_color=&#8221;off&#8221; border_color=&#8221;#ffffff&#8221; border_style=&#8221;solid&#8221;]<\/p>\n<h4 style=\"text-align: center;\">Year 60 | 2011<\/h4>\n<p>[\/et_pb_text][et_pb_divider height=&#8221;5&#8243; disabled_on=&#8221;on|on|off&#8221; _builder_version=&#8221;3.0.47&#8243; hide_on_mobile=&#8221;on&#8221;][\/et_pb_divider][et_pb_text _builder_version=&#8221;3.0.92&#8243; use_border_color=&#8221;off&#8221; border_color=&#8221;#ffffff&#8221; border_style=&#8221;solid&#8221; custom_margin=&#8221;||0px|&#8221;]<\/p>\n<h4 style=\"text-align: left;\"><span style=\"color: #3c8859;\">Articles<\/span><\/h4>\n<p>[\/et_pb_text][et_pb_divider color=&#8221;#3c8859&#8243; show_divider=&#8221;on&#8221; height=&#8221;5&#8243; disabled_on=&#8221;on|on|off&#8221; _builder_version=&#8221;3.0.47&#8243; hide_on_mobile=&#8221;on&#8221;][\/et_pb_divider][et_pb_text _builder_version=&#8221;3.0.92&#8243; use_border_color=&#8221;off&#8221;]<\/p>\n<div class=\"descripcion\">\n<h5 class=\"titulo\"><a href=\"https:\/\/revistaespiritu.istomas.org\/en\/jaume-balmes-between-yesterday-and-today\/\"><span class=\"titulo\">Jaume Balmes: between yesterday and today<\/span><\/a><\/h5>\n<p class=\"titulo\">Vicente Igual<\/p>\n<h5 class=\"titulo\"><a href=\"https:\/\/revistaespiritu.istomas.org\/en\/balmes-logic\/\"><span class=\"titulo\">Balmes\u2019 logic<\/span><\/a><\/h5>\n<p class=\"autores\">Josep Mar\u00eda Montiu de Nuix<\/p>\n<h5 class=\"autores\"><span class=\"titulo\"><a href=\"https:\/\/revistaespiritu.istomas.org\/en\/jaime-balmes-knowledge-and-action\/\">Jaime Balmes: Knowledge and action<\/a><\/span><\/h5>\n<p class=\"titulo\">Miguel \u00c1ngel Belmonte S\u00e1nchez<\/p>\n<h5 class=\"titulo\"><a href=\"https:\/\/revistaespiritu.istomas.org\/en\/three-distinctive-characteristics-of-jaime-balmes-moral-philosophy\/\"><span class=\"titulo\">Three distinctive characteristics of Jaime Balmes&#8217; moral philosophy<\/span><\/a><\/h5>\n<p class=\"autores\">Felipe Widow L.<\/p>\n<h5 class=\"autores\"><span class=\"titulo\"><a href=\"https:\/\/revistaespiritu.istomas.org\/en\/balmes-the-educator\/\">Balmes The educator<\/a><\/span><\/h5>\n<p class=\"titulo\">Conrad Vilanou<\/p>\n<h5 class=\"titulo\"><span class=\"titulo\"><a href=\"https:\/\/revistaespiritu.istomas.org\/en\/protestantism-and-modernity-religious-subjectivism-and-political-subjectivism-in-balmes-de-maistre-and-taparellis-analysis\/\">Protestantism and modernity. Religious subjectivism and political subjectivism in Balmes, de Maistre and Taparelli\u2019s analysis<\/a><\/span><\/h5>\n<p class=\"titulo\">Giovanni Turco<\/p>\n<h5 class=\"titulo\"><a href=\"https:\/\/revistaespiritu.istomas.org\/en\/the-apologist-balmes-in-his-protestantism-compared-to-catholicism\/\"><span class=\"titulo\">The apologist balmes in his:protestantism compared to catholicism<\/span><\/a><\/h5>\n<p class=\"titulo\">Javier Barraycoa<\/p>\n<\/div>\n<p>[\/et_pb_text][et_pb_divider height=&#8221;10&#8243; disabled_on=&#8221;on|on|off&#8221; _builder_version=&#8221;3.0.47&#8243; hide_on_mobile=&#8221;on&#8221;][\/et_pb_divider][et_pb_text _builder_version=&#8221;3.0.92&#8243; background_size=&#8221;initial&#8221; background_position=&#8221;top_left&#8221; background_repeat=&#8221;repeat&#8221; use_border_color=&#8221;off&#8221; border_color=&#8221;#ffffff&#8221; border_style=&#8221;solid&#8221; custom_margin=&#8221;||0px|&#8221;]<\/p>\n<h4 style=\"text-align: left;\"><span style=\"color: #3c8859;\">Notes y documents<\/span><\/h4>\n<p>[\/et_pb_text][et_pb_divider color=&#8221;#3c8859&#8243; show_divider=&#8221;on&#8221; height=&#8221;5&#8243; disabled_on=&#8221;on|on|off&#8221; _builder_version=&#8221;3.0.47&#8243; hide_on_mobile=&#8221;on&#8221;][\/et_pb_divider][et_pb_text _builder_version=&#8221;3.0.92&#8243; use_border_color=&#8221;off&#8221;]<\/p>\n<div class=\"descripcion\">\n<h5 class=\"titulo\"><span class=\"titulo\"><a href=\"https:\/\/revistaespiritu.istomas.org\/en\/%ef%bb%bfroberto-busa-si-1913-2011-in-memoriam\/\">Roberto Busa SI (1913-2011). In memoriam<\/a><\/span><\/h5>\n<p class=\"titulo\">Enrique Alarc\u00f3n<\/p>\n<h5 class=\"autores\"><span class=\"titulo\"><a href=\"https:\/\/revistaespiritu.istomas.org\/en\/decree-of-reform-of-ecclesiastical-studies-of-philosophy\/\">Decree of Reform of ecclesiastical studies of philosophy<\/a><\/span><\/h5>\n<p class=\"autores\">Jordi Girau Reverter<\/p>\n<h5 class=\"autores\"><a href=\"https:\/\/revistaespiritu.istomas.org\/en\/comment-to-the-decree-a-new-impulse-to-evangelization-reinforce-philosophical-formation\/\"><span class=\"titulo\"><span id=\"result_box\" class=\"\" lang=\"en\" tabindex=\"-1\"><span class=\"\">Comment to the decree.<\/span> <span class=\"\">A new impulse to evangelization: reinforce philosophical formation<\/span><\/span><\/span><\/a><\/h5>\n<h5 class=\"autores\">Luis Clavell<\/h5>\n<h5 class=\"titulo\"><span class=\"titulo\"><a href=\"\/?p=711\">Memory of the academic activities of Fundaci\u00f3n Balmesiana and its institutes during the 2010-201 academic year<\/a><\/span><\/h5>\n<p class=\"titulo\">Enrique Mart\u00ednez<\/p>\n<p>&nbsp;<\/p>\n<\/div>\n<p>[\/et_pb_text][et_pb_text _builder_version=&#8221;3.0.47&#8243; background_size=&#8221;initial&#8221; background_position=&#8221;top_left&#8221; background_repeat=&#8221;repeat&#8221; use_border_color=&#8221;off&#8221; border_color=&#8221;#ffffff&#8221; border_style=&#8221;solid&#8221;][yuzo_related]<br \/>\n[\/et_pb_text][\/et_pb_column][et_pb_column type=&#8221;1_4&#8243; _builder_version=&#8221;3.0.47&#8243; parallax=&#8221;off&#8221; parallax_method=&#8221;off&#8221;][et_pb_sidebar orientation=&#8221;right&#8221; area=&#8221;sidebar-1&#8243; _builder_version=&#8221;3.0.47&#8243; header_font_size=&#8221;16&#8243; remove_border=&#8221;off&#8221;][\/et_pb_sidebar][\/et_pb_column][\/et_pb_row][\/et_pb_section]<\/p>\n","protected":false},"excerpt":{"rendered":"<p>Year 60 | 2011 Articles Jaume Balmes: between yesterday and today Vicente Igual Balmes\u2019 logic Josep Mar\u00eda Montiu de Nuix Jaime Balmes: Knowledge and action Miguel \u00c1ngel Belmonte S\u00e1nchez Three distinctive characteristics of Jaime Balmes&#8217; moral philosophy Felipe Widow L. Balmes The educator Conrad Vilanou Protestantism and modernity. Religious subjectivism and political subjectivism in Balmes, [&hellip;]<\/p>\n","protected":false},"author":1,"featured_media":0,"parent":0,"menu_order":0,"comment_status":"closed","ping_status":"closed","template":"","meta":{"_et_pb_use_builder":"on","_et_pb_old_content":"","_et_gb_content_width":"","footnotes":""},"categories":[776],"tags":[],"class_list":["post-7389","page","type-page","status-publish","hentry","category-142-2011-en"],"_links":{"self":[{"href":"https:\/\/revistaespiritu.istomas.org\/en\/wp-json\/wp\/v2\/pages\/7389","targetHints":{"allow":["GET"]}}],"collection":[{"href":"https:\/\/revistaespiritu.istomas.org\/en\/wp-json\/wp\/v2\/pages"}],"about":[{"href":"https:\/\/revistaespiritu.istomas.org\/en\/wp-json\/wp\/v2\/types\/page"}],"author":[{"embeddable":true,"href":"https:\/\/revistaespiritu.istomas.org\/en\/wp-json\/wp\/v2\/users\/1"}],"replies":[{"embeddable":true,"href":"https:\/\/revistaespiritu.istomas.org\/en\/wp-json\/wp\/v2\/comments?post=7389"}],"version-history":[{"count":0,"href":"https:\/\/revistaespiritu.istomas.org\/en\/wp-json\/wp\/v2\/pages\/7389\/revisions"}],"wp:attachment":[{"href":"https:\/\/revistaespiritu.istomas.org\/en\/wp-json\/wp\/v2\/media?parent=7389"}],"wp:term":[{"taxonomy":"category","embeddable":true,"href":"https:\/\/revistaespiritu.istomas.org\/en\/wp-json\/wp\/v2\/categories?post=7389"},{"taxonomy":"post_tag","embeddable":true,"href":"https:\/\/revistaespiritu.istomas.org\/en\/wp-json\/wp\/v2\/tags?post=7389"}],"curies":[{"name":"wp","href":"https:\/\/api.w.org\/{rel}","templated":true}]}}