{"id":6854,"date":"2018-05-08T15:01:58","date_gmt":"2018-05-08T15:01:58","guid":{"rendered":"https:\/\/revistaespiritu.istomas.org\/issue-148\/"},"modified":"2018-05-08T15:02:01","modified_gmt":"2018-05-08T15:02:01","slug":"issue-148","status":"publish","type":"page","link":"https:\/\/revistaespiritu.istomas.org\/en\/issue-148\/","title":{"rendered":"Issue 148"},"content":{"rendered":"<p>[et_pb_section bb_built=&#8221;1&#8243; admin_label=&#8221;section&#8221;][et_pb_row admin_label=&#8221;row&#8221; make_fullwidth=&#8221;on&#8221; use_custom_width=&#8221;off&#8221; width_unit=&#8221;on&#8221; use_custom_gutter=&#8221;off&#8221; allow_player_pause=&#8221;off&#8221; parallax=&#8221;off&#8221; parallax_method=&#8221;off&#8221; make_equal=&#8221;off&#8221; parallax_1=&#8221;off&#8221; parallax_method_1=&#8221;off&#8221; parallax_2=&#8221;off&#8221; parallax_method_2=&#8221;off&#8221; custom_css_main_1=&#8221;border-right: 1px solid #3c8859;&#8221; parallax_3=&#8221;off&#8221; parallax_method_3=&#8221;off&#8221; padding_right_1=&#8221;30px&#8221; background_position=&#8221;top_left&#8221; background_repeat=&#8221;repeat&#8221; background_size=&#8221;initial&#8221;][et_pb_column type=&#8221;1_4&#8243;][et_pb_image src=&#8221;https:\/\/revistaespiritu.istomas.org\/wp-content\/uploads\/2017\/12\/Indice-148-Espiritu.jpg&#8221; alt=&#8221;Esp\u00edritu, issue 138&#8243; title_text=&#8221;Esp\u00edritu, issue 138&#8243; show_in_lightbox=&#8221;on&#8221; url_new_window=&#8221;on&#8221; use_overlay=&#8221;on&#8221; animation=&#8221;off&#8221; sticky=&#8221;off&#8221; align=&#8221;center&#8221; force_fullwidth=&#8221;off&#8221; always_center_on_mobile=&#8221;on&#8221; use_border_color=&#8221;off&#8221; border_color=&#8221;#ffffff&#8221; border_style=&#8221;solid&#8221; _builder_version=&#8221;3.0.92&#8243; show_bottom_space=&#8221;on&#8221; \/][\/et_pb_column][et_pb_column type=&#8221;1_2&#8243;][et_pb_post_title title=&#8221;on&#8221; meta=&#8221;off&#8221; author=&#8221;off&#8221; date=&#8221;off&#8221; categories=&#8221;off&#8221; comments=&#8221;off&#8221; featured_image=&#8221;off&#8221; featured_placement=&#8221;below&#8221; parallax_effect=&#8221;on&#8221; parallax_method=&#8221;off&#8221; text_orientation=&#8221;center&#8221; text_color=&#8221;dark&#8221; text_background=&#8221;off&#8221; text_bg_color=&#8221;rgba(255,255,255,0.9)&#8221; use_border_color=&#8221;off&#8221; border_color=&#8221;#ffffff&#8221; border_style=&#8221;solid&#8221; custom_padding=&#8221;10px||0px|&#8221; title_font_size=&#8221;32px&#8221; parallax=&#8221;on&#8221; \/][et_pb_text background_layout=&#8221;light&#8221; text_orientation=&#8221;center&#8221; use_border_color=&#8221;off&#8221; border_color=&#8221;#ffffff&#8221; border_style=&#8221;solid&#8221; custom_padding=&#8221;0px|||&#8221; background_position=&#8221;top_left&#8221; background_repeat=&#8221;repeat&#8221; background_size=&#8221;initial&#8221; module_alignment=&#8221;center&#8221; _builder_version=&#8221;3.0.92&#8243;]<\/p>\n<h4 style=\"text-align: center;\">Year 63 | 2014<\/h4>\n<p>[\/et_pb_text][et_pb_divider color=&#8221;#ffffff&#8221; show_divider=&#8221;off&#8221; height=&#8221;5&#8243; divider_style=&#8221;solid&#8221; divider_position=&#8221;top&#8221; hide_on_mobile=&#8221;on&#8221; disabled_on=&#8221;on|on|off&#8221; \/][et_pb_text background_layout=&#8221;light&#8221; use_border_color=&#8221;off&#8221; background_position=&#8221;top_left&#8221; background_repeat=&#8221;repeat&#8221; background_size=&#8221;initial&#8221; _builder_version=&#8221;3.0.92&#8243; custom_margin=&#8221;||0px|&#8221;]<\/p>\n<h4 style=\"text-align: left;\"><span style=\"color: #3c8859;\">Articles<\/span><\/h4>\n<p>[\/et_pb_text][et_pb_divider color=&#8221;#3c8859&#8243; show_divider=&#8221;on&#8221; height=&#8221;5&#8243; divider_style=&#8221;solid&#8221; divider_position=&#8221;top&#8221; hide_on_mobile=&#8221;on&#8221; disabled_on=&#8221;on|on|off&#8221; \/][et_pb_text background_layout=&#8221;light&#8221; use_border_color=&#8221;off&#8221; _builder_version=&#8221;3.0.92&#8243;]<\/p>\n<h5 style=\"text-align: left;\"><a href=\"https:\/\/revistaespiritu.istomas.org\/en\/the-modal-dimension-of-knowledge\/\">The Modal Dimension of Knowledge<\/a><\/h5>\n<p style=\"text-align: left;\">Enrique Alarc\u00f3n<\/p>\n<h5 style=\"text-align: left;\"><a href=\"https:\/\/revistaespiritu.istomas.org\/en\/to-understand-and-to-demonstrate-in-aristotle-and-saint-thomas-aquinas\/\">To understand and to demonstrate in Aristotle and saint Thomas Aquinas<\/a><\/h5>\n<p style=\"text-align: left;\">Jos\u00e9 Mar\u00eda Romero Bar\u00f3<\/p>\n<h5 style=\"text-align: left;\"><span class=\"subtitulo\"><span class=\"titulo\"><a href=\"https:\/\/revistaespiritu.istomas.org\/en\/the-knowledge-on-natural-beings-according-to-thomas-aquinas\/\">The Knowledge on natural beings according to Thomas Aquinas<\/a><\/span><\/span><\/h5>\n<p style=\"text-align: left;\">Lorella Congiunti<\/p>\n<h5 style=\"text-align: left;\"><span class=\"titulo\"><a href=\"https:\/\/revistaespiritu.istomas.org\/en\/the-role-of-existential-judgments-in-knowing-the-existence-of-beings\/\">The Role of Existential Judgments in Knowing the Existence of Beings<\/a><\/span><\/h5>\n<p style=\"text-align: left;\">Tomasz Duma<\/p>\n<h5 style=\"text-align: left;\"><span class=\"titulo\"><a href=\"https:\/\/revistaespiritu.istomas.org\/en\/the-existence-of-being-and-the-original-cognitive-acts\/\">The Existence of Being and the Original Cognitive Acts<\/a><\/span><\/h5>\n<p style=\"text-align: left;\">Pawel Gondek<\/p>\n<h5 style=\"text-align: left;\"><a href=\"https:\/\/revistaespiritu.istomas.org\/en\/the-intelectual-cognition-of-material-individual-according-to-aquinas\/\">The intelectual cognition of material individual according to Aquinas<\/a><\/h5>\n<p style=\"text-align: left;\">Mart\u00edn Federico Echavarr\u00eda<\/p>\n<h5><span class=\"titulo\"><a href=\"https:\/\/revistaespiritu.istomas.org\/en\/self-knowledge-according-to-st-thomas-aquinas\/\">Self-knowledge according to St. Thomas Aquinas<\/a><\/span><\/h5>\n<p>Antonio Prevosti Moncl\u00fas<\/p>\n<h5><span class=\"titulo\"><a href=\"https:\/\/revistaespiritu.istomas.org\/en\/the-identity-of-being-and-think-in-god\/\">The identity of Being and Think in God<\/a><\/span><\/h5>\n<p>Jos\u00e9 Juan Escandell<\/p>\n<p>[\/et_pb_text][et_pb_divider color=&#8221;#ffffff&#8221; show_divider=&#8221;off&#8221; height=&#8221;10&#8243; divider_style=&#8221;solid&#8221; divider_position=&#8221;top&#8221; hide_on_mobile=&#8221;on&#8221; disabled_on=&#8221;on|on|off&#8221; \/][et_pb_text background_layout=&#8221;light&#8221; use_border_color=&#8221;off&#8221; background_position=&#8221;top_left&#8221; background_repeat=&#8221;repeat&#8221; background_size=&#8221;initial&#8221; _builder_version=&#8221;3.0.92&#8243; custom_margin=&#8221;||0px|&#8221;]<\/p>\n<h4 style=\"text-align: left;\"><span style=\"color: #3c8859;\">Notes y documents<\/span><\/h4>\n<p>[\/et_pb_text][et_pb_divider color=&#8221;#3c8859&#8243; show_divider=&#8221;on&#8221; height=&#8221;5&#8243; divider_style=&#8221;solid&#8221; divider_position=&#8221;top&#8221; hide_on_mobile=&#8221;on&#8221; disabled_on=&#8221;on|on|off&#8221; \/][et_pb_text background_layout=&#8221;light&#8221; use_border_color=&#8221;off&#8221; _builder_version=&#8221;3.0.92&#8243;]<\/p>\n<h5 style=\"text-align: left;\"><span class=\"titulo\"><a href=\"https:\/\/revistaespiritu.istomas.org\/en\/note-on-the-commentary-on-the-book-of-psalms-of-st-thomas-aquinas\/\">Note on the commentary on the Book of Psalms of St. Thomas Aquinas<\/a><\/span><\/h5>\n<p class=\"autores\">Carlos A. Casanova, Enrique Alarc\u00f3n<\/p>\n<h5><span class=\"titulo\"><a href=\"\/?p=1048\">Hispanic Thomistic Bibliography of the year 2013 (Addenda)<\/a><\/span><\/h5>\n<p>Enrique Alarc\u00f3n<\/p>\n<p>[\/et_pb_text][et_pb_text background_layout=&#8221;light&#8221; text_orientation=&#8221;left&#8221; use_border_color=&#8221;off&#8221; border_color=&#8221;#ffffff&#8221; border_style=&#8221;solid&#8221; background_position=&#8221;top_left&#8221; background_repeat=&#8221;repeat&#8221; background_size=&#8221;initial&#8221;]<\/p>\n<p>[yuzo_related]<\/p>\n<p>[\/et_pb_text][\/et_pb_column][et_pb_column type=&#8221;1_4&#8243;][et_pb_sidebar orientation=&#8221;right&#8221; area=&#8221;sidebar-1&#8243; background_layout=&#8221;light&#8221; remove_border=&#8221;off&#8221; header_font_size=&#8221;16&#8243; show_border=&#8221;on&#8221; \/][\/et_pb_column][\/et_pb_row][\/et_pb_section]<\/p>\n","protected":false},"excerpt":{"rendered":"<p>Year 63 | 2014 Articles The Modal Dimension of Knowledge Enrique Alarc\u00f3n To understand and to demonstrate in Aristotle and saint Thomas Aquinas Jos\u00e9 Mar\u00eda Romero Bar\u00f3 The Knowledge on natural beings according to Thomas Aquinas Lorella Congiunti The Role of Existential Judgments in Knowing the Existence of Beings Tomasz Duma The Existence of Being [&hellip;]<\/p>\n","protected":false},"author":1,"featured_media":0,"parent":0,"menu_order":0,"comment_status":"closed","ping_status":"closed","template":"","meta":{"_et_pb_use_builder":"on","_et_pb_old_content":"","_et_gb_content_width":"","footnotes":""},"categories":[783],"tags":[],"class_list":["post-6854","page","type-page","status-publish","hentry","category-148-2014-en"],"_links":{"self":[{"href":"https:\/\/revistaespiritu.istomas.org\/en\/wp-json\/wp\/v2\/pages\/6854","targetHints":{"allow":["GET"]}}],"collection":[{"href":"https:\/\/revistaespiritu.istomas.org\/en\/wp-json\/wp\/v2\/pages"}],"about":[{"href":"https:\/\/revistaespiritu.istomas.org\/en\/wp-json\/wp\/v2\/types\/page"}],"author":[{"embeddable":true,"href":"https:\/\/revistaespiritu.istomas.org\/en\/wp-json\/wp\/v2\/users\/1"}],"replies":[{"embeddable":true,"href":"https:\/\/revistaespiritu.istomas.org\/en\/wp-json\/wp\/v2\/comments?post=6854"}],"version-history":[{"count":0,"href":"https:\/\/revistaespiritu.istomas.org\/en\/wp-json\/wp\/v2\/pages\/6854\/revisions"}],"wp:attachment":[{"href":"https:\/\/revistaespiritu.istomas.org\/en\/wp-json\/wp\/v2\/media?parent=6854"}],"wp:term":[{"taxonomy":"category","embeddable":true,"href":"https:\/\/revistaespiritu.istomas.org\/en\/wp-json\/wp\/v2\/categories?post=6854"},{"taxonomy":"post_tag","embeddable":true,"href":"https:\/\/revistaespiritu.istomas.org\/en\/wp-json\/wp\/v2\/tags?post=6854"}],"curies":[{"name":"wp","href":"https:\/\/api.w.org\/{rel}","templated":true}]}}