{"id":6139,"date":"2018-04-26T16:48:08","date_gmt":"2018-04-26T16:48:08","guid":{"rendered":"https:\/\/revistaespiritu.istomas.org\/issues-101-120\/"},"modified":"2018-04-26T17:13:56","modified_gmt":"2018-04-26T17:13:56","slug":"issues-101-120","status":"publish","type":"page","link":"https:\/\/revistaespiritu.istomas.org\/en\/issues-101-120\/","title":{"rendered":"Issues 101-120"},"content":{"rendered":"<p>[et_pb_section fb_built=&#8221;1&#8243; fullwidth=&#8221;on&#8221; _builder_version=&#8221;3.0.96&#8243;][et_pb_fullwidth_post_title meta=&#8221;off&#8221; _builder_version=&#8221;3.0.96&#8243; title_font=&#8221;|600||on|||||&#8221; title_text_color=&#8221;#ffffff&#8221; use_background_color_gradient=&#8221;on&#8221; background_color_gradient_start=&#8221;#3c8859&#8243; background_color_gradient_end=&#8221;#062a08&#8243; background_color_gradient_type=&#8221;radial&#8221; text_orientation=&#8221;center&#8221; custom_margin=&#8221;|||&#8221; custom_padding=&#8221;27px||20px|&#8221;][\/et_pb_fullwidth_post_title][et_pb_fullwidth_menu menu_id=&#8221;271&#8243; submenu_direction=&#8221;downwards&#8221; fullwidth_menu=&#8221;off&#8221; active_link_color=&#8221;#ffffff&#8221; _builder_version=&#8221;3.0.98&#8243; menu_text_color=&#8221;#062a08&#8243; background_color=&#8221;rgba(60,136,89,0.22)&#8221; text_orientation=&#8221;center&#8221; custom_margin=&#8221;|||&#8221; custom_padding=&#8221;|||&#8221; global_module=&#8221;1661&#8243; saved_tabs=&#8221;all&#8221;]<\/p>\n<p>[\/et_pb_fullwidth_menu][\/et_pb_section][et_pb_section fb_built=&#8221;1&#8243; _builder_version=&#8221;3.0.47&#8243;][et_pb_row make_equal=&#8221;on&#8221; _builder_version=&#8221;3.0.98&#8243;][et_pb_column type=&#8221;1_4&#8243; _builder_version=&#8221;3.0.47&#8243; parallax=&#8221;off&#8221; parallax_method=&#8221;on&#8221;][et_pb_image src=&#8221;https:\/\/revistaespiritu.istomas.org\/wp-content\/uploads\/2018\/02\/Nu\u0301mero-101-102.jpg&#8221; url=&#8221;https:\/\/revistaespiritu.istomas.org\/en\/espiritu-101-102\/&#8221; _builder_version=&#8221;3.0.100&#8243;][\/et_pb_image][et_pb_text _builder_version=&#8221;3.0.98&#8243;]<\/p>\n<h2 style=\"text-align: center;\"><span style=\"color: #062a08;\"><a style=\"color: #062a08;\" href=\"espiritu-101-102\/\">N\u00fameros 101-102<\/a><\/span><\/h2>\n<h3 style=\"text-align: center;\"><span style=\"color: #3c8859;\">1990<\/span><\/h3>\n<p>[\/et_pb_text][\/et_pb_column][et_pb_column type=&#8221;1_4&#8243; _builder_version=&#8221;3.0.47&#8243; parallax=&#8221;off&#8221; parallax_method=&#8221;on&#8221;][et_pb_image src=&#8221;https:\/\/revistaespiritu.istomas.org\/wp-content\/uploads\/2018\/02\/Nu\u0301mero-103-104.jpg&#8221; url=&#8221;https:\/\/revistaespiritu.istomas.org\/en\/espiritu-103-104\/&#8221; _builder_version=&#8221;3.0.100&#8243;][\/et_pb_image][et_pb_text _builder_version=&#8221;3.0.98&#8243;]<\/p>\n<h2 style=\"text-align: center;\"><span style=\"color: #062a08;\"><a style=\"color: #062a08;\" href=\"espiritu-103-104\/\">N\u00fameros 103-104<\/a><\/span><\/h2>\n<h3 style=\"text-align: center;\"><span style=\"color: #3c8859;\">1991<\/span><\/h3>\n<p>[\/et_pb_text][\/et_pb_column][et_pb_column type=&#8221;1_4&#8243; _builder_version=&#8221;3.0.47&#8243; parallax=&#8221;off&#8221; parallax_method=&#8221;on&#8221;][et_pb_image src=&#8221;https:\/\/revistaespiritu.istomas.org\/wp-content\/uploads\/2018\/02\/Nu\u0301mero-105.jpg&#8221; url=&#8221;https:\/\/revistaespiritu.istomas.org\/en\/espiritu-105\/&#8221; _builder_version=&#8221;3.0.100&#8243;][\/et_pb_image][et_pb_text _builder_version=&#8221;3.0.98&#8243;]<\/p>\n<h2 style=\"text-align: center;\"><span style=\"color: #062a08;\"><a style=\"color: #062a08;\" href=\"espiritu-105\/\">N\u00famero 105<\/a><\/span><\/h2>\n<h3 style=\"text-align: center;\"><span style=\"color: #3c8859;\">1992<\/span><\/h3>\n<p>[\/et_pb_text][\/et_pb_column][et_pb_column type=&#8221;1_4&#8243; _builder_version=&#8221;3.0.47&#8243; parallax=&#8221;off&#8221; parallax_method=&#8221;on&#8221;][et_pb_image src=&#8221;https:\/\/revistaespiritu.istomas.org\/wp-content\/uploads\/2018\/02\/Nu\u0301mero-106.jpg&#8221; url=&#8221;https:\/\/revistaespiritu.istomas.org\/en\/espiritu-106\/&#8221; _builder_version=&#8221;3.0.100&#8243;][\/et_pb_image][et_pb_text _builder_version=&#8221;3.0.98&#8243;]<\/p>\n<h2 style=\"text-align: center;\"><span style=\"color: #062a08;\"><a style=\"color: #062a08;\" href=\"espiritu-106\/\">N\u00famero 106<\/a><\/span><\/h2>\n<h3 style=\"text-align: center;\"><span style=\"color: #3c8859;\">1992<\/span><\/h3>\n<p>[\/et_pb_text][\/et_pb_column][\/et_pb_row][et_pb_row make_equal=&#8221;on&#8221; _builder_version=&#8221;3.0.98&#8243;][et_pb_column type=&#8221;1_4&#8243; _builder_version=&#8221;3.0.47&#8243; parallax=&#8221;off&#8221; parallax_method=&#8221;on&#8221;][et_pb_image src=&#8221;https:\/\/revistaespiritu.istomas.org\/wp-content\/uploads\/2018\/02\/Nu\u0301mero-107.jpg&#8221; url=&#8221;https:\/\/revistaespiritu.istomas.org\/en\/espiritu-107\/&#8221; _builder_version=&#8221;3.0.100&#8243;][\/et_pb_image][et_pb_text _builder_version=&#8221;3.0.98&#8243;]<\/p>\n<h2 style=\"text-align: center;\"><span style=\"color: #062a08;\"><a style=\"color: #062a08;\" href=\"espiritu-107\/\">N\u00famero 107<\/a><\/span><\/h2>\n<h3 style=\"text-align: center;\"><span style=\"color: #3c8859;\">1993<\/span><\/h3>\n<p>[\/et_pb_text][\/et_pb_column][et_pb_column type=&#8221;1_4&#8243; _builder_version=&#8221;3.0.47&#8243; parallax=&#8221;off&#8221; parallax_method=&#8221;on&#8221;][et_pb_image src=&#8221;https:\/\/revistaespiritu.istomas.org\/wp-content\/uploads\/2018\/02\/Nu\u0301mero-108.jpg&#8221; url=&#8221;https:\/\/revistaespiritu.istomas.org\/en\/espiritu-108\/&#8221; _builder_version=&#8221;3.0.100&#8243;][\/et_pb_image][et_pb_text _builder_version=&#8221;3.0.98&#8243;]<\/p>\n<h2 style=\"text-align: center;\"><span style=\"color: #062a08;\"><a style=\"color: #062a08;\" href=\"espiritu-108\/\">N\u00famero 108<\/a><\/span><\/h2>\n<h3 style=\"text-align: center;\"><span style=\"color: #3c8859;\">1993<\/span><\/h3>\n<p>[\/et_pb_text][\/et_pb_column][et_pb_column type=&#8221;1_4&#8243; _builder_version=&#8221;3.0.47&#8243; parallax=&#8221;off&#8221; parallax_method=&#8221;on&#8221;][et_pb_image src=&#8221;https:\/\/revistaespiritu.istomas.org\/wp-content\/uploads\/2018\/02\/Nu\u0301mero-109.jpg&#8221; url=&#8221;https:\/\/revistaespiritu.istomas.org\/en\/espiritu-109\/&#8221; _builder_version=&#8221;3.0.100&#8243;][\/et_pb_image][et_pb_text _builder_version=&#8221;3.0.98&#8243;]<\/p>\n<h2 style=\"text-align: center;\"><span style=\"color: #062a08;\"><a style=\"color: #062a08;\" href=\"espiritu-109\/\">N\u00famero 109<\/a><\/span><\/h2>\n<h3 style=\"text-align: center;\"><span style=\"color: #3c8859;\">1994<\/span><\/h3>\n<p>[\/et_pb_text][\/et_pb_column][et_pb_column type=&#8221;1_4&#8243; _builder_version=&#8221;3.0.47&#8243; parallax=&#8221;off&#8221; parallax_method=&#8221;on&#8221;][et_pb_image src=&#8221;https:\/\/revistaespiritu.istomas.org\/wp-content\/uploads\/2018\/02\/Nu\u0301mero-110.jpg&#8221; url=&#8221;https:\/\/revistaespiritu.istomas.org\/en\/espiritu-110\/&#8221; _builder_version=&#8221;3.0.100&#8243;][\/et_pb_image][et_pb_text _builder_version=&#8221;3.0.98&#8243;]<\/p>\n<h2 style=\"text-align: center;\"><span style=\"color: #062a08;\"><a style=\"color: #062a08;\" href=\"espiritu-110\/\">N\u00famero 110<\/a><\/span><\/h2>\n<h3 style=\"text-align: center;\"><span style=\"color: #3c8859;\">1994<\/span><\/h3>\n<p>[\/et_pb_text][\/et_pb_column][\/et_pb_row][et_pb_row make_equal=&#8221;on&#8221; _builder_version=&#8221;3.0.98&#8243;][et_pb_column type=&#8221;1_4&#8243; _builder_version=&#8221;3.0.47&#8243; parallax=&#8221;off&#8221; parallax_method=&#8221;on&#8221;][et_pb_image src=&#8221;https:\/\/revistaespiritu.istomas.org\/wp-content\/uploads\/2018\/02\/Nu\u0301mero-111.jpg&#8221; url=&#8221;https:\/\/revistaespiritu.istomas.org\/en\/espiritu-111\/&#8221; _builder_version=&#8221;3.0.100&#8243;][\/et_pb_image][et_pb_text _builder_version=&#8221;3.0.98&#8243;]<\/p>\n<h2 style=\"text-align: center;\"><span style=\"color: #062a08;\"><a style=\"color: #062a08;\" href=\"espiritu-111\/\">N\u00famero 111<\/a><\/span><\/h2>\n<h3 style=\"text-align: center;\"><span style=\"color: #3c8859;\">1995<\/span><\/h3>\n<p>[\/et_pb_text][\/et_pb_column][et_pb_column type=&#8221;1_4&#8243; _builder_version=&#8221;3.0.47&#8243; parallax=&#8221;off&#8221; parallax_method=&#8221;on&#8221;][et_pb_image src=&#8221;https:\/\/revistaespiritu.istomas.org\/wp-content\/uploads\/2018\/02\/Nu\u0301mero-112.jpg&#8221; url=&#8221;https:\/\/revistaespiritu.istomas.org\/en\/espiritu-112\/&#8221; _builder_version=&#8221;3.0.100&#8243;][\/et_pb_image][et_pb_text _builder_version=&#8221;3.0.98&#8243;]<\/p>\n<h2 style=\"text-align: center;\"><span style=\"color: #062a08;\"><a style=\"color: #062a08;\" href=\"espiritu-112\/\">N\u00famero 112<\/a><\/span><\/h2>\n<h3 style=\"text-align: center;\"><span style=\"color: #3c8859;\">1995<\/span><\/h3>\n<p>[\/et_pb_text][\/et_pb_column][et_pb_column type=&#8221;1_4&#8243; _builder_version=&#8221;3.0.47&#8243; parallax=&#8221;off&#8221; parallax_method=&#8221;on&#8221;][et_pb_image src=&#8221;https:\/\/revistaespiritu.istomas.org\/wp-content\/uploads\/2018\/02\/Nu\u0301mero-113.jpg&#8221; url=&#8221;https:\/\/revistaespiritu.istomas.org\/en\/espiritu-113\/&#8221; _builder_version=&#8221;3.0.100&#8243;][\/et_pb_image][et_pb_text _builder_version=&#8221;3.0.98&#8243;]<\/p>\n<h2 style=\"text-align: center;\"><span style=\"color: #062a08;\"><a style=\"color: #062a08;\" href=\"espiritu-113\/\">N\u00famero 113<\/a><\/span><\/h2>\n<h3 style=\"text-align: center;\"><span style=\"color: #3c8859;\">1996<\/span><\/h3>\n<p>[\/et_pb_text][\/et_pb_column][et_pb_column type=&#8221;1_4&#8243; _builder_version=&#8221;3.0.47&#8243; parallax=&#8221;off&#8221; parallax_method=&#8221;on&#8221;][et_pb_image src=&#8221;https:\/\/revistaespiritu.istomas.org\/wp-content\/uploads\/2018\/02\/Nu\u0301mero-114.jpg&#8221; url=&#8221;https:\/\/revistaespiritu.istomas.org\/en\/espiritu-114\/&#8221; _builder_version=&#8221;3.0.100&#8243;][\/et_pb_image][et_pb_text _builder_version=&#8221;3.0.98&#8243;]<\/p>\n<h2 style=\"text-align: center;\"><span style=\"color: #062a08;\"><a style=\"color: #062a08;\" href=\"espiritu-114\/\">N\u00famero 114<\/a><\/span><\/h2>\n<h3 style=\"text-align: center;\"><span style=\"color: #3c8859;\">1996<\/span><\/h3>\n<p>[\/et_pb_text][\/et_pb_column][\/et_pb_row][et_pb_row make_equal=&#8221;on&#8221; _builder_version=&#8221;3.0.98&#8243;][et_pb_column type=&#8221;1_4&#8243; _builder_version=&#8221;3.0.47&#8243; parallax=&#8221;off&#8221; parallax_method=&#8221;on&#8221;][et_pb_image src=&#8221;https:\/\/revistaespiritu.istomas.org\/wp-content\/uploads\/2018\/02\/Nu\u0301mero-115.jpg&#8221; url=&#8221;https:\/\/revistaespiritu.istomas.org\/en\/espiritu-115\/&#8221; _builder_version=&#8221;3.0.100&#8243;][\/et_pb_image][et_pb_text _builder_version=&#8221;3.0.98&#8243;]<\/p>\n<h2 style=\"text-align: center;\"><span style=\"color: #062a08;\"><a style=\"color: #062a08;\" href=\"espiritu-115\/\">N\u00famero 115<\/a><\/span><\/h2>\n<h3 style=\"text-align: center;\"><span style=\"color: #3c8859;\">1997<\/span><\/h3>\n<p>[\/et_pb_text][\/et_pb_column][et_pb_column type=&#8221;1_4&#8243; _builder_version=&#8221;3.0.47&#8243; parallax=&#8221;off&#8221; parallax_method=&#8221;on&#8221;][et_pb_image src=&#8221;https:\/\/revistaespiritu.istomas.org\/wp-content\/uploads\/2018\/02\/Nu\u0301mero-116.jpg&#8221; url=&#8221;https:\/\/revistaespiritu.istomas.org\/en\/espiritu-116\/&#8221; _builder_version=&#8221;3.0.100&#8243;][\/et_pb_image][et_pb_text _builder_version=&#8221;3.0.98&#8243;]<\/p>\n<h2 style=\"text-align: center;\"><span style=\"color: #062a08;\"><a style=\"color: #062a08;\" href=\"espiritu-116\/\">N\u00famero 116<\/a><\/span><\/h2>\n<h3 style=\"text-align: center;\"><span style=\"color: #3c8859;\">1997<\/span><\/h3>\n<p>[\/et_pb_text][\/et_pb_column][et_pb_column type=&#8221;1_4&#8243; _builder_version=&#8221;3.0.47&#8243; parallax=&#8221;off&#8221; parallax_method=&#8221;on&#8221;][et_pb_image src=&#8221;https:\/\/revistaespiritu.istomas.org\/wp-content\/uploads\/2018\/02\/Nu\u0301mero117-01.jpg&#8221; url=&#8221;https:\/\/revistaespiritu.istomas.org\/en\/espiritu-117\/&#8221; _builder_version=&#8221;3.0.100&#8243;][\/et_pb_image][et_pb_text _builder_version=&#8221;3.0.98&#8243;]<\/p>\n<h2 style=\"text-align: center;\"><span style=\"color: #062a08;\"><a style=\"color: #062a08;\" href=\"espiritu-117\/\">N\u00famero 117<\/a><\/span><\/h2>\n<h3 style=\"text-align: center;\"><span style=\"color: #3c8859;\">1998<\/span><\/h3>\n<p>[\/et_pb_text][\/et_pb_column][et_pb_column type=&#8221;1_4&#8243; _builder_version=&#8221;3.0.47&#8243; parallax=&#8221;off&#8221; parallax_method=&#8221;on&#8221;][et_pb_image src=&#8221;https:\/\/revistaespiritu.istomas.org\/wp-content\/uploads\/2018\/02\/Nu\u0301mero118-01.jpg&#8221; url=&#8221;https:\/\/revistaespiritu.istomas.org\/en\/espiritu-118\/&#8221; _builder_version=&#8221;3.0.100&#8243;][\/et_pb_image][et_pb_text _builder_version=&#8221;3.0.98&#8243;]<\/p>\n<h2 style=\"text-align: center;\"><span style=\"color: #062a08;\"><a style=\"color: #062a08;\" href=\"espiritu-118\/\">N\u00famero 118<\/a><\/span><\/h2>\n<h3 style=\"text-align: center;\"><span style=\"color: #3c8859;\">1998<\/span><\/h3>\n<p>[\/et_pb_text][\/et_pb_column][\/et_pb_row][et_pb_row make_equal=&#8221;on&#8221; _builder_version=&#8221;3.0.98&#8243;][et_pb_column type=&#8221;1_4&#8243; _builder_version=&#8221;3.0.47&#8243; parallax=&#8221;off&#8221; parallax_method=&#8221;on&#8221;][et_pb_image src=&#8221;https:\/\/revistaespiritu.istomas.org\/wp-content\/uploads\/2018\/02\/Nu\u0301mero119-01.jpg&#8221; url=&#8221;https:\/\/revistaespiritu.istomas.org\/en\/espiritu-119\/&#8221; _builder_version=&#8221;3.0.100&#8243;][\/et_pb_image][et_pb_text _builder_version=&#8221;3.0.98&#8243;]<\/p>\n<h2 style=\"text-align: center;\"><span style=\"color: #062a08;\"><a style=\"color: #062a08;\" href=\"espiritu-119\/\">N\u00famero 119<\/a><\/span><\/h2>\n<h3 style=\"text-align: center;\"><span style=\"color: #3c8859;\">1999<\/span><\/h3>\n<p>[\/et_pb_text][\/et_pb_column][et_pb_column type=&#8221;1_4&#8243; _builder_version=&#8221;3.0.47&#8243; parallax=&#8221;off&#8221; parallax_method=&#8221;on&#8221;][et_pb_image src=&#8221;https:\/\/revistaespiritu.istomas.org\/wp-content\/uploads\/2018\/02\/120.jpg&#8221; url=&#8221;https:\/\/revistaespiritu.istomas.org\/en\/espiritu-120\/&#8221; _builder_version=&#8221;3.0.100&#8243;][\/et_pb_image][et_pb_text _builder_version=&#8221;3.0.98&#8243;]<\/p>\n<h2 style=\"text-align: center;\"><span style=\"color: #062a08;\"><a style=\"color: #062a08;\" href=\"espiritu-120\/\">N\u00famero 120<\/a><\/span><\/h2>\n<h3 style=\"text-align: center;\"><span style=\"color: #3c8859;\">1999<\/span><\/h3>\n<p>[\/et_pb_text][\/et_pb_column][et_pb_column type=&#8221;1_4&#8243; _builder_version=&#8221;3.0.47&#8243; parallax=&#8221;off&#8221; parallax_method=&#8221;on&#8221;][\/et_pb_column][et_pb_column type=&#8221;1_4&#8243; _builder_version=&#8221;3.0.47&#8243; parallax=&#8221;off&#8221; parallax_method=&#8221;on&#8221;][\/et_pb_column][\/et_pb_row][\/et_pb_section]<\/p>\n","protected":false},"excerpt":{"rendered":"<p>N\u00fameros 101-102 1990N\u00fameros 103-104 1991N\u00famero 105 1992N\u00famero 106 1992N\u00famero 107 1993N\u00famero 108 1993N\u00famero 109 1994N\u00famero 110 1994N\u00famero 111 1995N\u00famero 112 1995N\u00famero 113 1996N\u00famero 114 1996N\u00famero 115 1997N\u00famero 116 1997N\u00famero 117 1998N\u00famero 118 1998N\u00famero 119 1999N\u00famero 120 1999<\/p>\n","protected":false},"author":1,"featured_media":0,"parent":0,"menu_order":0,"comment_status":"closed","ping_status":"closed","template":"","meta":{"_et_pb_use_builder":"on","_et_pb_old_content":"","_et_gb_content_width":"","footnotes":""},"categories":[],"tags":[],"class_list":["post-6139","page","type-page","status-publish","hentry"],"_links":{"self":[{"href":"https:\/\/revistaespiritu.istomas.org\/en\/wp-json\/wp\/v2\/pages\/6139","targetHints":{"allow":["GET"]}}],"collection":[{"href":"https:\/\/revistaespiritu.istomas.org\/en\/wp-json\/wp\/v2\/pages"}],"about":[{"href":"https:\/\/revistaespiritu.istomas.org\/en\/wp-json\/wp\/v2\/types\/page"}],"author":[{"embeddable":true,"href":"https:\/\/revistaespiritu.istomas.org\/en\/wp-json\/wp\/v2\/users\/1"}],"replies":[{"embeddable":true,"href":"https:\/\/revistaespiritu.istomas.org\/en\/wp-json\/wp\/v2\/comments?post=6139"}],"version-history":[{"count":0,"href":"https:\/\/revistaespiritu.istomas.org\/en\/wp-json\/wp\/v2\/pages\/6139\/revisions"}],"wp:attachment":[{"href":"https:\/\/revistaespiritu.istomas.org\/en\/wp-json\/wp\/v2\/media?parent=6139"}],"wp:term":[{"taxonomy":"category","embeddable":true,"href":"https:\/\/revistaespiritu.istomas.org\/en\/wp-json\/wp\/v2\/categories?post=6139"},{"taxonomy":"post_tag","embeddable":true,"href":"https:\/\/revistaespiritu.istomas.org\/en\/wp-json\/wp\/v2\/tags?post=6139"}],"curies":[{"name":"wp","href":"https:\/\/api.w.org\/{rel}","templated":true}]}}