{"id":5970,"date":"2018-04-26T11:26:31","date_gmt":"2018-04-26T11:26:31","guid":{"rendered":"https:\/\/revistaespiritu.istomas.org\/espiritu-subscription-order-form\/"},"modified":"2021-01-23T14:18:46","modified_gmt":"2021-01-23T12:18:46","slug":"espiritu-subscription-order-form","status":"publish","type":"page","link":"https:\/\/revistaespiritu.istomas.org\/en\/espiritu-subscription-order-form\/","title":{"rendered":"Espiritu subscription order form"},"content":{"rendered":"<p>[et_pb_section bb_built=&#8221;1&#8243; fullwidth=&#8221;on&#8221; _builder_version=&#8221;3.0.96&#8243; next_background_color=&#8221;#000000&#8243;][et_pb_fullwidth_post_title meta=&#8221;off&#8221; _builder_version=&#8221;3.0.96&#8243; title_font=&#8221;|600||on|||||&#8221; title_text_color=&#8221;#ffffff&#8221; use_background_color_gradient=&#8221;on&#8221; background_color_gradient_start=&#8221;#3c8859&#8243; background_color_gradient_end=&#8221;#062a08&#8243; background_color_gradient_type=&#8221;radial&#8221; text_orientation=&#8221;center&#8221; custom_margin=&#8221;|||&#8221; custom_padding=&#8221;27px||20px|&#8221;][\/et_pb_fullwidth_post_title][\/et_pb_section][et_pb_section bb_built=&#8221;1&#8243; _builder_version=&#8221;3.0.47&#8243; prev_background_color=&#8221;#000000&#8243;][et_pb_row _builder_version=&#8221;3.0.98&#8243; background_size=&#8221;initial&#8221; background_position=&#8221;top_left&#8221; background_repeat=&#8221;repeat&#8221;][et_pb_column type=&#8221;4_4&#8243;][et_pb_text _builder_version=&#8221;3.0.98&#8243;]<\/p>\n<form action=\"https:\/\/www.paypal.com\/cgi-bin\/webscr\" method=\"post\" target=\"_top\"><input name=\"cmd\" type=\"hidden\" value=\"_s-xclick\" \/><\/p>\n<div class=\"et_pb_text et_pb_module et_pb_bg_layout_light et_pb_text_align_left et_pb_text_1\">\n<div class=\"et_pb_text_inner\">\n<p style=\"text-align: center;\"><strong>If you wish to subscribe to or acquire single issue of <em>Esp\u00edritu<\/em>, please complete the following\u00a0form<br \/>\n<\/strong><span lang=\"en\">The payment can then be made in two ways:<br \/>\n1. Via Paypal, choosing the subscription type and clicking the button<br \/>\n2. By bank transfer.<\/span><\/p>\n<\/div>\n<\/div>\n<\/form>\n<p>[\/et_pb_text][et_pb_text _builder_version=&#8221;3.5&#8243;]<\/p>\n\n<div class=\"wpcf7 no-js\" id=\"wpcf7-f6276-o1\" lang=\"es-ES\" dir=\"ltr\" data-wpcf7-id=\"6276\">\n<div class=\"screen-reader-response\"><p role=\"status\" aria-live=\"polite\" aria-atomic=\"true\"><\/p> <ul><\/ul><\/div>\n<form action=\"\/en\/wp-json\/wp\/v2\/pages\/5970#wpcf7-f6276-o1\" method=\"post\" class=\"wpcf7-form init\" aria-label=\"Formulario de contacto\" novalidate=\"novalidate\" data-status=\"init\">\n<fieldset class=\"hidden-fields-container\"><input type=\"hidden\" name=\"_wpcf7\" value=\"6276\" \/><input type=\"hidden\" name=\"_wpcf7_version\" value=\"6.1.5\" \/><input type=\"hidden\" name=\"_wpcf7_locale\" value=\"es_ES\" \/><input type=\"hidden\" name=\"_wpcf7_unit_tag\" value=\"wpcf7-f6276-o1\" \/><input type=\"hidden\" name=\"_wpcf7_container_post\" value=\"0\" \/><input type=\"hidden\" name=\"_wpcf7_posted_data_hash\" value=\"\" \/><input type=\"hidden\" name=\"_wpcf7_recaptcha_response\" value=\"\" \/>\n<\/fieldset>\n<div class=\"media-columna\">\n\t<p><label> Name and surname<br \/>\n<span class=\"wpcf7-form-control-wrap\" data-name=\"your-name\"><input size=\"40\" maxlength=\"400\" class=\"wpcf7-form-control wpcf7-text wpcf7-validates-as-required\" aria-required=\"true\" aria-invalid=\"false\" value=\"\" type=\"text\" name=\"your-name\" \/><\/span> <\/label>\n\t<\/p>\n<\/div>\n<div class=\"media-columna last\">\n\t<p><label> Id number<br \/>\n<span class=\"wpcf7-form-control-wrap\" data-name=\"text-nif\"><input size=\"40\" maxlength=\"400\" class=\"wpcf7-form-control wpcf7-text wpcf7-validates-as-required\" aria-required=\"true\" aria-invalid=\"false\" value=\"\" type=\"text\" name=\"text-nif\" \/><\/span><\/label>\n\t<\/p>\n<\/div>\n<p><label> Address<br \/>\n<span class=\"wpcf7-form-control-wrap\" data-name=\"text-domicilio\"><input size=\"40\" maxlength=\"400\" class=\"wpcf7-form-control wpcf7-text wpcf7-validates-as-required\" aria-required=\"true\" aria-invalid=\"false\" value=\"\" type=\"text\" name=\"text-domicilio\" \/><\/span><\/label>\n<\/p>\n<div class=\"media-columna\">\n\t<p><label> City<br \/>\n<span class=\"wpcf7-form-control-wrap\" data-name=\"text-localidad\"><input size=\"40\" maxlength=\"400\" class=\"wpcf7-form-control wpcf7-text wpcf7-validates-as-required\" aria-required=\"true\" aria-invalid=\"false\" value=\"\" type=\"text\" name=\"text-localidad\" \/><\/span><\/label>\n\t<\/p>\n<\/div>\n<div class=\"media-columna last\">\n\t<p><label> State<br \/>\n<span class=\"wpcf7-form-control-wrap\" data-name=\"text-provincia\"><input size=\"40\" maxlength=\"400\" class=\"wpcf7-form-control wpcf7-text wpcf7-validates-as-required\" aria-required=\"true\" aria-invalid=\"false\" value=\"\" type=\"text\" name=\"text-provincia\" \/><\/span><\/label>\n\t<\/p>\n<\/div>\n<div class=\"media-columna\">\n\t<p><label> Zip Code<br \/>\n<span class=\"wpcf7-form-control-wrap\" data-name=\"text-postal\"><input size=\"40\" maxlength=\"400\" class=\"wpcf7-form-control wpcf7-text wpcf7-validates-as-required\" aria-required=\"true\" aria-invalid=\"false\" value=\"\" type=\"text\" name=\"text-postal\" \/><\/span><\/label>\n\t<\/p>\n<\/div>\n<div class=\"media-columna last\">\n\t<p><label> Country<br \/>\n<span class=\"wpcf7-form-control-wrap\" data-name=\"text-440\"><input size=\"40\" maxlength=\"400\" class=\"wpcf7-form-control wpcf7-text wpcf7-validates-as-required\" aria-required=\"true\" aria-invalid=\"false\" value=\"\" type=\"text\" name=\"text-440\" \/><\/span><\/label>\n\t<\/p>\n<\/div>\n<div class=\"media-columna\">\n\t<p><label> Telephone number<br \/>\n<span class=\"wpcf7-form-control-wrap\" data-name=\"tel-524\"><input size=\"40\" maxlength=\"400\" class=\"wpcf7-form-control wpcf7-tel wpcf7-validates-as-required wpcf7-text wpcf7-validates-as-tel\" aria-required=\"true\" aria-invalid=\"false\" value=\"\" type=\"tel\" name=\"tel-524\" \/><\/span><\/label>\n\t<\/p>\n<\/div>\n<div class=\"media-columna last\">\n\t<p><label> Email<br \/>\n<span class=\"wpcf7-form-control-wrap\" data-name=\"your-email\"><input size=\"40\" maxlength=\"400\" class=\"wpcf7-form-control wpcf7-email wpcf7-validates-as-required wpcf7-text wpcf7-validates-as-email\" aria-required=\"true\" aria-invalid=\"false\" value=\"\" type=\"email\" name=\"your-email\" \/><\/span><\/label>\n\t<\/p>\n<\/div>\n<p><input class=\"wpcf7-form-control wpcf7-submit has-spinner\" type=\"submit\" value=\"I wish to subscribe!\" \/>\n<\/p><div class=\"wpcf7-response-output\" aria-hidden=\"true\"><\/div>\n<\/form>\n<\/div>\n\n<p>[\/et_pb_text][\/et_pb_column][\/et_pb_row][et_pb_row custom_padding=&#8221;30px|||&#8221; _builder_version=&#8221;3.0.98&#8243;][et_pb_column type=&#8221;1_2&#8243;][et_pb_text _builder_version=&#8221;3.0.98&#8243;]<\/p>\n<h3>PayPal<\/h3>\n<form action=\"https:\/\/www.paypal.com\/cgi-bin\/webscr\" method=\"post\" target=\"_top\"><input name=\"cmd\" type=\"hidden\" value=\"_s-xclick\" \/><br \/>\n<input name=\"hosted_button_id\" type=\"hidden\" value=\"EH7C6B7DCFEA4\" \/><\/p>\n<table>\n<tbody>\n<tr>\n<td><input name=\"on0\" type=\"hidden\" value=\"Modalidades\" \/>Options<\/td>\n<\/tr>\n<tr>\n<td><select name=\"os0\"><option value=\"ESP\">Spain : \u20ac30,00 EUR &#8211; annually<\/option><option value=\"Extranjero\">Abroad : \u20ac50,00 EUR &#8211; annually<\/option><option value=\"Protector\">Collaborative : \u20ac100,00 EUR &#8211; annually<\/option><\/select><\/td>\n<\/tr>\n<\/tbody>\n<\/table>\n<p><input name=\"currency_code\" type=\"hidden\" value=\"EUR\" \/><br \/>\n<input alt=\"PayPal, la forma r\u00e1pida y segura de pagar en Internet.\" name=\"submit\" src=\"https:\/\/www.paypalobjects.com\/en_US\/i\/btn\/btn_subscribe_LG.gif\" type=\"image\" \/><br \/>\n<img decoding=\"async\" data-src=\"https:\/\/www.paypalobjects.com\/en_US\/i\/scr\/pixel.gif\" alt=\"\" width=\"1\" height=\"1\" border=\"0\" src=\"data:image\/svg+xml;base64,PHN2ZyB3aWR0aD0iMSIgaGVpZ2h0PSIxIiB4bWxucz0iaHR0cDovL3d3dy53My5vcmcvMjAwMC9zdmciPjwvc3ZnPg==\" class=\"lazyload\" style=\"--smush-placeholder-width: 1px; --smush-placeholder-aspect-ratio: 1\/1;\" \/><\/p>\n<\/form>\n<p>[\/et_pb_text][\/et_pb_column][et_pb_column type=&#8221;1_2&#8243;][et_pb_text _builder_version=&#8221;3.0.98&#8243;]<\/p>\n<h3><span style=\"color: #3c8859;\"><strong>Bank transfer<\/strong><\/span><\/h3>\n<p>Enter the corresponding amount:<br \/>\n<strong>\u00b7 Annual subscription from Spain: 30\u20ac<\/strong><br \/>\n<strong>\u00b7 Annual subscription from abroad: 50 \u20ac<\/strong><br \/>\n<strong>\u00b7 Collaborative subscritpion: 100\u20ac<\/strong><\/p>\n<p>Beneficiary: Fundaci\u00f3n Balmesiana<br \/>\nBank account: La Caixa <strong>ES02 2100 0900 96 0211275231<\/strong><br \/>\nConcept or purpose:<strong> First name + Last name. Subscription Esp\u00edritu<\/strong><\/p>\n<p>[\/et_pb_text][\/et_pb_column][\/et_pb_row][et_pb_row][et_pb_column type=&#8221;4_4&#8243;][et_pb_text _builder_version=&#8221;3.5&#8243;]<\/p>\n<div class=\"vc_col-sm-6 wpb_column vc_column_container\">\n<div class=\"vc_column-inner\">\n<div class=\"wpb_wrapper\">\n<div class=\"wpb_text_column \">\n<div class=\"wpb_wrapper\">\n<p><strong>Informaci\u00f3n sobre protecci\u00f3n de datos y consentimiento para su tratamiento<\/strong><\/p>\n<p>La <strong><em>Fundaci\u00f3n Balmesiana <\/em><\/strong>es la entidad responsable del tratamiento de los datos que nos proporciona en este acto, seg\u00fan la <a href=\"https:\/\/revistaespiritu.istomas.org\/en\/politica-de-privacidad\/\"><strong>pol\u00edtica de privacidad<\/strong><\/a> de la instituci\u00f3n. La recogida y tratamiento de estos datos tiene como finalidad la gesti\u00f3n, prestaci\u00f3n, ampliaci\u00f3n y mejora de los servicios solicitados.<\/p>\n<p>Los datos proporcionados se conservar\u00e1n en los ficheros correspondientes mientras se mantenga la relaci\u00f3n contractual o durante los a\u00f1os necesarios para cumplir con las obligaciones legales. Los datos no se ceder\u00e1n a terceros salvo en los casos en que exista una obligaci\u00f3n legal.<\/p>\n<p>Usted podr\u00e1 ejercer en todo momento, previa presentaci\u00f3n de su documento nacional de identidad o pasaporte, los derechos de acceso, rectificaci\u00f3n, cancelaci\u00f3n, oposici\u00f3n, limitaci\u00f3n o portabilidad dirigi\u00e9ndose a la Secretar\u00eda de la Fundaci\u00f3n Balmesiana en la direcci\u00f3n, calle Duran i Bas, 9, 08002, Barcelona (Espa\u00f1a), tel\u00e9fono: 93.302.68.40 o por correo electr\u00f3nico: secretaria@istomas.org.<\/p>\n<p>Asimismo, solicito su autorizaci\u00f3n para ofrecerle productos y servicios relacionados con los solicitados como: invitaci\u00f3n a actos acad\u00e9micos o inscripci\u00f3n a cursos y congresos organizados por el <em>Instituto Santo Tom\u00e1s <\/em>de la <em>Fundaci\u00f3n Balmesiana<\/em>, suscripci\u00f3n a la revista <em>Esp\u00edritu <\/em>o adquisici\u00f3n de otras publicaciones, etc.<\/p>\n<\/div>\n<\/div>\n<\/div>\n<\/div>\n<\/div>\n<p>[\/et_pb_text][\/et_pb_column][\/et_pb_row][\/et_pb_section]<\/p>\n","protected":false},"excerpt":{"rendered":"<p>If you wish to subscribe to or acquire single issue of Esp\u00edritu, please complete the following\u00a0form The payment can then be made in two ways: 1. Via Paypal, choosing the subscription type and clicking the button 2. By bank transfer. \n<div class=\"wpcf7 no-js\" id=\"wpcf7-f6276-o2\" lang=\"es-ES\" dir=\"ltr\" data-wpcf7-id=\"6276\">\n<div class=\"screen-reader-response\"><p role=\"status\" aria-live=\"polite\" aria-atomic=\"true\"><\/p> <ul><\/ul><\/div>\n<form action=\"\/en\/wp-json\/wp\/v2\/pages\/5970#wpcf7-f6276-o2\" method=\"post\" class=\"wpcf7-form init\" aria-label=\"Formulario de contacto\" novalidate=\"novalidate\" data-status=\"init\">\n<fieldset class=\"hidden-fields-container\"><input type=\"hidden\" name=\"_wpcf7\" value=\"6276\" \/><input type=\"hidden\" name=\"_wpcf7_version\" value=\"6.1.5\" \/><input type=\"hidden\" name=\"_wpcf7_locale\" value=\"es_ES\" \/><input type=\"hidden\" name=\"_wpcf7_unit_tag\" value=\"wpcf7-f6276-o2\" \/><input type=\"hidden\" name=\"_wpcf7_container_post\" value=\"0\" \/><input type=\"hidden\" name=\"_wpcf7_posted_data_hash\" value=\"\" \/><input type=\"hidden\" name=\"_wpcf7_recaptcha_response\" value=\"\" \/>\n<\/fieldset>\n<div class=\"media-columna\">\n\t<p><label> Name and surname<br \/>\n<span class=\"wpcf7-form-control-wrap\" data-name=\"your-name\"><input size=\"40\" maxlength=\"400\" class=\"wpcf7-form-control wpcf7-text wpcf7-validates-as-required\" aria-required=\"true\" aria-invalid=\"false\" value=\"\" type=\"text\" name=\"your-name\" \/><\/span> <\/label>\n\t<\/p>\n<\/div>\n<div class=\"media-columna last\">\n\t<p><label> Id number<br \/>\n<span class=\"wpcf7-form-control-wrap\" data-name=\"text-nif\"><input size=\"40\" maxlength=\"400\" class=\"wpcf7-form-control wpcf7-text wpcf7-validates-as-required\" aria-required=\"true\" aria-invalid=\"false\" value=\"\" type=\"text\" name=\"text-nif\" \/><\/span><\/label>\n\t<\/p>\n<\/div>\n<p><label> Address<br \/>\n<span class=\"wpcf7-form-control-wrap\" data-name=\"text-domicilio\"><input size=\"40\" maxlength=\"400\" class=\"wpcf7-form-control wpcf7-text wpcf7-validates-as-required\" aria-required=\"true\" aria-invalid=\"false\" value=\"\" type=\"text\" name=\"text-domicilio\" \/><\/span><\/label>\n<\/p>\n<div class=\"media-columna\">\n\t<p><label> City<br \/>\n<span class=\"wpcf7-form-control-wrap\" data-name=\"text-localidad\"><input size=\"40\" maxlength=\"400\" class=\"wpcf7-form-control wpcf7-text wpcf7-validates-as-required\" aria-required=\"true\" aria-invalid=\"false\" value=\"\" type=\"text\" name=\"text-localidad\" \/><\/span><\/label>\n\t<\/p>\n<\/div>\n<div class=\"media-columna last\">\n\t<p><label> State<br \/>\n<span class=\"wpcf7-form-control-wrap\" data-name=\"text-provincia\"><input size=\"40\" maxlength=\"400\" class=\"wpcf7-form-control wpcf7-text wpcf7-validates-as-required\" aria-required=\"true\" aria-invalid=\"false\" value=\"\" type=\"text\" name=\"text-provincia\" \/><\/span><\/label>\n\t<\/p>\n<\/div>\n<div class=\"media-columna\">\n\t<p><label> Zip Code<br \/>\n<span class=\"wpcf7-form-control-wrap\" data-name=\"text-postal\"><input size=\"40\" maxlength=\"400\" class=\"wpcf7-form-control wpcf7-text wpcf7-validates-as-required\" aria-required=\"true\" aria-invalid=\"false\" value=\"\" type=\"text\" name=\"text-postal\" \/><\/span><\/label>\n\t<\/p>\n<\/div>\n<div class=\"media-columna last\">\n\t<p><label> Country<br \/>\n<span class=\"wpcf7-form-control-wrap\" data-name=\"text-440\"><input size=\"40\" maxlength=\"400\" class=\"wpcf7-form-control wpcf7-text wpcf7-validates-as-required\" aria-required=\"true\" aria-invalid=\"false\" value=\"\" type=\"text\" name=\"text-440\" \/><\/span><\/label>\n\t<\/p>\n<\/div>\n<div class=\"media-columna\">\n\t<p><label> Telephone number<br \/>\n<span class=\"wpcf7-form-control-wrap\" data-name=\"tel-524\"><input size=\"40\" maxlength=\"400\" class=\"wpcf7-form-control wpcf7-tel wpcf7-validates-as-required wpcf7-text wpcf7-validates-as-tel\" aria-required=\"true\" aria-invalid=\"false\" value=\"\" type=\"tel\" name=\"tel-524\" \/><\/span><\/label>\n\t<\/p>\n<\/div>\n<div class=\"media-columna last\">\n\t<p><label> Email<br \/>\n<span class=\"wpcf7-form-control-wrap\" data-name=\"your-email\"><input size=\"40\" maxlength=\"400\" class=\"wpcf7-form-control wpcf7-email wpcf7-validates-as-required wpcf7-text wpcf7-validates-as-email\" aria-required=\"true\" aria-invalid=\"false\" value=\"\" type=\"email\" name=\"your-email\" \/><\/span><\/label>\n\t<\/p>\n<\/div>\n<p><input class=\"wpcf7-form-control wpcf7-submit has-spinner\" type=\"submit\" value=\"I wish to subscribe!\" \/>\n<\/p><div class=\"wpcf7-response-output\" aria-hidden=\"true\"><\/div>\n<\/form>\n<\/div>\n PayPal Options Spain : \u20ac30,00 EUR &#8211; annually Abroad : \u20ac50,00 [&hellip;]<\/p>\n","protected":false},"author":1,"featured_media":0,"parent":0,"menu_order":0,"comment_status":"closed","ping_status":"closed","template":"","meta":{"_et_pb_use_builder":"on","_et_pb_old_content":"","_et_gb_content_width":"","footnotes":""},"class_list":["post-5970","page","type-page","status-publish","hentry"],"_links":{"self":[{"href":"https:\/\/revistaespiritu.istomas.org\/en\/wp-json\/wp\/v2\/pages\/5970","targetHints":{"allow":["GET"]}}],"collection":[{"href":"https:\/\/revistaespiritu.istomas.org\/en\/wp-json\/wp\/v2\/pages"}],"about":[{"href":"https:\/\/revistaespiritu.istomas.org\/en\/wp-json\/wp\/v2\/types\/page"}],"author":[{"embeddable":true,"href":"https:\/\/revistaespiritu.istomas.org\/en\/wp-json\/wp\/v2\/users\/1"}],"replies":[{"embeddable":true,"href":"https:\/\/revistaespiritu.istomas.org\/en\/wp-json\/wp\/v2\/comments?post=5970"}],"version-history":[{"count":0,"href":"https:\/\/revistaespiritu.istomas.org\/en\/wp-json\/wp\/v2\/pages\/5970\/revisions"}],"wp:attachment":[{"href":"https:\/\/revistaespiritu.istomas.org\/en\/wp-json\/wp\/v2\/media?parent=5970"}],"curies":[{"name":"wp","href":"https:\/\/api.w.org\/{rel}","templated":true}]}}