{"id":5946,"date":"2018-04-26T08:58:59","date_gmt":"2018-04-26T08:58:59","guid":{"rendered":"https:\/\/revistaespiritu.istomas.org\/exchange-journals\/"},"modified":"2018-04-26T08:59:05","modified_gmt":"2018-04-26T08:59:05","slug":"exchange-journals","status":"publish","type":"page","link":"https:\/\/revistaespiritu.istomas.org\/en\/exchange-journals\/","title":{"rendered":"Exchange journals"},"content":{"rendered":"<p>[et_pb_section fb_built=&#8221;1&#8243; fullwidth=&#8221;on&#8221; _builder_version=&#8221;3.0.96&#8243;][et_pb_fullwidth_post_title meta=&#8221;off&#8221; _builder_version=&#8221;3.0.96&#8243; title_font=&#8221;|600||on|||||&#8221; title_text_color=&#8221;#ffffff&#8221; use_background_color_gradient=&#8221;on&#8221; background_color_gradient_start=&#8221;#3c8859&#8243; background_color_gradient_end=&#8221;#062a08&#8243; background_color_gradient_type=&#8221;radial&#8221; text_orientation=&#8221;center&#8221; custom_margin=&#8221;|||&#8221; custom_padding=&#8221;27px||20px|&#8221;][\/et_pb_fullwidth_post_title][et_pb_fullwidth_menu menu_id=&#8221;267&#8243; fullwidth_menu=&#8221;off&#8221; active_link_color=&#8221;#ffffff&#8221; _builder_version=&#8221;3.0.98&#8243; menu_font=&#8221;||||||||&#8221; menu_text_color=&#8221;#062a08&#8243; background_color=&#8221;rgba(60,136,89,0.22)&#8221; text_orientation=&#8221;center&#8221; custom_margin=&#8221;|||&#8221; custom_padding=&#8221;|||&#8221; global_module=&#8221;1618&#8243;][\/et_pb_fullwidth_menu][\/et_pb_section][et_pb_section fb_built=&#8221;1&#8243; _builder_version=&#8221;3.0.96&#8243;][et_pb_row _builder_version=&#8221;3.0.47&#8243; background_size=&#8221;initial&#8221; background_position=&#8221;top_left&#8221; background_repeat=&#8221;repeat&#8221;][et_pb_column type=&#8221;1_4&#8243; _builder_version=&#8221;3.0.47&#8243; parallax=&#8221;off&#8221; parallax_method=&#8221;on&#8221;][et_pb_text _builder_version=&#8221;3.0.96&#8243;]ACTA PHILOSOPHICA (ITALY)<\/p>\n<p>AGORA. PAPELES DE FILOSOFIA (SPAIN)<\/p>\n<p>ALBERTUS MAGNUS (COLOMBIA)<\/p>\n<p>ALPHA OMEGA (ITALY)<\/p>\n<p>ANALECTA CALASANCTIANA (SPAIN)<\/p>\n<p>ANALES VALENTINOS (SPAIN)<\/p>\n<p>AN\u00c1LISE &amp; S\u00cdNTESE (BRAZIL)<\/p>\n<p>ANALOGIA FILOSOFICA (MEXICO)<\/p>\n<p>ANAMNESIS (MEXICO)<\/p>\n<p>ANGELICUM (ITALY)<\/p>\n<p>ANTHROPOTES (ITALY)<\/p>\n<p>ANUARIO ECON\u00d3MICO Y JUR\u00cdDICO (SPAIN)<\/p>\n<p>ANUARIO DE DERECHO CAN\u00d3NICO (SPAIN)<\/p>\n<p>ANUARIO FILOSOFICO (SPAIN)<\/p>\n<p>ARCHIVES DE PHILOSOPHIE (FRANCE)<\/p>\n<p>AUGUSTINUS (SPAIN)<\/p>\n<p>BOLLETINO DI STORIA DELLA FILOSOFIA (ITALY)<\/p>\n<p>BROTERIA (PORTUGAL)<\/p>\n<p>BURGENSE (SPAIN)<\/p>\n<p>CARTHAGINENSIA (SPAIN)<\/p>\n<p>CAURIENSIA (SPAIN)<\/p>\n<p>CIENCIA TOMISTA (SPAIN)<\/p>\n<p>COMPOSTELLANUM (SPAIN)<\/p>\n<p>COMPRENDRE (SPAIN)<\/p>\n<p>COMUNICACIO (SPAIN)<\/p>\n<p>CONTRASTES (SPAIN)<\/p>\n<p>CUADERNOS DE FILOSOFIA LATINOAMERICANA (COLOMBIA)<\/p>\n<p>DIADOKHE (CHILE)<\/p>\n<p>&nbsp;<br \/>\n[\/et_pb_text][\/et_pb_column][et_pb_column type=&#8221;1_4&#8243; _builder_version=&#8221;3.0.47&#8243; parallax=&#8221;off&#8221; parallax_method=&#8221;on&#8221;][et_pb_text _builder_version=&#8221;3.0.96&#8243;]DIANOIA (MEXICO)<\/p>\n<p>DISCUSIONES FILOSOFICAS (COLOMBIA)<\/p>\n<p>ECCLESIA (ITALY)<\/p>\n<p>EDUCA\u00c7AO E FILOSOFIA (BRAZIL)<\/p>\n<p>ENFOQUES (ARGENTINA)<\/p>\n<p>ESTUDIO AGUSTINIANO (SPAIN)<\/p>\n<p>ESTUDIOS FILOSOFICOS (SPAIN)<\/p>\n<p>ESTUDIOS TRINITARIOS (SPAIN)<\/p>\n<p>FIDES ET RATIO (SPAIN)<\/p>\n<p>FILOSOFIA OGGI (ITALY)<\/p>\n<p>FRANCISCANUM (COLOMBIA)<\/p>\n<p>GLADIUS (ARGENTINA)<\/p>\n<p>HETEROTOPIA (VENEZUELA)<\/p>\n<p>HIPSIPILA (COLOMBIA)<\/p>\n<p>HUMANITAS (MEXICO)<\/p>\n<p>HUMANITAS (CHILE)<\/p>\n<p>INSTAURARE (ITALY)<\/p>\n<p>ISEGORIA (SPAIN)<\/p>\n<p>ISIDORIANUM (SPAIN)<\/p>\n<p>ITER (VENEZUELA)<\/p>\n<p>IUS PUBLICUM (CHILE)<\/p>\n<p>JAARBOEK (HOLAND)<\/p>\n<p>KRITERION (BRAZIL)<\/p>\n<p>LOCUS AMOENUS (SPAIN)<\/p>\n<p>LOGOS (MEXICO)<\/p>\n<p>LUMEN (SPAIN)<\/p>\n<p>M\u00c1THESIS (BRAZIL)<\/p>\n<p>MAYEUTICA (SPAIN)<\/p>\n<p>METALOGICON (ITALY)<\/p>\n<p>MISCELANEA COMILLAS (SPAIN)<\/p>\n<p>MONTE CARMELO (SPAIN)<\/p>\n<p>MUNDAIZ (SPAIN)<br \/>\n[\/et_pb_text][\/et_pb_column][et_pb_column type=&#8221;1_4&#8243; _builder_version=&#8221;3.0.47&#8243; parallax=&#8221;off&#8221; parallax_method=&#8221;on&#8221;][et_pb_text _builder_version=&#8221;3.0.96&#8243;]NIVARIA THEOLOGICA (SPAIN)<\/p>\n<p>NUEVO MUNDO (ARGENTINA)<\/p>\n<p>NUNTIUM (ITALY)<\/p>\n<p>PATRISTICA ET MEDIAEVALIA (ARGENTINA)<\/p>\n<p>PHILOSOPHIA (ARGENTINA)<\/p>\n<p>PHILOSOPHICA (CHILE)<\/p>\n<p>POBLET (SPAIN)<\/p>\n<p>PROYECCION (SPAIN)<\/p>\n<p>PRZEGLAD TOMISTYCZNY (POLAND)<\/p>\n<p>RELIGION Y CULTURA (SPAIN)<\/p>\n<p>REVISTA AGUSTINIANA DE ESPIRITUAL (SPAIN)<\/p>\n<p>REVISTA ESPA\u00d1OLA DE FILOSOF\u00cdA MEDIEVAL (SPAIN)<\/p>\n<p>REVISTA PORTUGUESA DE FILOSOFIA (PORTUGAL)<\/p>\n<p>REVISTA DE LA UNIVERSIDAD PONTIFICIA BOLIVARIANA (COLOMBIA)<\/p>\n<p>REVISTA DE ESPIRITUALIDAD (SPAIN)<\/p>\n<p>REVISTA DE FILOSOFIA (VENEZUELA)<\/p>\n<p>REVISTA DE FILOSOFIA (CHILE)<\/p>\n<p>REVISTA DE FILOSOFIA (MEXICO)<\/p>\n<p>REVISTA DE FILOSOF\u00cdA (CHILE)<\/p>\n<p>REVISTA ESTUDOS FILOS\u00d3FICOS (BRAZIL)<\/p>\n<p>REVISTA JURIDICA DE CATALU\u00d1A (SPAIN)<\/p>\n<p>REVISTA TEOLOGIA (ARGENTINA)<\/p>\n<p>REVISTA UNIVERSITARIA L\u00cdMITE (CHILE)<\/p>\n<p>RHEMA (BRAZIL)<\/p>\n<p>RIVISTA ROSMINIANA (ITALY)<\/p>\n<p>RIVISTA TEOLOGICA DI LUGANO (SWITZERLAND)<\/p>\n<p>&nbsp;<br \/>\n[\/et_pb_text][\/et_pb_column][et_pb_column type=&#8221;1_4&#8243; _builder_version=&#8221;3.0.47&#8243; parallax=&#8221;off&#8221; parallax_method=&#8221;on&#8221;][et_pb_text _builder_version=&#8221;3.0.96&#8243;]SALESIANUM (ITALY)<\/p>\n<p>SALMANTICENSIS (SPAIN)<\/p>\n<p>SAPIENTIA (ARGENTINA)<\/p>\n<p>SCIENZA ANTICA IN ET\u00c0 MODERNA.TEORIA E IMMAGINI (ITALY)<\/p>\n<p>SCRIPTA FULGENTINA (SPAIN)<\/p>\n<p>SIGNOS UNIVERSITARIOS (ARGENTINA)<\/p>\n<p>SINITE (SPAIN)<\/p>\n<p>SOLERIANA (URUGUAY)<\/p>\n<p>STROMATA (ARGENTINA)<\/p>\n<p>STUDI STORICI (ITALY)<\/p>\n<p>STUDIA (ITALY)<\/p>\n<p>STUDIA CORDUBENSIA (SPAIN)<\/p>\n<p>STUDIUM (SPAIN)<\/p>\n<p>STUDIUM (ARGENTINA)<\/p>\n<p>STUDIUM LEGIONENSE (SPAIN)<\/p>\n<p>TAULA (SPAIN)<\/p>\n<p>TEMES D\u00b4AVUI (SPAIN)<\/p>\n<p>THE PHILOSOPHER&#8217;S INDEX (UNITED STATES)<\/p>\n<p>THE REVIEW OF METAPHYSYCS (UNITED STATES)<\/p>\n<p>THEOFORUM (CANADA)<\/p>\n<p>THEOLOGICA (PORTUGAL)<\/p>\n<p>THEORIA (SPAIN)<\/p>\n<p>TOPICOS (MEXICO)<\/p>\n<p>TRINITARIUM (SPAIN)<\/p>\n<p>UNIVERSITAS PHILOSOPHICA (COLOMBIA)<\/p>\n<p>VERBO (SPAIN)<\/p>\n<p>VERDAD Y VIDA (SPAIN)<\/p>\n<p>VERITAS (BRAZIL)<\/p>\n<p>YACHAY (BOLIVIA)<br \/>\n[\/et_pb_text][\/et_pb_column][\/et_pb_row][\/et_pb_section]<\/p>\n","protected":false},"excerpt":{"rendered":"<p>ACTA PHILOSOPHICA (ITALY) AGORA. PAPELES DE FILOSOFIA (SPAIN) ALBERTUS MAGNUS (COLOMBIA) ALPHA OMEGA (ITALY) ANALECTA CALASANCTIANA (SPAIN) ANALES VALENTINOS (SPAIN) AN\u00c1LISE &amp; S\u00cdNTESE (BRAZIL) ANALOGIA FILOSOFICA (MEXICO) ANAMNESIS (MEXICO) ANGELICUM (ITALY) ANTHROPOTES (ITALY) ANUARIO ECON\u00d3MICO Y JUR\u00cdDICO (SPAIN) ANUARIO DE DERECHO CAN\u00d3NICO (SPAIN) ANUARIO FILOSOFICO (SPAIN) ARCHIVES DE PHILOSOPHIE (FRANCE) AUGUSTINUS (SPAIN) BOLLETINO DI STORIA [&hellip;]<\/p>\n","protected":false},"author":1,"featured_media":0,"parent":0,"menu_order":0,"comment_status":"closed","ping_status":"closed","template":"","meta":{"_et_pb_use_builder":"on","_et_pb_old_content":"","_et_gb_content_width":"","footnotes":""},"categories":[],"tags":[],"class_list":["post-5946","page","type-page","status-publish","hentry"],"_links":{"self":[{"href":"https:\/\/revistaespiritu.istomas.org\/en\/wp-json\/wp\/v2\/pages\/5946","targetHints":{"allow":["GET"]}}],"collection":[{"href":"https:\/\/revistaespiritu.istomas.org\/en\/wp-json\/wp\/v2\/pages"}],"about":[{"href":"https:\/\/revistaespiritu.istomas.org\/en\/wp-json\/wp\/v2\/types\/page"}],"author":[{"embeddable":true,"href":"https:\/\/revistaespiritu.istomas.org\/en\/wp-json\/wp\/v2\/users\/1"}],"replies":[{"embeddable":true,"href":"https:\/\/revistaespiritu.istomas.org\/en\/wp-json\/wp\/v2\/comments?post=5946"}],"version-history":[{"count":0,"href":"https:\/\/revistaespiritu.istomas.org\/en\/wp-json\/wp\/v2\/pages\/5946\/revisions"}],"wp:attachment":[{"href":"https:\/\/revistaespiritu.istomas.org\/en\/wp-json\/wp\/v2\/media?parent=5946"}],"wp:term":[{"taxonomy":"category","embeddable":true,"href":"https:\/\/revistaespiritu.istomas.org\/en\/wp-json\/wp\/v2\/categories?post=5946"},{"taxonomy":"post_tag","embeddable":true,"href":"https:\/\/revistaespiritu.istomas.org\/en\/wp-json\/wp\/v2\/tags?post=5946"}],"curies":[{"name":"wp","href":"https:\/\/api.w.org\/{rel}","templated":true}]}}