{"id":3132,"date":"2018-02-05T15:23:37","date_gmt":"2018-02-05T15:23:37","guid":{"rendered":"https:\/\/revistaespiritu.istomas.org\/?page_id=3132"},"modified":"2018-02-05T16:12:44","modified_gmt":"2018-02-05T16:12:44","slug":"espiritu-103-104","status":"publish","type":"page","link":"https:\/\/revistaespiritu.istomas.org\/en\/espiritu-103-104\/","title":{"rendered":"N\u00fameros 103-104"},"content":{"rendered":"<p>[et_pb_section bb_built=&#8221;1&#8243; admin_label=&#8221;section&#8221;][et_pb_row admin_label=&#8221;row&#8221; make_fullwidth=&#8221;on&#8221; use_custom_width=&#8221;off&#8221; width_unit=&#8221;on&#8221; use_custom_gutter=&#8221;off&#8221; allow_player_pause=&#8221;off&#8221; parallax=&#8221;off&#8221; parallax_method=&#8221;off&#8221; make_equal=&#8221;off&#8221; parallax_1=&#8221;off&#8221; parallax_method_1=&#8221;off&#8221; parallax_2=&#8221;off&#8221; parallax_method_2=&#8221;off&#8221; custom_css_main_1=&#8221;border-right: 1px solid #3c8859;&#8221; parallax_3=&#8221;off&#8221; parallax_method_3=&#8221;off&#8221; padding_right_1=&#8221;30px&#8221; background_position=&#8221;top_left&#8221; background_repeat=&#8221;repeat&#8221; background_size=&#8221;initial&#8221;][et_pb_column type=&#8221;1_4&#8243;][et_pb_image src=&#8221;https:\/\/revistaespiritu.istomas.org\/wp-content\/uploads\/2018\/02\/Nu\u0301mero-103-104.jpg&#8221; alt=&#8221;Revista Esp\u00edritu, n\u00famero 138&#8243; title_text=&#8221;Revista Esp\u00edritu, n\u00famero 138&#8243; show_in_lightbox=&#8221;on&#8221; url_new_window=&#8221;on&#8221; use_overlay=&#8221;on&#8221; animation=&#8221;off&#8221; sticky=&#8221;off&#8221; align=&#8221;center&#8221; force_fullwidth=&#8221;off&#8221; always_center_on_mobile=&#8221;on&#8221; use_border_color=&#8221;off&#8221; border_color=&#8221;#ffffff&#8221; border_style=&#8221;solid&#8221; _builder_version=&#8221;3.0.100&#8243; show_bottom_space=&#8221;on&#8221; \/][\/et_pb_column][et_pb_column type=&#8221;1_2&#8243;][et_pb_post_title title=&#8221;on&#8221; meta=&#8221;off&#8221; author=&#8221;off&#8221; date=&#8221;off&#8221; categories=&#8221;off&#8221; comments=&#8221;off&#8221; featured_image=&#8221;off&#8221; featured_placement=&#8221;below&#8221; parallax_effect=&#8221;on&#8221; parallax_method=&#8221;on&#8221; text_orientation=&#8221;center&#8221; text_color=&#8221;dark&#8221; text_background=&#8221;off&#8221; text_bg_color=&#8221;rgba(255,255,255,0.9)&#8221; use_border_color=&#8221;off&#8221; border_color=&#8221;#ffffff&#8221; border_style=&#8221;solid&#8221; custom_padding=&#8221;10px||0px|&#8221; title_font_size=&#8221;32px&#8221; parallax=&#8221;on&#8221; \/][et_pb_text background_layout=&#8221;light&#8221; text_orientation=&#8221;center&#8221; use_border_color=&#8221;off&#8221; border_color=&#8221;#ffffff&#8221; border_style=&#8221;solid&#8221; custom_padding=&#8221;0px|||&#8221; background_position=&#8221;top_left&#8221; background_repeat=&#8221;repeat&#8221; background_size=&#8221;initial&#8221; module_alignment=&#8221;center&#8221; _builder_version=&#8221;3.0.100&#8243;]<\/p>\n<h4 style=\"text-align: center;\">A\u00f1o 40 | 1991<\/h4>\n<p>[\/et_pb_text][et_pb_divider color=&#8221;#ffffff&#8221; show_divider=&#8221;off&#8221; height=&#8221;5&#8243; divider_style=&#8221;solid&#8221; divider_position=&#8221;top&#8221; hide_on_mobile=&#8221;on&#8221; disabled_on=&#8221;on|on|off&#8221; \/][et_pb_text background_layout=&#8221;light&#8221; use_border_color=&#8221;off&#8221; background_position=&#8221;top_left&#8221; background_repeat=&#8221;repeat&#8221; background_size=&#8221;initial&#8221; _builder_version=&#8221;3.0.92&#8243; custom_margin=&#8221;||0px|&#8221;]<\/p>\n<h4 style=\"text-align: left;\"><span style=\"color: #3c8859;\">Art\u00edculos<\/span><\/h4>\n<p>[\/et_pb_text][et_pb_divider color=&#8221;#3c8859&#8243; show_divider=&#8221;on&#8221; height=&#8221;5&#8243; divider_style=&#8221;solid&#8221; divider_position=&#8221;top&#8221; hide_on_mobile=&#8221;on&#8221; disabled_on=&#8221;on|on|off&#8221; \/][et_pb_text background_layout=&#8221;light&#8221; use_border_color=&#8221;off&#8221; _builder_version=&#8221;3.0.100&#8243;]<\/p>\n<h5 style=\"text-align: left;\"><a href=\"https:\/\/revistaespiritu.istomas.org\/sobre-la-actualidad-de-jaime-balmes-1810-1848\/\">Sobre la actualidad de Jaime Balmes (1810-1848)<\/a><\/h5>\n<p style=\"text-align: left;\">Santiago Fern\u00e1ndez Burillo<\/p>\n<h5 style=\"text-align: left;\"><a href=\"https:\/\/revistaespiritu.istomas.org\/balmes-en-lobra-de-josep-pla\/\">Balmes en l&#8217;obra de Josep Pla<\/a><\/h5>\n<p style=\"text-align: left;\">Miseric\u00f2rdia Angl\u00e8s Cervell\u00f3<\/p>\n<h5 style=\"text-align: left;\"><a href=\"https:\/\/revistaespiritu.istomas.org\/aportaciones-mas-significativas-de-jaime-balmes\/\"><span class=\"subtitulo\">Aportaciones m\u00e1s significativas de Jaime Balmes<\/span><\/a><\/h5>\n<p style=\"text-align: left;\">Eudaldo Forment Giralt<\/p>\n<h5 style=\"text-align: left;\"><a href=\"https:\/\/revistaespiritu.istomas.org\/postmodernidad-ateismo-y-metafisica\/\">Postmodernidad, Ate\u00edsmo y Metaf\u00edsica<\/a><\/h5>\n<p style=\"text-align: left;\">Jos\u00e9 Rub\u00e9n Sanabria M.<\/p>\n<h5 style=\"text-align: left;\"><a href=\"https:\/\/revistaespiritu.istomas.org\/la-actividad-practica\/\">La actividad pr\u00e1ctica<\/a><\/h5>\n<p style=\"text-align: left;\">Margarita Mauri<\/p>\n<h5 style=\"text-align: left;\"><a href=\"https:\/\/revistaespiritu.istomas.org\/los-principales-temas-de-la-teologia-natural-o-filosofica-en-santo-tomas\/\">Los principales temas de la Teolog\u00eda Natural o Filos\u00f3fica en Santo Tom\u00e1s<\/a><\/h5>\n<p style=\"text-align: left;\">Mauricio Beuchot<\/p>\n<p>[\/et_pb_text][et_pb_divider color=&#8221;#ffffff&#8221; show_divider=&#8221;off&#8221; height=&#8221;10&#8243; divider_style=&#8221;solid&#8221; divider_position=&#8221;top&#8221; hide_on_mobile=&#8221;on&#8221; disabled_on=&#8221;on|on|off&#8221; \/][et_pb_text background_layout=&#8221;light&#8221; use_border_color=&#8221;off&#8221; background_position=&#8221;top_left&#8221; background_repeat=&#8221;repeat&#8221; background_size=&#8221;initial&#8221; _builder_version=&#8221;3.0.92&#8243; custom_margin=&#8221;||0px|&#8221;]<\/p>\n<h4 style=\"text-align: left;\"><span style=\"color: #3c8859;\">Notas y documentos<\/span><\/h4>\n<p>[\/et_pb_text][et_pb_divider color=&#8221;#3c8859&#8243; show_divider=&#8221;on&#8221; height=&#8221;5&#8243; divider_style=&#8221;solid&#8221; divider_position=&#8221;top&#8221; hide_on_mobile=&#8221;on&#8221; disabled_on=&#8221;on|on|off&#8221; \/][et_pb_text background_layout=&#8221;light&#8221; use_border_color=&#8221;off&#8221; _builder_version=&#8221;3.0.100&#8243;]<\/p>\n<h5 style=\"text-align: left;\"><a href=\"https:\/\/revistaespiritu.istomas.org\/una-critica-a-los-intelectualismos-pedagogicos-platon-hegel-y-el-enciclopedismo-iluminista\/\">Una cr\u00edtica a los intelectualismos pedag\u00f3gicos (Plat\u00f3n, Hegel y el enciclopedismo iluminista)<\/a><\/h5>\n<p>J. A. Jord\u00e1n Sierra<\/p>\n<h5><a href=\"https:\/\/revistaespiritu.istomas.org\/la-axiologia-alemana-y-su-influencia-en-la-metafisica-espiritualista-de-antonio-caso\/\">La axiolog\u00eda alemana y su influencia en la metaf\u00edsica espiritualista de Antonio Caso<\/a><\/h5>\n<p>Ra\u00fal Fornet-Betancourt<\/p>\n<h5><a href=\"https:\/\/revistaespiritu.istomas.org\/en-torno-al-pluralismo-politico-y-cultural\/\">En torno al pluralismo pol\u00edtico y cultural<\/a><\/h5>\n<p>Miguel Ayuso<\/p>\n<h5><a href=\"https:\/\/revistaespiritu.istomas.org\/logica-y-ontologia-en-la-epistemologia-de-mauricio-beuchot\/\">L\u00f3gica y Ontolog\u00eda en la Epistemolog\u00eda de Mauricio Beuchot<\/a><\/h5>\n<p>Jos\u00e9 Mar\u00eda Romero Bar\u00f3<\/p>\n<h5><a href=\"https:\/\/revistaespiritu.istomas.org\/cuestiones-de-etica-profesional\/\">Cuestiones de \u00c9tica Profesional<\/a><\/h5>\n<p>Eudaldo Forment Giralt<\/p>\n<h5><a href=\"https:\/\/revistaespiritu.istomas.org\/cientifismo-marxista-2\/\">Cientifismo marxista<\/a><\/h5>\n<p>J. Avelino de la Pienda<\/p>\n<p>[\/et_pb_text][et_pb_text background_layout=&#8221;light&#8221; text_orientation=&#8221;left&#8221; use_border_color=&#8221;off&#8221; border_color=&#8221;#ffffff&#8221; border_style=&#8221;solid&#8221; background_position=&#8221;top_left&#8221; background_repeat=&#8221;repeat&#8221; background_size=&#8221;initial&#8221;]<\/p>\n<p>[yuzo_related]<\/p>\n<p>[\/et_pb_text][\/et_pb_column][et_pb_column type=&#8221;1_4&#8243;][et_pb_sidebar orientation=&#8221;right&#8221; area=&#8221;sidebar-1&#8243; background_layout=&#8221;light&#8221; remove_border=&#8221;off&#8221; header_font_size=&#8221;16&#8243; show_border=&#8221;on&#8221; \/][\/et_pb_column][\/et_pb_row][\/et_pb_section]<\/p>\n","protected":false},"excerpt":{"rendered":"<p>A\u00f1o 40 | 1991 Art\u00edculos Sobre la actualidad de Jaime Balmes (1810-1848) Santiago Fern\u00e1ndez Burillo Balmes en l&#8217;obra de Josep Pla Miseric\u00f2rdia Angl\u00e8s Cervell\u00f3 Aportaciones m\u00e1s significativas de Jaime Balmes Eudaldo Forment Giralt Postmodernidad, Ate\u00edsmo y Metaf\u00edsica Jos\u00e9 Rub\u00e9n Sanabria M. La actividad pr\u00e1ctica Margarita Mauri Los principales temas de la Teolog\u00eda Natural o Filos\u00f3fica [&hellip;]<\/p>\n","protected":false},"author":1,"featured_media":3153,"parent":0,"menu_order":0,"comment_status":"closed","ping_status":"closed","template":"","meta":{"_et_pb_use_builder":"on","_et_pb_old_content":"","_et_gb_content_width":"","footnotes":""},"categories":[394],"tags":[],"class_list":["post-3132","page","type-page","status-publish","has-post-thumbnail","hentry","category-103-104-1991"],"_links":{"self":[{"href":"https:\/\/revistaespiritu.istomas.org\/en\/wp-json\/wp\/v2\/pages\/3132","targetHints":{"allow":["GET"]}}],"collection":[{"href":"https:\/\/revistaespiritu.istomas.org\/en\/wp-json\/wp\/v2\/pages"}],"about":[{"href":"https:\/\/revistaespiritu.istomas.org\/en\/wp-json\/wp\/v2\/types\/page"}],"author":[{"embeddable":true,"href":"https:\/\/revistaespiritu.istomas.org\/en\/wp-json\/wp\/v2\/users\/1"}],"replies":[{"embeddable":true,"href":"https:\/\/revistaespiritu.istomas.org\/en\/wp-json\/wp\/v2\/comments?post=3132"}],"version-history":[{"count":0,"href":"https:\/\/revistaespiritu.istomas.org\/en\/wp-json\/wp\/v2\/pages\/3132\/revisions"}],"wp:featuredmedia":[{"embeddable":true,"href":"https:\/\/revistaespiritu.istomas.org\/en\/wp-json\/wp\/v2\/media\/3153"}],"wp:attachment":[{"href":"https:\/\/revistaespiritu.istomas.org\/en\/wp-json\/wp\/v2\/media?parent=3132"}],"wp:term":[{"taxonomy":"category","embeddable":true,"href":"https:\/\/revistaespiritu.istomas.org\/en\/wp-json\/wp\/v2\/categories?post=3132"},{"taxonomy":"post_tag","embeddable":true,"href":"https:\/\/revistaespiritu.istomas.org\/en\/wp-json\/wp\/v2\/tags?post=3132"}],"curies":[{"name":"wp","href":"https:\/\/api.w.org\/{rel}","templated":true}]}}