{"id":2315,"date":"2018-01-29T12:28:00","date_gmt":"2018-01-29T12:28:00","guid":{"rendered":"https:\/\/revistaespiritu.istomas.org\/?page_id=2315"},"modified":"2018-01-29T12:57:50","modified_gmt":"2018-01-29T12:57:50","slug":"espiritu-129","status":"publish","type":"page","link":"https:\/\/revistaespiritu.istomas.org\/en\/espiritu-129\/","title":{"rendered":"N\u00famero 129"},"content":{"rendered":"<p>[et_pb_section bb_built=&#8221;1&#8243; admin_label=&#8221;section&#8221;][et_pb_row admin_label=&#8221;row&#8221; make_fullwidth=&#8221;on&#8221; use_custom_width=&#8221;off&#8221; width_unit=&#8221;on&#8221; use_custom_gutter=&#8221;off&#8221; allow_player_pause=&#8221;off&#8221; parallax=&#8221;off&#8221; parallax_method=&#8221;off&#8221; make_equal=&#8221;off&#8221; parallax_1=&#8221;off&#8221; parallax_method_1=&#8221;off&#8221; parallax_2=&#8221;off&#8221; parallax_method_2=&#8221;off&#8221; custom_css_main_1=&#8221;border-right: 1px solid #3c8859;&#8221; parallax_3=&#8221;off&#8221; parallax_method_3=&#8221;off&#8221; padding_right_1=&#8221;30px&#8221; background_position=&#8221;top_left&#8221; background_repeat=&#8221;repeat&#8221; background_size=&#8221;initial&#8221;][et_pb_column type=&#8221;1_4&#8243;][et_pb_image src=&#8221;https:\/\/revistaespiritu.istomas.org\/wp-content\/uploads\/2018\/01\/129.jpg&#8221; alt=&#8221;Revista Esp\u00edritu, n\u00famero 138&#8243; title_text=&#8221;Revista Esp\u00edritu, n\u00famero 138&#8243; show_in_lightbox=&#8221;on&#8221; url_new_window=&#8221;on&#8221; use_overlay=&#8221;on&#8221; animation=&#8221;off&#8221; sticky=&#8221;off&#8221; align=&#8221;center&#8221; force_fullwidth=&#8221;off&#8221; always_center_on_mobile=&#8221;on&#8221; use_border_color=&#8221;off&#8221; border_color=&#8221;#ffffff&#8221; border_style=&#8221;solid&#8221; _builder_version=&#8221;3.0.98&#8243; show_bottom_space=&#8221;on&#8221; \/][\/et_pb_column][et_pb_column type=&#8221;1_2&#8243;][et_pb_post_title title=&#8221;on&#8221; meta=&#8221;off&#8221; author=&#8221;off&#8221; date=&#8221;off&#8221; categories=&#8221;off&#8221; comments=&#8221;off&#8221; featured_image=&#8221;off&#8221; featured_placement=&#8221;below&#8221; parallax_effect=&#8221;on&#8221; parallax_method=&#8221;on&#8221; text_orientation=&#8221;center&#8221; text_color=&#8221;dark&#8221; text_background=&#8221;off&#8221; text_bg_color=&#8221;rgba(255,255,255,0.9)&#8221; use_border_color=&#8221;off&#8221; border_color=&#8221;#ffffff&#8221; border_style=&#8221;solid&#8221; custom_padding=&#8221;10px||0px|&#8221; title_font_size=&#8221;32px&#8221; parallax=&#8221;on&#8221; \/][et_pb_text background_layout=&#8221;light&#8221; text_orientation=&#8221;center&#8221; use_border_color=&#8221;off&#8221; border_color=&#8221;#ffffff&#8221; border_style=&#8221;solid&#8221; custom_padding=&#8221;0px|||&#8221; background_position=&#8221;top_left&#8221; background_repeat=&#8221;repeat&#8221; background_size=&#8221;initial&#8221; module_alignment=&#8221;center&#8221; _builder_version=&#8221;3.0.98&#8243;]<\/p>\n<h4 style=\"text-align: center;\">A\u00f1o 53 | 2004<\/h4>\n<p>[\/et_pb_text][et_pb_divider color=&#8221;#ffffff&#8221; show_divider=&#8221;off&#8221; height=&#8221;5&#8243; divider_style=&#8221;solid&#8221; divider_position=&#8221;top&#8221; hide_on_mobile=&#8221;on&#8221; disabled_on=&#8221;on|on|off&#8221; \/][et_pb_text background_layout=&#8221;light&#8221; use_border_color=&#8221;off&#8221; background_position=&#8221;top_left&#8221; background_repeat=&#8221;repeat&#8221; background_size=&#8221;initial&#8221; _builder_version=&#8221;3.0.92&#8243; custom_margin=&#8221;||0px|&#8221;]<\/p>\n<h4 style=\"text-align: left;\"><span style=\"color: #3c8859;\">Art\u00edculos<\/span><\/h4>\n<p>[\/et_pb_text][et_pb_divider color=&#8221;#3c8859&#8243; show_divider=&#8221;on&#8221; height=&#8221;5&#8243; divider_style=&#8221;solid&#8221; divider_position=&#8221;top&#8221; hide_on_mobile=&#8221;on&#8221; disabled_on=&#8221;on|on|off&#8221; \/][et_pb_text background_layout=&#8221;light&#8221; use_border_color=&#8221;off&#8221; _builder_version=&#8221;3.0.98&#8243;]<\/p>\n<h5 style=\"text-align: left;\"><a href=\"https:\/\/revistaespiritu.istomas.org\/parte-el-argumento-ontologico-de-un-concepto-meramente-subjetivo-o-del-conocimiento-de-una-esencia-objetiva-y-transcendente\/\">\u00bfParte el argumento ontol\u00f3gico de un concepto meramente subjetivo o del conocimiento de una esencia objetiva y transcendente?<\/a><\/h5>\n<p style=\"text-align: left;\">Ismael Mart\u00ednez Li\u00e9bana<\/p>\n<h5 style=\"text-align: left;\"><a href=\"https:\/\/revistaespiritu.istomas.org\/amor-sufrimiento-y-alegria-dios-en-el-diario-de-kierkegaard\/\">Amor, sufrimiento y alegr\u00eda. Dios en el &#8220;Diario&#8221; de Kierkegaard<\/a><\/h5>\n<p style=\"text-align: left;\">Joan Pegueroles<\/p>\n<h5 style=\"text-align: left;\"><span class=\"subtitulo\"><span class=\"titulo\"><a href=\"https:\/\/revistaespiritu.istomas.org\/mitos-del-gran-tiempo-en-san-agustin\/\">Mitos del Gran tiempo en San Agust\u00edn<\/a><\/span><\/span><\/h5>\n<p style=\"text-align: left;\">Jes\u00fas Avelino de la Pienda<\/p>\n<h5 style=\"text-align: left;\"><a href=\"https:\/\/revistaespiritu.istomas.org\/providencia-y-logos-la-providencia-como-problema-filosofico\/\"><span class=\"titulo\">Providencia y logos<span class=\"separador\">:<\/span>\u00a0<span class=\"subtitulo\">la providencia como problema filos\u00f3fico<\/span><\/span><\/a><\/h5>\n<p style=\"text-align: left;\">Aquilino Cayuela Cayuela<\/p>\n<p>[\/et_pb_text][et_pb_divider color=&#8221;#ffffff&#8221; show_divider=&#8221;off&#8221; height=&#8221;10&#8243; divider_style=&#8221;solid&#8221; divider_position=&#8221;top&#8221; hide_on_mobile=&#8221;on&#8221; disabled_on=&#8221;on|on|off&#8221; \/][et_pb_text background_layout=&#8221;light&#8221; use_border_color=&#8221;off&#8221; background_position=&#8221;top_left&#8221; background_repeat=&#8221;repeat&#8221; background_size=&#8221;initial&#8221; _builder_version=&#8221;3.0.92&#8243; custom_margin=&#8221;||0px|&#8221;]<\/p>\n<h4 style=\"text-align: left;\"><span style=\"color: #3c8859;\">Notas y documentos<\/span><\/h4>\n<p>[\/et_pb_text][et_pb_divider color=&#8221;#3c8859&#8243; show_divider=&#8221;on&#8221; height=&#8221;5&#8243; divider_style=&#8221;solid&#8221; divider_position=&#8221;top&#8221; hide_on_mobile=&#8221;on&#8221; disabled_on=&#8221;on|on|off&#8221; \/][et_pb_text background_layout=&#8221;light&#8221; use_border_color=&#8221;off&#8221; _builder_version=&#8221;3.0.98&#8243;]<\/p>\n<h5 style=\"text-align: left;\"><span class=\"titulo\"><a href=\"https:\/\/revistaespiritu.istomas.org\/los-karamazov-discuten-dios-y-el-mal-en-dostoievski\/\">Los Karamazov discuten. Dios y el mal en Dostoievski<\/a><\/span><\/h5>\n<p>Pablo Blanco Sarto<\/p>\n<h5><span class=\"titulo\"><a href=\"https:\/\/revistaespiritu.istomas.org\/el-valor-de-la-contemplacion-amorosa-en-la-vida-personal\/\">El valor de la contemplaci\u00f3n amorosa en la vida personal<\/a><\/span><\/h5>\n<p>Eudaldo Forment Giralt<\/p>\n<h5><a href=\"https:\/\/revistaespiritu.istomas.org\/ser-y-unidad-fundamentos-del-amor-en-santo-tomas-de-aquino\/\"><span class=\"titulo\">Ser y unidad<\/span>:\u00a0<span class=\"subtitulo\">fundamentos del amor en Santo Tom\u00e1s de Aquino<\/span><\/a><\/h5>\n<p>Patricia Astorquiza<\/p>\n<h5><span class=\"subtitulo\"><span class=\"titulo\"><a href=\"https:\/\/revistaespiritu.istomas.org\/friedrich-schiller-y-la-revolucion-francesa\/\">Friedrich Schiller y la Revoluci\u00f3n Francesa<\/a><\/span><\/span><\/h5>\n<p>Jordi Morillas<\/p>\n<p>[\/et_pb_text][et_pb_text background_layout=&#8221;light&#8221; text_orientation=&#8221;left&#8221; use_border_color=&#8221;off&#8221; border_color=&#8221;#ffffff&#8221; border_style=&#8221;solid&#8221; background_position=&#8221;top_left&#8221; background_repeat=&#8221;repeat&#8221; background_size=&#8221;initial&#8221;]<\/p>\n<p>[yuzo_related]<\/p>\n<p>[\/et_pb_text][\/et_pb_column][et_pb_column type=&#8221;1_4&#8243;][et_pb_sidebar orientation=&#8221;right&#8221; area=&#8221;sidebar-1&#8243; background_layout=&#8221;light&#8221; remove_border=&#8221;off&#8221; header_font_size=&#8221;16&#8243; show_border=&#8221;on&#8221; \/][\/et_pb_column][\/et_pb_row][\/et_pb_section]<\/p>\n","protected":false},"excerpt":{"rendered":"<p>A\u00f1o 53 | 2004 Art\u00edculos \u00bfParte el argumento ontol\u00f3gico de un concepto meramente subjetivo o del conocimiento de una esencia objetiva y transcendente? Ismael Mart\u00ednez Li\u00e9bana Amor, sufrimiento y alegr\u00eda. Dios en el &#8220;Diario&#8221; de Kierkegaard Joan Pegueroles Mitos del Gran tiempo en San Agust\u00edn Jes\u00fas Avelino de la Pienda Providencia y logos:\u00a0la providencia como [&hellip;]<\/p>\n","protected":false},"author":1,"featured_media":2311,"parent":0,"menu_order":0,"comment_status":"closed","ping_status":"closed","template":"","meta":{"_et_pb_use_builder":"on","_et_pb_old_content":"","_et_gb_content_width":"","footnotes":""},"categories":[300],"tags":[],"class_list":["post-2315","page","type-page","status-publish","has-post-thumbnail","hentry","category-129-2004"],"_links":{"self":[{"href":"https:\/\/revistaespiritu.istomas.org\/en\/wp-json\/wp\/v2\/pages\/2315","targetHints":{"allow":["GET"]}}],"collection":[{"href":"https:\/\/revistaespiritu.istomas.org\/en\/wp-json\/wp\/v2\/pages"}],"about":[{"href":"https:\/\/revistaespiritu.istomas.org\/en\/wp-json\/wp\/v2\/types\/page"}],"author":[{"embeddable":true,"href":"https:\/\/revistaespiritu.istomas.org\/en\/wp-json\/wp\/v2\/users\/1"}],"replies":[{"embeddable":true,"href":"https:\/\/revistaespiritu.istomas.org\/en\/wp-json\/wp\/v2\/comments?post=2315"}],"version-history":[{"count":0,"href":"https:\/\/revistaespiritu.istomas.org\/en\/wp-json\/wp\/v2\/pages\/2315\/revisions"}],"wp:featuredmedia":[{"embeddable":true,"href":"https:\/\/revistaespiritu.istomas.org\/en\/wp-json\/wp\/v2\/media\/2311"}],"wp:attachment":[{"href":"https:\/\/revistaespiritu.istomas.org\/en\/wp-json\/wp\/v2\/media?parent=2315"}],"wp:term":[{"taxonomy":"category","embeddable":true,"href":"https:\/\/revistaespiritu.istomas.org\/en\/wp-json\/wp\/v2\/categories?post=2315"},{"taxonomy":"post_tag","embeddable":true,"href":"https:\/\/revistaespiritu.istomas.org\/en\/wp-json\/wp\/v2\/tags?post=2315"}],"curies":[{"name":"wp","href":"https:\/\/api.w.org\/{rel}","templated":true}]}}