{"id":13567,"date":"2026-04-21T13:08:36","date_gmt":"2026-04-21T11:08:36","guid":{"rendered":"https:\/\/revistaespiritu.istomas.org\/?page_id=13567"},"modified":"2026-04-21T13:08:40","modified_gmt":"2026-04-21T11:08:40","slug":"espiritu-170","status":"publish","type":"page","link":"https:\/\/revistaespiritu.istomas.org\/en\/espiritu-170\/","title":{"rendered":"Esp\u00edritu 170"},"content":{"rendered":"<p>[et_pb_section fb_built=&#8221;1&#8243; admin_label=&#8221;section&#8221; _builder_version=&#8221;4.16&#8243; global_colors_info=&#8221;{}&#8221;][et_pb_row column_structure=&#8221;1_4,1_2,1_4&#8243; admin_label=&#8221;row&#8221; module_class=&#8221; et_pb_row_fullwidth&#8221; _builder_version=&#8221;4.16&#8243; background_size=&#8221;initial&#8221; background_position=&#8221;top_left&#8221; background_repeat=&#8221;repeat&#8221; width=&#8221;94%&#8221; width_tablet=&#8221;80%&#8221; width_phone=&#8221;&#8221; width_last_edited=&#8221;on|desktop&#8221; max_width=&#8221;94%&#8221; max_width_tablet=&#8221;80%&#8221; max_width_phone=&#8221;&#8221; max_width_last_edited=&#8221;on|desktop&#8221; make_fullwidth=&#8221;on&#8221; use_custom_width=&#8221;off&#8221; width_unit=&#8221;on&#8221; global_colors_info=&#8221;{}&#8221;][et_pb_column type=&#8221;1_4&#8243; _builder_version=&#8221;4.16&#8243; custom_padding=&#8221;|30px||&#8221; custom_css_main_element=&#8221;border-right: 1px solid #3c8859;&#8221; global_colors_info=&#8221;{}&#8221; custom_padding__hover=&#8221;|||&#8221;][et_pb_image src=&#8221;https:\/\/revistaespiritu.istomas.org\/wp-content\/uploads\/2026\/04\/Portada.png&#8221; alt=&#8221;Portada Esp\u00edritu 170&#8243; title_text=&#8221;Portada Esp\u00edritu 170&#8243; show_in_lightbox=&#8221;on&#8221; use_overlay=&#8221;on&#8221; align=&#8221;center&#8221; align_tablet=&#8221;center&#8221; align_phone=&#8221;&#8221; align_last_edited=&#8221;on|desktop&#8221; _builder_version=&#8221;4.27.6&#8243; hover_enabled=&#8221;0&#8243; animation=&#8221;off&#8221; sticky=&#8221;off&#8221; use_border_color=&#8221;off&#8221; border_color=&#8221;#ffffff&#8221; border_style=&#8221;solid&#8221; always_center_on_mobile=&#8221;on&#8221; global_colors_info=&#8221;{}&#8221; sticky_enabled=&#8221;0&#8243;][\/et_pb_image][\/et_pb_column][et_pb_column type=&#8221;1_2&#8243; _builder_version=&#8221;4.16&#8243; custom_padding=&#8221;|||&#8221; global_colors_info=&#8221;{}&#8221; custom_padding__hover=&#8221;|||&#8221;][et_pb_post_title meta=&#8221;off&#8221; featured_image=&#8221;off&#8221; _builder_version=&#8221;4.16&#8243; title_font_size=&#8221;32px&#8221; parallax=&#8221;on&#8221; text_orientation=&#8221;center&#8221; custom_padding=&#8221;10px||0px|&#8221; use_border_color=&#8221;off&#8221; border_color=&#8221;#ffffff&#8221; border_style=&#8221;solid&#8221; parallax_effect=&#8221;on&#8221; global_colors_info=&#8221;{}&#8221;][\/et_pb_post_title][et_pb_text _builder_version=&#8221;4.27.6&#8243; background_size=&#8221;initial&#8221; background_position=&#8221;top_left&#8221; background_repeat=&#8221;repeat&#8221; text_orientation=&#8221;center&#8221; module_alignment=&#8221;center&#8221; custom_padding=&#8221;0px|||&#8221; hover_enabled=&#8221;0&#8243; use_border_color=&#8221;off&#8221; border_color=&#8221;#ffffff&#8221; border_style=&#8221;solid&#8221; global_colors_info=&#8221;{}&#8221; sticky_enabled=&#8221;0&#8243;]<\/p>\n<h4 style=\"text-align: center;\">A\u00f1o 74 | 2025<\/h4>\n<p>[\/et_pb_text][et_pb_divider show_divider=&#8221;off&#8221; disabled_on=&#8221;on|on|off&#8221; _builder_version=&#8221;4.16&#8243; height=&#8221;5px&#8221; hide_on_mobile=&#8221;on&#8221; global_colors_info=&#8221;{}&#8221;][\/et_pb_divider][et_pb_text _builder_version=&#8221;4.27.6&#8243; link_font=&#8221;||||on||||&#8221; background_size=&#8221;initial&#8221; background_position=&#8221;top_left&#8221; background_repeat=&#8221;repeat&#8221; custom_margin=&#8221;||||false|false&#8221; hover_enabled=&#8221;0&#8243; use_border_color=&#8221;off&#8221; global_colors_info=&#8221;{}&#8221; sticky_enabled=&#8221;0&#8243;]<\/p>\n<h4 style=\"text-align: left;\"><a href=\"https:\/\/revistaespiritu.istomas.org\/wp-content\/uploads\/2026\/04\/Presentacion-170.pdf\"><span style=\"color: #3c8859;\">Presentaci\u00f3n<\/span><\/a><\/h4>\n<p>[\/et_pb_text][et_pb_text _builder_version=&#8221;4.16&#8243; background_size=&#8221;initial&#8221; background_position=&#8221;top_left&#8221; background_repeat=&#8221;repeat&#8221; custom_margin=&#8221;||0px|&#8221; use_border_color=&#8221;off&#8221; global_colors_info=&#8221;{}&#8221;]<\/p>\n<h4 style=\"text-align: left;\"><span style=\"color: #3c8859;\">Art\u00edculos<\/span><\/h4>\n<p>[\/et_pb_text][et_pb_divider disabled_on=&#8221;on|on|off&#8221; _builder_version=&#8221;4.16&#8243; height=&#8221;5px&#8221; hide_on_mobile=&#8221;on&#8221; global_colors_info=&#8221;{}&#8221;][\/et_pb_divider][et_pb_text _builder_version=&#8221;4.27.6&#8243; width=&#8221;98.3%&#8221; hover_enabled=&#8221;0&#8243; use_border_color=&#8221;off&#8221; border_color=&#8221;#ffffff&#8221; border_style=&#8221;solid&#8221; global_colors_info=&#8221;{}&#8221; sticky_enabled=&#8221;0&#8243;]<\/p>\n<h5><a href=\"https:\/\/revistaespiritu.istomas.org\/del-amor-de-la-esperanza-a-la-esperanza-en-el-amor-la-esperanza-en-la-vida-familiar\/\">Del amor de la esperanza a la esperanza en el amor: la esperanza en la vida familiar<\/a><\/h5>\n<p>Carmen Cort\u00e9s<\/p>\n<h5><a href=\"https:\/\/revistaespiritu.istomas.org\/ser-amados-por-alguien-nos-hace-esperar-en-el-la-amistad-como-fuente-de-esperanza-en-tomas-de-aquino\/\">\u201cSer amados por alguien nos hace esperar en \u00e9l\u201d: La amistad como fuente de esperanza en Tom\u00e1s de Aquino<\/a><\/h5>\n<p>M\u00f3nica Garc\u00eda Campos y Luis Mariano B\u00e1rtoli<\/p>\n<h5><a href=\"https:\/\/revistaespiritu.istomas.org\/vida-contemplativa-y-esperanza-ante-la-posmodernidad\/\">Vida contemplativa y esperanza ante la posmodernidad<\/a><\/h5>\n<p>Miguel \u00c1ngel Belmonte<\/p>\n<h5><a href=\"https:\/\/revistaespiritu.istomas.org\/el-papel-de-la-esperanza-en-una-psicoterapia-tomista\/\">El papel de la esperanza en una psicoterapia tomista<\/a><\/h5>\n<p>Joan D. A. Juanola<\/p>\n<h5><a href=\"https:\/\/revistaespiritu.istomas.org\/el-servicio-eclesial-de-la-teologia-y-de-la-filosofia-tomistas\/\">El servicio eclesial de la teolog\u00eda y de la filosof\u00eda tomistas<\/a><\/h5>\n<p>Ignacio E. M. Andereggen<\/p>\n<h5><a href=\"https:\/\/revistaespiritu.istomas.org\/a-que-distancia-esta-dios-reflexiones-sobre-la-teologia-de-leibniz\/\">\u00bfA qu\u00e9 distancia est\u00e1 Dios? Reflexiones sobre la teolog\u00eda de Leibniz<\/a><\/h5>\n<p>Jos\u00e9 J. Escandell<\/p>\n<h5><a href=\"https:\/\/revistaespiritu.istomas.org\/la-maternidad-en-disputa-el-feminismo-y-la-superacion-de-la-naturaleza-de-la-mujer\/\">La maternidad en disputa: el feminismo y la superaci\u00f3n de la naturaleza de la mujer<\/a><\/h5>\n<p>Teresa Pueyo\u2013Toquero<\/p>\n<p>[\/et_pb_text][et_pb_divider show_divider=&#8221;off&#8221; disabled_on=&#8221;on|on|off&#8221; _builder_version=&#8221;4.16&#8243; height=&#8221;10px&#8221; hide_on_mobile=&#8221;on&#8221; global_colors_info=&#8221;{}&#8221;][\/et_pb_divider][et_pb_text _builder_version=&#8221;4.16&#8243; background_size=&#8221;initial&#8221; background_position=&#8221;top_left&#8221; background_repeat=&#8221;repeat&#8221; custom_margin=&#8221;||0px|&#8221; use_border_color=&#8221;off&#8221; global_colors_info=&#8221;{}&#8221;]<\/p>\n<h4 style=\"text-align: left;\"><span style=\"color: #3c8859;\">Notas y documentos<\/span><\/h4>\n<p>[\/et_pb_text][et_pb_divider disabled_on=&#8221;on|on|off&#8221; _builder_version=&#8221;4.16&#8243; height=&#8221;5px&#8221; hide_on_mobile=&#8221;on&#8221; global_colors_info=&#8221;{}&#8221;][\/et_pb_divider][et_pb_text _builder_version=&#8221;4.27.6&#8243; hover_enabled=&#8221;0&#8243; use_border_color=&#8221;off&#8221; border_color=&#8221;#ffffff&#8221; border_style=&#8221;solid&#8221; global_colors_info=&#8221;{}&#8221; sticky_enabled=&#8221;0&#8243;]<\/p>\n<h5><a href=\"https:\/\/revistaespiritu.istomas.org\/memoria-de-las-actividades-academicas-del-instituto-santo-tomas-de-balmesiana-durante-el-curso-2024-2025\/\">Memoria de las Actividades Acad\u00e9micas del Instituto Santo Tom\u00e1s<\/a><br \/><a href=\"https:\/\/revistaespiritu.istomas.org\/memoria-de-las-actividades-academicas-del-instituto-santo-tomas-de-balmesiana-durante-el-curso-2024-2025\/\">de Balmesiana durante el curso 2024-2025<\/a><\/h5>\n<p>[\/et_pb_text][et_pb_text _builder_version=&#8221;4.16&#8243; background_size=&#8221;initial&#8221; background_position=&#8221;top_left&#8221; background_repeat=&#8221;repeat&#8221; custom_margin=&#8221;||0px|&#8221; use_border_color=&#8221;off&#8221; global_colors_info=&#8221;{}&#8221;]<\/p>\n<h4 style=\"text-align: left;\"><span style=\"color: #3c8859;\">Rese\u00f1as<\/span><\/h4>\n<p>[\/et_pb_text][et_pb_divider disabled_on=&#8221;on|on|off&#8221; _builder_version=&#8221;4.16&#8243; height=&#8221;5px&#8221; hide_on_mobile=&#8221;on&#8221; global_colors_info=&#8221;{}&#8221;][\/et_pb_divider][et_pb_text _builder_version=&#8221;4.27.6&#8243; hover_enabled=&#8221;0&#8243; use_border_color=&#8221;off&#8221; border_color=&#8221;#ffffff&#8221; border_style=&#8221;solid&#8221; global_colors_info=&#8221;{}&#8221; sticky_enabled=&#8221;0&#8243;]<\/p>\n<h5><a href=\"https:\/\/revistaespiritu.istomas.org\/juan-jose-garcia-norro-rogelio-rovira-eds-ser-y-no-ser-estudios-sobre-el-pensamiento-de-millan-puelles\/\">JUAN JOS\u00c9 GARC\u00cdA NORRO &#8211; ROGELIO ROVIRA (eds.)<\/a><br \/><a href=\"https:\/\/revistaespiritu.istomas.org\/juan-jose-garcia-norro-rogelio-rovira-eds-ser-y-no-ser-estudios-sobre-el-pensamiento-de-millan-puelles\/\">Ser y no ser. Estudios sobre el pensamiento de Mill\u00e1n-Puelles<\/a><\/h5>\n<p>Jos\u00e9 J. Escandell<\/p>\n<h5><a href=\"https:\/\/revistaespiritu.istomas.org\/rafael-monterde-ferrando-un-monton-de-paja-la-vida-filosofica-de-tomas-de-aquino\/\">RAFAEL MONTERDE FERRANDO<\/a><br \/><a href=\"https:\/\/revistaespiritu.istomas.org\/rafael-monterde-ferrando-un-monton-de-paja-la-vida-filosofica-de-tomas-de-aquino\/\">Un mont\u00f3n de paja. La vida filos\u00f3fica de Tom\u00e1s de Aquino<\/a><\/h5>\n<p>Francisco Javier Calvo Tolosa<\/p>\n<p>[\/et_pb_text][\/et_pb_column][et_pb_column type=&#8221;1_4&#8243; _builder_version=&#8221;4.16&#8243; custom_padding=&#8221;|||&#8221; global_colors_info=&#8221;{}&#8221; custom_padding__hover=&#8221;|||&#8221;][et_pb_sidebar orientation=&#8221;right&#8221; area=&#8221;sidebar-1&#8243; _builder_version=&#8221;4.16&#8243; header_font_size=&#8221;16&#8243; remove_border=&#8221;off&#8221; global_colors_info=&#8221;{}&#8221;][\/et_pb_sidebar][\/et_pb_column][\/et_pb_row][\/et_pb_section]<\/p>\n","protected":false},"excerpt":{"rendered":"<p>A\u00f1o 74 | 2025Presentaci\u00f3nArt\u00edculosDel amor de la esperanza a la esperanza en el amor: la esperanza en la vida familiar Carmen Cort\u00e9s \u201cSer amados por alguien nos hace esperar en \u00e9l\u201d: La amistad como fuente de esperanza en Tom\u00e1s de Aquino M\u00f3nica Garc\u00eda Campos y Luis Mariano B\u00e1rtoli Vida contemplativa y esperanza ante la posmodernidad [&hellip;]<\/p>\n","protected":false},"author":1,"featured_media":13589,"parent":0,"menu_order":0,"comment_status":"closed","ping_status":"closed","template":"","meta":{"_et_pb_use_builder":"on","_et_pb_old_content":"","_et_gb_content_width":"","footnotes":""},"categories":[1569],"tags":[],"class_list":["post-13567","page","type-page","status-publish","has-post-thumbnail","hentry","category-170-2025"],"_links":{"self":[{"href":"https:\/\/revistaespiritu.istomas.org\/en\/wp-json\/wp\/v2\/pages\/13567","targetHints":{"allow":["GET"]}}],"collection":[{"href":"https:\/\/revistaespiritu.istomas.org\/en\/wp-json\/wp\/v2\/pages"}],"about":[{"href":"https:\/\/revistaespiritu.istomas.org\/en\/wp-json\/wp\/v2\/types\/page"}],"author":[{"embeddable":true,"href":"https:\/\/revistaespiritu.istomas.org\/en\/wp-json\/wp\/v2\/users\/1"}],"replies":[{"embeddable":true,"href":"https:\/\/revistaespiritu.istomas.org\/en\/wp-json\/wp\/v2\/comments?post=13567"}],"version-history":[{"count":4,"href":"https:\/\/revistaespiritu.istomas.org\/en\/wp-json\/wp\/v2\/pages\/13567\/revisions"}],"predecessor-version":[{"id":13666,"href":"https:\/\/revistaespiritu.istomas.org\/en\/wp-json\/wp\/v2\/pages\/13567\/revisions\/13666"}],"wp:featuredmedia":[{"embeddable":true,"href":"https:\/\/revistaespiritu.istomas.org\/en\/wp-json\/wp\/v2\/media\/13589"}],"wp:attachment":[{"href":"https:\/\/revistaespiritu.istomas.org\/en\/wp-json\/wp\/v2\/media?parent=13567"}],"wp:term":[{"taxonomy":"category","embeddable":true,"href":"https:\/\/revistaespiritu.istomas.org\/en\/wp-json\/wp\/v2\/categories?post=13567"},{"taxonomy":"post_tag","embeddable":true,"href":"https:\/\/revistaespiritu.istomas.org\/en\/wp-json\/wp\/v2\/tags?post=13567"}],"curies":[{"name":"wp","href":"https:\/\/api.w.org\/{rel}","templated":true}]}}