{"id":13019,"date":"2024-12-24T12:15:21","date_gmt":"2024-12-24T10:15:21","guid":{"rendered":"https:\/\/revistaespiritu.istomas.org\/espiritu-168\/"},"modified":"2024-12-24T12:17:48","modified_gmt":"2024-12-24T10:17:48","slug":"espiritu-168","status":"publish","type":"page","link":"https:\/\/revistaespiritu.istomas.org\/en\/espiritu-168\/","title":{"rendered":"Esp\u00edritu 168"},"content":{"rendered":"<p>[et_pb_section fb_built=&#8221;1&#8243; admin_label=&#8221;section&#8221; _builder_version=&#8221;4.16&#8243; global_colors_info=&#8221;{}&#8221;][et_pb_row column_structure=&#8221;1_4,1_2,1_4&#8243; admin_label=&#8221;row&#8221; module_class=&#8221; et_pb_row_fullwidth&#8221; _builder_version=&#8221;4.16&#8243; background_size=&#8221;initial&#8221; background_position=&#8221;top_left&#8221; background_repeat=&#8221;repeat&#8221; width=&#8221;94%&#8221; width_tablet=&#8221;80%&#8221; width_phone=&#8221;&#8221; width_last_edited=&#8221;on|desktop&#8221; max_width=&#8221;94%&#8221; max_width_tablet=&#8221;80%&#8221; max_width_phone=&#8221;&#8221; max_width_last_edited=&#8221;on|desktop&#8221; make_fullwidth=&#8221;on&#8221; use_custom_width=&#8221;off&#8221; width_unit=&#8221;on&#8221; global_colors_info=&#8221;{}&#8221;][et_pb_column type=&#8221;1_4&#8243; _builder_version=&#8221;4.16&#8243; custom_padding=&#8221;|30px||&#8221; custom_css_main_element=&#8221;border-right: 1px solid #3c8859;&#8221; global_colors_info=&#8221;{}&#8221; custom_padding__hover=&#8221;|||&#8221;][et_pb_image src=&#8221;https:\/\/revistaespiritu.istomas.org\/wp-content\/uploads\/2024\/12\/168.png&#8221; alt=&#8221;Espiritu 167&#8243; title_text=&#8221;168&#8243; align=&#8221;center&#8221; align_tablet=&#8221;center&#8221; align_phone=&#8221;&#8221; align_last_edited=&#8221;on|desktop&#8221; _builder_version=&#8221;4.27.3&#8243; use_border_color=&#8221;off&#8221; border_color=&#8221;#ffffff&#8221; border_style=&#8221;solid&#8221; animation=&#8221;off&#8221; sticky=&#8221;off&#8221; always_center_on_mobile=&#8221;on&#8221; global_colors_info=&#8221;{}&#8221;][\/et_pb_image][\/et_pb_column][et_pb_column type=&#8221;1_2&#8243; _builder_version=&#8221;4.16&#8243; custom_padding=&#8221;|||&#8221; global_colors_info=&#8221;{}&#8221; custom_padding__hover=&#8221;|||&#8221;][et_pb_post_title meta=&#8221;off&#8221; featured_image=&#8221;off&#8221; _builder_version=&#8221;4.16&#8243; title_font_size=&#8221;32px&#8221; parallax=&#8221;on&#8221; text_orientation=&#8221;center&#8221; custom_padding=&#8221;10px||0px|&#8221; use_border_color=&#8221;off&#8221; border_color=&#8221;#ffffff&#8221; border_style=&#8221;solid&#8221; parallax_effect=&#8221;on&#8221; global_colors_info=&#8221;{}&#8221;][\/et_pb_post_title][et_pb_text _builder_version=&#8221;4.27.3&#8243; background_size=&#8221;initial&#8221; background_position=&#8221;top_left&#8221; background_repeat=&#8221;repeat&#8221; text_orientation=&#8221;center&#8221; module_alignment=&#8221;center&#8221; custom_padding=&#8221;0px|||&#8221; use_border_color=&#8221;off&#8221; border_color=&#8221;#ffffff&#8221; border_style=&#8221;solid&#8221; global_colors_info=&#8221;{}&#8221;]<\/p>\n<h4 style=\"text-align: center;\">Year 73 | 2024<\/h4>\n<p>[\/et_pb_text][et_pb_divider show_divider=&#8221;off&#8221; disabled_on=&#8221;on|on|off&#8221; _builder_version=&#8221;4.16&#8243; height=&#8221;5px&#8221; hide_on_mobile=&#8221;on&#8221; global_colors_info=&#8221;{}&#8221;][\/et_pb_divider][et_pb_text _builder_version=&#8221;4.16&#8243; background_size=&#8221;initial&#8221; background_position=&#8221;top_left&#8221; background_repeat=&#8221;repeat&#8221; custom_margin=&#8221;||0px|&#8221; use_border_color=&#8221;off&#8221; global_colors_info=&#8221;{}&#8221;]<\/p>\n<h4 style=\"text-align: left;\"><span style=\"color: #3c8859;\">Articles<\/span><\/h4>\n<p>[\/et_pb_text][et_pb_divider disabled_on=&#8221;on|on|off&#8221; _builder_version=&#8221;4.16&#8243; height=&#8221;5px&#8221; hide_on_mobile=&#8221;on&#8221; global_colors_info=&#8221;{}&#8221;][\/et_pb_divider][et_pb_text _builder_version=&#8221;4.27.3&#8243; width=&#8221;98.3%&#8221; hover_enabled=&#8221;0&#8243; use_border_color=&#8221;off&#8221; border_color=&#8221;#ffffff&#8221; border_style=&#8221;solid&#8221; global_colors_info=&#8221;{}&#8221; sticky_enabled=&#8221;0&#8243;]<\/p>\n<h5><a href=\"https:\/\/revistaespiritu.istomas.org\/santo-tomas-de-aquino-y-el-apostolado-intelectual-ante-el-sacerdote-de-hoy\/\"><strong>St. Thomas Aquinas and the intellectual apostolate for today&#8217;s priest<\/strong><\/a><\/h5>\n<p>Juan Roig Gironella<\/p>\n<h5><a href=\"https:\/\/revistaespiritu.istomas.org\/el-concepto-de-idea-en-santo-tomas-desde-el-platonismo-rosminiano\/\">The concept of idea in saint Thomas from a rosminian platonism<\/a><\/h5>\n<p>Jacob Buganza<\/p>\n<h5><a href=\"https:\/\/revistaespiritu.istomas.org\/iglesia-y-comunidad-politica-en-tomas-de-aquino-el-eje-de-la-conformacion-de-la-doctrina-catolica-definitiva\/\">Church and political community in Thomas Aquinas, axis of the shaping of the definitive catholic doctrine <\/a><\/h5>\n<p>Sergio Ra\u00fal Casta\u00f1o<\/p>\n<h5><a href=\"https:\/\/revistaespiritu.istomas.org\/es-tomas-de-aquino-un-materialista-inconsecuente-o-un-mal-cartesiano\/\">Is Thomas Aquinas an inconsequential materialist or a bad cartesian?<\/a><\/h5>\n<p>Mart\u00edn F. Echavarr\u00eda<\/p>\n<h5><a href=\"https:\/\/revistaespiritu.istomas.org\/el-estudio-de-la-filosofia-segun-tomas-de-aquino\/\">The study of philosophy according to Thomas Aquinas<\/a><\/h5>\n<p>Juan Jos\u00e9 Herrera<\/p>\n<h5><a href=\"https:\/\/revistaespiritu.istomas.org\/causas-y-efectos-de-la-desesperacion-teologica-en-tomas-de-aquino-y-la-enciclica-spe-salvi\/\">Causes and effects of theological dispair in Thomas Aquinas and encyclical Spe Salvi<\/a><\/h5>\n<p>Luis E. Larraguibel D\u00edez<\/p>\n<h5><a href=\"https:\/\/revistaespiritu.istomas.org\/la-ciencia-afectiva-y-el-fin-ultimo-del-hombre-en-san-alberto-magno\/\">The \u201caffective science\u201d and the ultimate end of man according to saint Albert the Great<\/a><\/h5>\n<p>Abel Mir\u00f3 i Comas<\/p>\n<p>[\/et_pb_text][et_pb_divider show_divider=&#8221;off&#8221; disabled_on=&#8221;on|on|off&#8221; _builder_version=&#8221;4.16&#8243; height=&#8221;10px&#8221; hide_on_mobile=&#8221;on&#8221; global_colors_info=&#8221;{}&#8221;][\/et_pb_divider][et_pb_text _builder_version=&#8221;4.16&#8243; background_size=&#8221;initial&#8221; background_position=&#8221;top_left&#8221; background_repeat=&#8221;repeat&#8221; custom_margin=&#8221;||0px|&#8221; use_border_color=&#8221;off&#8221; global_colors_info=&#8221;{}&#8221;]<\/p>\n<h4 style=\"text-align: left;\"><span style=\"color: #3c8859;\">Notes y documents<\/span><\/h4>\n<p>[\/et_pb_text][et_pb_divider disabled_on=&#8221;on|on|off&#8221; _builder_version=&#8221;4.16&#8243; height=&#8221;5px&#8221; hide_on_mobile=&#8221;on&#8221; global_colors_info=&#8221;{}&#8221;][\/et_pb_divider][et_pb_text _builder_version=&#8221;4.27.3&#8243; hover_enabled=&#8221;0&#8243; use_border_color=&#8221;off&#8221; border_color=&#8221;#ffffff&#8221; border_style=&#8221;solid&#8221; global_colors_info=&#8221;{}&#8221; sticky_enabled=&#8221;0&#8243;]<\/p>\n<h5><a href=\"https:\/\/revistaespiritu.istomas.org\/el-entrenamiento-espiritual-y-el-crecimiento-en-la-virtud-infusa-el-modelo-de-santo-tomas-de-aquino-en-su-contexto-historico\/\">Spiritual training\u201d and growth in infused virtue: the model of St. Thomas Aquinas in its historical context<\/a><\/h5>\n<p>David Elliot<\/p>\n<h5><a href=\"https:\/\/revistaespiritu.istomas.org\/memoria-de-las-actividades-academicas-del-instituto-santo-tomas-de-balmesiana-durante-el-curso-2023-2024\/\">Report on the Academic Activities of Instituo Santo Tom\u00e1s de Balmesiada during the academic year 2023-2024<\/a><\/h5>\n<p>&nbsp;<\/p>\n<p>[\/et_pb_text][et_pb_text _builder_version=&#8221;4.16&#8243; background_size=&#8221;initial&#8221; background_position=&#8221;top_left&#8221; background_repeat=&#8221;repeat&#8221; custom_margin=&#8221;||0px|&#8221; use_border_color=&#8221;off&#8221; global_colors_info=&#8221;{}&#8221;]<\/p>\n<h4 style=\"text-align: left;\"><span style=\"color: #3c8859;\">Reviews<\/span><\/h4>\n<p>[\/et_pb_text][et_pb_divider disabled_on=&#8221;on|on|off&#8221; _builder_version=&#8221;4.16&#8243; height=&#8221;5px&#8221; hide_on_mobile=&#8221;on&#8221; global_colors_info=&#8221;{}&#8221;][\/et_pb_divider][et_pb_text _builder_version=&#8221;4.27.3&#8243; hover_enabled=&#8221;0&#8243; use_border_color=&#8221;off&#8221; border_color=&#8221;#ffffff&#8221; border_style=&#8221;solid&#8221; global_colors_info=&#8221;{}&#8221; sticky_enabled=&#8221;0&#8243;]<\/p>\n<h5><a href=\"https:\/\/revistaespiritu.istomas.org\/enrique-martinez-y-lucas-p-prieto-tomismo-hispano-ocho-siglos-de-tradicion-intelectual\/\">ENRIQUE MART\u00cdNEZ AND LUCAS P. PRIETO. Hispanic Thomism. Eight centuries of intellectual tradition  <\/a><\/h5>\n<p>Juan I. Fern\u00e1ndez Ruiz<\/p>\n<h5><a href=\"https:\/\/revistaespiritu.istomas.org\/jose-maria-salvador-gonzalez-ianua-coeli-maria-mediadora-de-la-humanidad-explicacion-doctrinal-e-iconografia\/\">JOS\u00c9 MAR\u00cdA SALVADOR GONZ\u00c1LEZ. Ianua Coeli: Mary Mediatrix of humanity. Doctrinal explanation and iconography.  <\/a><\/h5>\n<p>David Torrijos Castrillejo<\/p>\n<h5><a href=\"https:\/\/revistaespiritu.istomas.org\/jose-antonio-ullate-lo-que-en-el-infierno-no-es-infierno\/\">JOS\u00c9 ANTONIO ULLATE. What in hell is not hell <\/a><\/h5>\n<p>Miguel \u00c1ngel Belmonte<\/p>\n<p>[\/et_pb_text][\/et_pb_column][et_pb_column type=&#8221;1_4&#8243; _builder_version=&#8221;4.16&#8243; custom_padding=&#8221;|||&#8221; global_colors_info=&#8221;{}&#8221; custom_padding__hover=&#8221;|||&#8221;][et_pb_sidebar orientation=&#8221;right&#8221; area=&#8221;sidebar-1&#8243; _builder_version=&#8221;4.16&#8243; header_font_size=&#8221;16&#8243; remove_border=&#8221;off&#8221; global_colors_info=&#8221;{}&#8221;][\/et_pb_sidebar][\/et_pb_column][\/et_pb_row][\/et_pb_section]<\/p>\n","protected":false},"excerpt":{"rendered":"<p>Year 73 | 2024ArticlesSt. Thomas Aquinas and the intellectual apostolate for today&#8217;s priest Juan Roig Gironella The concept of idea in saint Thomas from a rosminian platonism Jacob Buganza Church and political community in Thomas Aquinas, axis of the shaping of the definitive catholic doctrine Sergio Ra\u00fal Casta\u00f1o Is Thomas Aquinas an inconsequential materialist or [&hellip;]<\/p>\n","protected":false},"author":1,"featured_media":0,"parent":0,"menu_order":0,"comment_status":"closed","ping_status":"closed","template":"","meta":{"_et_pb_use_builder":"on","_et_pb_old_content":"","_et_gb_content_width":"","footnotes":""},"categories":[1539],"tags":[],"class_list":["post-13019","page","type-page","status-publish","hentry","category-168-2024-en"],"_links":{"self":[{"href":"https:\/\/revistaespiritu.istomas.org\/en\/wp-json\/wp\/v2\/pages\/13019","targetHints":{"allow":["GET"]}}],"collection":[{"href":"https:\/\/revistaespiritu.istomas.org\/en\/wp-json\/wp\/v2\/pages"}],"about":[{"href":"https:\/\/revistaespiritu.istomas.org\/en\/wp-json\/wp\/v2\/types\/page"}],"author":[{"embeddable":true,"href":"https:\/\/revistaespiritu.istomas.org\/en\/wp-json\/wp\/v2\/users\/1"}],"replies":[{"embeddable":true,"href":"https:\/\/revistaespiritu.istomas.org\/en\/wp-json\/wp\/v2\/comments?post=13019"}],"version-history":[{"count":5,"href":"https:\/\/revistaespiritu.istomas.org\/en\/wp-json\/wp\/v2\/pages\/13019\/revisions"}],"predecessor-version":[{"id":13024,"href":"https:\/\/revistaespiritu.istomas.org\/en\/wp-json\/wp\/v2\/pages\/13019\/revisions\/13024"}],"wp:attachment":[{"href":"https:\/\/revistaespiritu.istomas.org\/en\/wp-json\/wp\/v2\/media?parent=13019"}],"wp:term":[{"taxonomy":"category","embeddable":true,"href":"https:\/\/revistaespiritu.istomas.org\/en\/wp-json\/wp\/v2\/categories?post=13019"},{"taxonomy":"post_tag","embeddable":true,"href":"https:\/\/revistaespiritu.istomas.org\/en\/wp-json\/wp\/v2\/tags?post=13019"}],"curies":[{"name":"wp","href":"https:\/\/api.w.org\/{rel}","templated":true}]}}