{"id":12861,"date":"2024-11-10T14:30:18","date_gmt":"2024-11-10T12:30:18","guid":{"rendered":"https:\/\/revistaespiritu.istomas.org\/espiritu-167\/"},"modified":"2024-11-10T14:36:10","modified_gmt":"2024-11-10T12:36:10","slug":"espiritu-167","status":"publish","type":"page","link":"https:\/\/revistaespiritu.istomas.org\/en\/espiritu-167\/","title":{"rendered":"Espiritu 167"},"content":{"rendered":"<p>[et_pb_section fb_built=&#8221;1&#8243; admin_label=&#8221;section&#8221; _builder_version=&#8221;4.16&#8243; global_colors_info=&#8221;{}&#8221;][et_pb_row column_structure=&#8221;1_4,1_2,1_4&#8243; admin_label=&#8221;row&#8221; module_class=&#8221; et_pb_row_fullwidth&#8221; _builder_version=&#8221;4.16&#8243; background_size=&#8221;initial&#8221; background_position=&#8221;top_left&#8221; background_repeat=&#8221;repeat&#8221; width=&#8221;94%&#8221; width_tablet=&#8221;80%&#8221; width_phone=&#8221;&#8221; width_last_edited=&#8221;on|desktop&#8221; max_width=&#8221;94%&#8221; max_width_tablet=&#8221;80%&#8221; max_width_phone=&#8221;&#8221; max_width_last_edited=&#8221;on|desktop&#8221; make_fullwidth=&#8221;on&#8221; use_custom_width=&#8221;off&#8221; width_unit=&#8221;on&#8221; global_colors_info=&#8221;{}&#8221;][et_pb_column type=&#8221;1_4&#8243; _builder_version=&#8221;4.16&#8243; custom_padding=&#8221;|30px||&#8221; custom_css_main_element=&#8221;border-right: 1px solid #3c8859;&#8221; global_colors_info=&#8221;{}&#8221; custom_padding__hover=&#8221;|||&#8221;][et_pb_image src=&#8221;https:\/\/revistaespiritu.istomas.org\/wp-content\/uploads\/2024\/11\/Espiritu167-2.png&#8221; alt=&#8221;Espiritu 167&#8243; title_text=&#8221;Espiritu167&#8243; align=&#8221;center&#8221; align_tablet=&#8221;center&#8221; align_phone=&#8221;&#8221; align_last_edited=&#8221;on|desktop&#8221; _builder_version=&#8221;4.27.3&#8243; use_border_color=&#8221;off&#8221; border_color=&#8221;#ffffff&#8221; border_style=&#8221;solid&#8221; animation=&#8221;off&#8221; sticky=&#8221;off&#8221; always_center_on_mobile=&#8221;on&#8221; global_colors_info=&#8221;{}&#8221;][\/et_pb_image][\/et_pb_column][et_pb_column type=&#8221;1_2&#8243; _builder_version=&#8221;4.16&#8243; custom_padding=&#8221;|||&#8221; global_colors_info=&#8221;{}&#8221; custom_padding__hover=&#8221;|||&#8221;][et_pb_post_title meta=&#8221;off&#8221; featured_image=&#8221;off&#8221; _builder_version=&#8221;4.16&#8243; title_font_size=&#8221;32px&#8221; parallax=&#8221;on&#8221; text_orientation=&#8221;center&#8221; custom_padding=&#8221;10px||0px|&#8221; use_border_color=&#8221;off&#8221; border_color=&#8221;#ffffff&#8221; border_style=&#8221;solid&#8221; parallax_effect=&#8221;on&#8221; global_colors_info=&#8221;{}&#8221;][\/et_pb_post_title][et_pb_text _builder_version=&#8221;4.27.3&#8243; background_size=&#8221;initial&#8221; background_position=&#8221;top_left&#8221; background_repeat=&#8221;repeat&#8221; text_orientation=&#8221;center&#8221; module_alignment=&#8221;center&#8221; custom_padding=&#8221;0px|||&#8221; use_border_color=&#8221;off&#8221; border_color=&#8221;#ffffff&#8221; border_style=&#8221;solid&#8221; global_colors_info=&#8221;{}&#8221;]<\/p>\n<h4 style=\"text-align: center;\">Year 73 | 2024<\/h4>\n<p>[\/et_pb_text][et_pb_divider show_divider=&#8221;off&#8221; disabled_on=&#8221;on|on|off&#8221; _builder_version=&#8221;4.16&#8243; height=&#8221;5px&#8221; hide_on_mobile=&#8221;on&#8221; global_colors_info=&#8221;{}&#8221;][\/et_pb_divider][et_pb_text _builder_version=&#8221;4.16&#8243; background_size=&#8221;initial&#8221; background_position=&#8221;top_left&#8221; background_repeat=&#8221;repeat&#8221; custom_margin=&#8221;||0px|&#8221; use_border_color=&#8221;off&#8221; global_colors_info=&#8221;{}&#8221;]<\/p>\n<h4 style=\"text-align: left;\"><span style=\"color: #3c8859;\">Articles<\/span><\/h4>\n<p>[\/et_pb_text][et_pb_divider disabled_on=&#8221;on|on|off&#8221; _builder_version=&#8221;4.16&#8243; height=&#8221;5px&#8221; hide_on_mobile=&#8221;on&#8221; global_colors_info=&#8221;{}&#8221;][\/et_pb_divider][et_pb_text _builder_version=&#8221;4.27.3&#8243; width=&#8221;98.3%&#8221; hover_enabled=&#8221;0&#8243; use_border_color=&#8221;off&#8221; border_color=&#8221;#ffffff&#8221; border_style=&#8221;solid&#8221; global_colors_info=&#8221;{}&#8221; sticky_enabled=&#8221;0&#8243;]<\/p>\n<h5 class=\"p1\"><a href=\"https:\/\/revistaespiritu.istomas.org\/introduzione\/\">Introduction<\/a><\/h5>\n<p class=\"p2\">Emanuele Pili \u2013 Damiano Simoncelli<\/p>\n<h5 class=\"p1\"><a href=\"https:\/\/revistaespiritu.istomas.org\/tomismo-essenziale-e-filosofia-neoclassica-a-confronto-cornelio-fabro-e-gustavo-bontadini\/\">Comparing Essential Thomism and Neoclassical Philosophy. Cornelio Fabro and Gustavo Bontadini. <\/a><\/h5>\n<p class=\"p2\">Dario Sacchi<\/p>\n<h5 class=\"p1\"><a href=\"https:\/\/revistaespiritu.istomas.org\/tommaso-dopo-kant-il-contributo-della-neoscolastica-milanese\/\">Aquinas after Kant. The Contribution of the Milanese Neoscholasticism <\/a><\/h5>\n<p class=\"p2\">Paolo Pagani<\/p>\n<h5 class=\"p1\"><a href=\"https:\/\/revistaespiritu.istomas.org\/giudizio-ed-essere-joseph-marechal-e-la-scuola-di-milano\/\">Judgment and Being. Joseph Mar\u00e9chal and the School of Milan <\/a><\/h5>\n<p class=\"p2\">Francesco Saccardi<\/p>\n<h5 class=\"p1\"><a href=\"https:\/\/revistaespiritu.istomas.org\/lontologia-relazionale-dei-padri-e-la-relatio-subsistens-di-tommaso\/\">The relational ontology of the Fathers of the Church and Aquinas\u2019 <i>relatio subsistens<\/i><\/a><\/h5>\n<p class=\"p2\">Giulio Maspero <a href=\"https:\/\/revistaespiritu.istomas.org\/en\/elements-for-a-formalization-of-saint-thomass-metaphysics-of-participation\/\"><\/a><\/p>\n<h5 class=\"p1\"><a href=\"https:\/\/revistaespiritu.istomas.org\/ritorno-alle-origini-del-tomismo-analitico-il-ruolo-di-herbert-mccabe\/\">Back to the Origins of the Analytical Thomism: the Role of Herbert McCabe<\/a><\/h5>\n<p class=\"p2\">Marco Damonte<\/p>\n<p>[\/et_pb_text][et_pb_divider show_divider=&#8221;off&#8221; disabled_on=&#8221;on|on|off&#8221; _builder_version=&#8221;4.16&#8243; height=&#8221;10px&#8221; hide_on_mobile=&#8221;on&#8221; global_colors_info=&#8221;{}&#8221;][\/et_pb_divider][et_pb_text _builder_version=&#8221;4.16&#8243; background_size=&#8221;initial&#8221; background_position=&#8221;top_left&#8221; background_repeat=&#8221;repeat&#8221; custom_margin=&#8221;||0px|&#8221; use_border_color=&#8221;off&#8221; global_colors_info=&#8221;{}&#8221;]<\/p>\n<h4 style=\"text-align: left;\"><span style=\"color: #3c8859;\">Notes y documents<\/span><\/h4>\n<p>[\/et_pb_text][et_pb_divider disabled_on=&#8221;on|on|off&#8221; _builder_version=&#8221;4.16&#8243; height=&#8221;5px&#8221; hide_on_mobile=&#8221;on&#8221; global_colors_info=&#8221;{}&#8221;][\/et_pb_divider][et_pb_text _builder_version=&#8221;4.27.3&#8243; hover_enabled=&#8221;0&#8243; use_border_color=&#8221;off&#8221; border_color=&#8221;#ffffff&#8221; border_style=&#8221;solid&#8221; global_colors_info=&#8221;{}&#8221; sticky_enabled=&#8221;0&#8243;]<\/p>\n<h5 class=\"p1\"><a href=\"https:\/\/revistaespiritu.istomas.org\/algunas-observaciones-a-la-obra-de-marie-de-lassomption-sobre-naturaleza-y-gracia-en-santo-tomas-de-aquino\/\">Some remarks on Marie de l&#8217;Assomption&#8217;s work on nature and grace in St. Thomas Aquinas<\/a><\/h5>\n<p class=\"p2\">Eduardo Vadillo Romero<\/p>\n<p>[\/et_pb_text][et_pb_text _builder_version=&#8221;4.16&#8243; background_size=&#8221;initial&#8221; background_position=&#8221;top_left&#8221; background_repeat=&#8221;repeat&#8221; custom_margin=&#8221;||0px|&#8221; use_border_color=&#8221;off&#8221; global_colors_info=&#8221;{}&#8221;]<\/p>\n<h4 style=\"text-align: left;\"><span style=\"color: #3c8859;\">Reviews<\/span><\/h4>\n<p>[\/et_pb_text][et_pb_divider disabled_on=&#8221;on|on|off&#8221; _builder_version=&#8221;4.16&#8243; height=&#8221;5px&#8221; hide_on_mobile=&#8221;on&#8221; global_colors_info=&#8221;{}&#8221;][\/et_pb_divider][et_pb_text _builder_version=&#8221;4.27.3&#8243; hover_enabled=&#8221;0&#8243; use_border_color=&#8221;off&#8221; border_color=&#8221;#ffffff&#8221; border_style=&#8221;solid&#8221; global_colors_info=&#8221;{}&#8221; sticky_enabled=&#8221;0&#8243;]<\/p>\n<h5 class=\"p1\"><a href=\"https:\/\/revistaespiritu.istomas.org\/rafael-ramis-barcelo-la-segunda-escolastica-una-propuesta-de-sintesis-historica\/\">RAFAEL RAMIS BARCEL\u00d3. La segunda escol\u00e1stica. Una propuesta de s\u00edntesis hist\u00f3rica  <\/a><\/h5>\n<p class=\"p1\">Miguel Mar\u00eda Jim\u00e9nez de Cisneros<\/p>\n<h5 class=\"p1\"><a href=\"https:\/\/revistaespiritu.istomas.org\/lucas-p-prieto-la-conservacion-del-universo-segun-santo-tomas-de-aquino\/\">LUCAS P. PRIETO. La conservaci\u00f3n del universo seg\u00fan santo Tom\u00e1s de Aquino <\/a><\/h5>\n<p class=\"p1\">Eduardo Vadillo Romero<\/p>\n<h5 class=\"p1\"><a href=\"https:\/\/revistaespiritu.istomas.org\/mariusz-tabaczek-theistic-evolution-a-contemporary-aristotelian-thomistic-perspective\/\">MARIUSZ TABACZEK. Theistic Evolution. A Contemporary Aristotelian-Thomistic Perspective  <\/a><\/h5>\n<p>Lucas P. Prieto<\/p>\n<p>[\/et_pb_text][\/et_pb_column][et_pb_column type=&#8221;1_4&#8243; _builder_version=&#8221;4.16&#8243; custom_padding=&#8221;|||&#8221; global_colors_info=&#8221;{}&#8221; custom_padding__hover=&#8221;|||&#8221;][et_pb_sidebar orientation=&#8221;right&#8221; area=&#8221;sidebar-1&#8243; _builder_version=&#8221;4.16&#8243; header_font_size=&#8221;16&#8243; remove_border=&#8221;off&#8221; global_colors_info=&#8221;{}&#8221;][\/et_pb_sidebar][\/et_pb_column][\/et_pb_row][\/et_pb_section]<\/p>\n","protected":false},"excerpt":{"rendered":"<p>Year 73 | 2024ArticlesIntroduction Emanuele Pili \u2013 Damiano Simoncelli Comparing Essential Thomism and Neoclassical Philosophy. Cornelio Fabro and Gustavo Bontadini. Dario Sacchi Aquinas after Kant. The Contribution of the Milanese Neoscholasticism Paolo Pagani Judgment and Being. Joseph Mar\u00e9chal and the School of Milan Francesco Saccardi The relational ontology of the Fathers of the Church and [&hellip;]<\/p>\n","protected":false},"author":1,"featured_media":0,"parent":0,"menu_order":0,"comment_status":"closed","ping_status":"closed","template":"","meta":{"_et_pb_use_builder":"on","_et_pb_old_content":"","_et_gb_content_width":"","footnotes":""},"categories":[1524],"tags":[],"class_list":["post-12861","page","type-page","status-publish","hentry","category-167-2024-en"],"_links":{"self":[{"href":"https:\/\/revistaespiritu.istomas.org\/en\/wp-json\/wp\/v2\/pages\/12861","targetHints":{"allow":["GET"]}}],"collection":[{"href":"https:\/\/revistaespiritu.istomas.org\/en\/wp-json\/wp\/v2\/pages"}],"about":[{"href":"https:\/\/revistaespiritu.istomas.org\/en\/wp-json\/wp\/v2\/types\/page"}],"author":[{"embeddable":true,"href":"https:\/\/revistaespiritu.istomas.org\/en\/wp-json\/wp\/v2\/users\/1"}],"replies":[{"embeddable":true,"href":"https:\/\/revistaespiritu.istomas.org\/en\/wp-json\/wp\/v2\/comments?post=12861"}],"version-history":[{"count":5,"href":"https:\/\/revistaespiritu.istomas.org\/en\/wp-json\/wp\/v2\/pages\/12861\/revisions"}],"predecessor-version":[{"id":12867,"href":"https:\/\/revistaespiritu.istomas.org\/en\/wp-json\/wp\/v2\/pages\/12861\/revisions\/12867"}],"wp:attachment":[{"href":"https:\/\/revistaespiritu.istomas.org\/en\/wp-json\/wp\/v2\/media?parent=12861"}],"wp:term":[{"taxonomy":"category","embeddable":true,"href":"https:\/\/revistaespiritu.istomas.org\/en\/wp-json\/wp\/v2\/categories?post=12861"},{"taxonomy":"post_tag","embeddable":true,"href":"https:\/\/revistaespiritu.istomas.org\/en\/wp-json\/wp\/v2\/tags?post=12861"}],"curies":[{"name":"wp","href":"https:\/\/api.w.org\/{rel}","templated":true}]}}