{"id":12362,"date":"2023-01-29T12:50:18","date_gmt":"2023-01-29T10:50:18","guid":{"rendered":"https:\/\/revistaespiritu.istomas.org\/espiritu-164\/"},"modified":"2023-01-29T12:50:24","modified_gmt":"2023-01-29T10:50:24","slug":"espiritu-164","status":"publish","type":"page","link":"https:\/\/revistaespiritu.istomas.org\/en\/espiritu-164\/","title":{"rendered":"Esp\u00edritu 164"},"content":{"rendered":"<p>[et_pb_section fb_built=&#8221;1&#8243; admin_label=&#8221;section&#8221; _builder_version=&#8221;4.16&#8243; global_colors_info=&#8221;{}&#8221;][et_pb_row column_structure=&#8221;1_4,1_2,1_4&#8243; admin_label=&#8221;row&#8221; module_class=&#8221; et_pb_row_fullwidth&#8221; _builder_version=&#8221;4.16&#8243; background_size=&#8221;initial&#8221; background_position=&#8221;top_left&#8221; background_repeat=&#8221;repeat&#8221; width=&#8221;94%&#8221; width_tablet=&#8221;80%&#8221; width_phone=&#8221;&#8221; width_last_edited=&#8221;on|desktop&#8221; max_width=&#8221;94%&#8221; max_width_tablet=&#8221;80%&#8221; max_width_phone=&#8221;&#8221; max_width_last_edited=&#8221;on|desktop&#8221; make_fullwidth=&#8221;on&#8221; use_custom_width=&#8221;off&#8221; width_unit=&#8221;on&#8221; global_colors_info=&#8221;{}&#8221;][et_pb_column type=&#8221;1_4&#8243; _builder_version=&#8221;4.16&#8243; custom_padding=&#8221;|30px||&#8221; custom_css_main_element=&#8221;border-right: 1px solid #3c8859;&#8221; global_colors_info=&#8221;{}&#8221; custom_padding__hover=&#8221;|||&#8221;][et_pb_image src=&#8221;https:\/\/revistaespiritu.istomas.org\/wp-content\/uploads\/2023\/01\/Portada_164.jpg&#8221; alt=&#8221;Espiritu 164&#8243; title_text=&#8221;Portada_164&#8243; align=&#8221;center&#8221; align_tablet=&#8221;center&#8221; align_phone=&#8221;&#8221; align_last_edited=&#8221;on|desktop&#8221; _builder_version=&#8221;4.19.4&#8243; animation=&#8221;off&#8221; sticky=&#8221;off&#8221; use_border_color=&#8221;off&#8221; border_color=&#8221;#ffffff&#8221; border_style=&#8221;solid&#8221; always_center_on_mobile=&#8221;on&#8221; global_colors_info=&#8221;{}&#8221;][\/et_pb_image][\/et_pb_column][et_pb_column type=&#8221;1_2&#8243; _builder_version=&#8221;4.16&#8243; custom_padding=&#8221;|||&#8221; global_colors_info=&#8221;{}&#8221; custom_padding__hover=&#8221;|||&#8221;][et_pb_post_title meta=&#8221;off&#8221; featured_image=&#8221;off&#8221; _builder_version=&#8221;4.16&#8243; title_font_size=&#8221;32px&#8221; parallax=&#8221;on&#8221; text_orientation=&#8221;center&#8221; custom_padding=&#8221;10px||0px|&#8221; use_border_color=&#8221;off&#8221; border_color=&#8221;#ffffff&#8221; border_style=&#8221;solid&#8221; parallax_effect=&#8221;on&#8221; global_colors_info=&#8221;{}&#8221;][\/et_pb_post_title][et_pb_text _builder_version=&#8221;4.17.4&#8243; background_size=&#8221;initial&#8221; background_position=&#8221;top_left&#8221; background_repeat=&#8221;repeat&#8221; text_orientation=&#8221;center&#8221; module_alignment=&#8221;center&#8221; custom_padding=&#8221;0px|||&#8221; use_border_color=&#8221;off&#8221; border_color=&#8221;#ffffff&#8221; border_style=&#8221;solid&#8221; global_colors_info=&#8221;{}&#8221;]<\/p>\n<h4 style=\"text-align: center;\">Year 71 | 2022<\/h4>\n<p>[\/et_pb_text][et_pb_divider show_divider=&#8221;off&#8221; disabled_on=&#8221;on|on|off&#8221; _builder_version=&#8221;4.16&#8243; height=&#8221;5px&#8221; hide_on_mobile=&#8221;on&#8221; global_colors_info=&#8221;{}&#8221;][\/et_pb_divider][et_pb_text _builder_version=&#8221;4.19.4&#8243; link_font=&#8221;||||on||||&#8221; background_size=&#8221;initial&#8221; background_position=&#8221;top_left&#8221; background_repeat=&#8221;repeat&#8221; custom_margin=&#8221;||||false|false&#8221; link_option_url=&#8221;https:\/\/revistaespiritu.istomas.org\/wp-content\/uploads\/2022\/07\/163-Presentacion.pdf&#8221; hover_enabled=&#8221;0&#8243; use_border_color=&#8221;off&#8221; global_colors_info=&#8221;{}&#8221; sticky_enabled=&#8221;0&#8243;]<\/p>\n<h4 style=\"text-align: left;\"><a href=\"\"><span style=\"color: #3c8859;\">Presentation<\/span><\/a><\/h4>\n<p>[\/et_pb_text][et_pb_text _builder_version=&#8221;4.16&#8243; background_size=&#8221;initial&#8221; background_position=&#8221;top_left&#8221; background_repeat=&#8221;repeat&#8221; custom_margin=&#8221;||0px|&#8221; use_border_color=&#8221;off&#8221; global_colors_info=&#8221;{}&#8221;]<\/p>\n<h4 style=\"text-align: left;\"><span style=\"color: #3c8859;\">Articles<\/span><\/h4>\n<p>[\/et_pb_text][et_pb_divider disabled_on=&#8221;on|on|off&#8221; _builder_version=&#8221;4.16&#8243; height=&#8221;5px&#8221; hide_on_mobile=&#8221;on&#8221; global_colors_info=&#8221;{}&#8221;][\/et_pb_divider][et_pb_text _builder_version=&#8221;4.19.4&#8243; width=&#8221;98.3%&#8221; hover_enabled=&#8221;0&#8243; use_border_color=&#8221;off&#8221; border_color=&#8221;#ffffff&#8221; border_style=&#8221;solid&#8221; global_colors_info=&#8221;{}&#8221; sticky_enabled=&#8221;0&#8243;]<\/p>\n<h5><a href=\"https:\/\/revistaespiritu.istomas.org\/del-movimiento-al-ser-una-interpretacion-metafisica-de-la-primera-via-de-santo-tomas-de-aquino\/\">From Movement to Being. A Metaphysical Interpretation of Thomas Aquinas\u2019s First Way<\/a><\/h5>\n<p>Agust\u00edn Echavarr\u00eda<\/p>\n<h5><a href=\"https:\/\/revistaespiritu.istomas.org\/dios-causalidad-y-movimiento-en-la-suma-teologica-de-santo-tomas-de-aquino\/\">God causality and motion in Thomas Aquinas&#8217;s Summa Theologiae<\/a><\/h5>\n<p>Alberto Ross<\/p>\n<h5><a href=\"https:\/\/revistaespiritu.istomas.org\/la-existencia-de-dios-el-argumento-tomista-del-de-ente-con-el-finitismo-causal-como-refuerzo\/\">The existence of God: Aquinas&#8217;s De Ente argument with causal finitism as reinforcement<\/a><\/h5>\n<p>Enric F. Gel<\/p>\n<h5><a href=\"https:\/\/revistaespiritu.istomas.org\/santo-tomas-y-crusius-frente-a-kant-y-los-racionalistas-el-trasfondo-metafisico-de-sus-objeciones-contra-el-argumento-ontologico\/\">Saint Thomas and Crusius, facing Kant and the rationalists The metaphysical background of their objections against the ontological argument<\/a><\/h5>\n<p>Ignacio Garay<\/p>\n<h5><a href=\"https:\/\/revistaespiritu.istomas.org\/divine-angelic-and-human-persuasion-in-perspective-of-biblical-commentaries-of-aquinas\/\">Divine, Angelic and Human Persuasion in Perspective of Biblical Commentaries of Aquinas<\/a><\/h5>\n<p>Piotr Roszak &#8211; Piotr Orlowsky<\/p>\n<h5><a href=\"https:\/\/revistaespiritu.istomas.org\/the-legal-hermeneutics-of-representation\/\">The Legal Hermeneutics of Representation<\/a><\/h5>\n<p>Crist\u00f3bal Orrego<\/p>\n<h5><a href=\"https:\/\/revistaespiritu.istomas.org\/la-razon-formal-de-deidad-segun-reginald-garrigou-lagrange-o-p\/\">The formal reason of Deity according to R\u00e9ginald Garrigou-Lagrange O.P.<\/a><\/h5>\n<p>Luis E. Larraguibel D\u00edez<\/p>\n<h5><a href=\"https:\/\/revistaespiritu.istomas.org\/del-error-ebionita-al-error-marxista\/\">From Ebionite Error to Marxist Error<\/a><\/h5>\n<p>Mat\u00edas Jos\u00e9 Mackenney Ratinoff<\/p>\n<h5><a href=\"https:\/\/revistaespiritu.istomas.org\/el-concepto-de-virtud-moral-en-clemente-de-alejandria\/\">The concept of moral virtue in Clement of Alexandria<\/a><\/h5>\n<p>Jacob Buganza<\/p>\n<h5><a href=\"https:\/\/revistaespiritu.istomas.org\/una-delimitacion-de-la-influencia-platonica-en-la-doctrina-de-la-participacion-trascendental-de-tomas-de-aquino\/\">A delimitation of the platonic influence on Thomas Aquinas&#8217; doctrine on transcendental participation<\/a><\/h5>\n<p>Juliana Peir\u00f3 P\u00e9rez<\/p>\n<p>[\/et_pb_text][et_pb_divider show_divider=&#8221;off&#8221; disabled_on=&#8221;on|on|off&#8221; _builder_version=&#8221;4.16&#8243; height=&#8221;10px&#8221; hide_on_mobile=&#8221;on&#8221; global_colors_info=&#8221;{}&#8221;][\/et_pb_divider][et_pb_text _builder_version=&#8221;4.16&#8243; background_size=&#8221;initial&#8221; background_position=&#8221;top_left&#8221; background_repeat=&#8221;repeat&#8221; custom_margin=&#8221;||0px|&#8221; use_border_color=&#8221;off&#8221; global_colors_info=&#8221;{}&#8221;]<\/p>\n<h4 style=\"text-align: left;\"><span style=\"color: #3c8859;\">Notes y documents<\/span><\/h4>\n<p>[\/et_pb_text][et_pb_divider disabled_on=&#8221;on|on|off&#8221; _builder_version=&#8221;4.16&#8243; height=&#8221;5px&#8221; hide_on_mobile=&#8221;on&#8221; global_colors_info=&#8221;{}&#8221;][\/et_pb_divider][et_pb_text _builder_version=&#8221;4.19.4&#8243; hover_enabled=&#8221;0&#8243; use_border_color=&#8221;off&#8221; border_color=&#8221;#ffffff&#8221; border_style=&#8221;solid&#8221; global_colors_info=&#8221;{}&#8221; sticky_enabled=&#8221;0&#8243;]<\/p>\n<h5><a href=\"https:\/\/revistaespiritu.istomas.org\/nota-y-discusion-sobre-la-propuesta-filosofica-de-la-reconstruccion-de-occidente-de-jose-maria-mendez\/\">Note and discussion on the philosophical proposal of &#8220;The Reconstruction of the West&#8221; by Jos\u00e9 Mar\u00eda M\u00e9ndez<\/a><\/h5>\n<p>Gabriel Alonso Garc\u00eda<\/p>\n<h5><a href=\"https:\/\/revistaespiritu.istomas.org\/bibliografia-tomista-hispanica-del-ano-2021\/\">Hispanic Thomist bibliography of the year 2021<\/a><\/h5>\n<p>Enrique Alarc\u00f3n<\/p>\n<h5><a href=\"https:\/\/revistaespiritu.istomas.org\/memoria-de-las-actividades-academicas-del-instituto-santo-tomas-de-la-fundacion-balmesiana-durante-el-curso-2021-2022\/\">Report of the Academic Activities of Instituto Santo Tom\u00e1s of the Fundaci\u00f3n Balmesiana during the 2021-2022 academic year<\/a><\/h5>\n<p>Esp\u00edritu<\/p>\n<p>[\/et_pb_text][et_pb_text _builder_version=&#8221;4.16&#8243; background_size=&#8221;initial&#8221; background_position=&#8221;top_left&#8221; background_repeat=&#8221;repeat&#8221; custom_margin=&#8221;||0px|&#8221; use_border_color=&#8221;off&#8221; global_colors_info=&#8221;{}&#8221;]<\/p>\n<h4 style=\"text-align: left;\"><span style=\"color: #3c8859;\">Reviews<\/span><\/h4>\n<p>[\/et_pb_text][et_pb_divider disabled_on=&#8221;on|on|off&#8221; _builder_version=&#8221;4.16&#8243; height=&#8221;5px&#8221; hide_on_mobile=&#8221;on&#8221; global_colors_info=&#8221;{}&#8221;][\/et_pb_divider][et_pb_text _builder_version=&#8221;4.19.4&#8243; hover_enabled=&#8221;0&#8243; use_border_color=&#8221;off&#8221; border_color=&#8221;#ffffff&#8221; border_style=&#8221;solid&#8221; global_colors_info=&#8221;{}&#8221; sticky_enabled=&#8221;0&#8243;]<\/p>\n<h5><a href=\"https:\/\/revistaespiritu.istomas.org\/alberto-magno-de-unitate-intellectus-uber-die-einzigkeit-des-intellekts\/\"><em>ALBERTO MAGNO<\/em>. De unitate intellectus: About the uniqueness of the intellect<\/a><\/h5>\n<p>David Torrijos Castrillejo<\/p>\n<h5><a href=\"https:\/\/revistaespiritu.istomas.org\/imelda-chlodna-blach-from-paideia-to-high-culture-a-philosophical-anthropological-approach\/\"><em>IMELDA CH\u0141ODNA-B\u0141ACH<\/em>. From Paideia to High Culture: A Philosophical-Anthropological Approach<\/a><\/h5>\n<p>Zbigniew Pa<span><em>\u0144<\/em><\/span>puch<\/p>\n<p>[\/et_pb_text][\/et_pb_column][et_pb_column type=&#8221;1_4&#8243; _builder_version=&#8221;4.16&#8243; custom_padding=&#8221;|||&#8221; global_colors_info=&#8221;{}&#8221; custom_padding__hover=&#8221;|||&#8221;][et_pb_sidebar orientation=&#8221;right&#8221; area=&#8221;sidebar-1&#8243; _builder_version=&#8221;4.16&#8243; header_font_size=&#8221;16&#8243; remove_border=&#8221;off&#8221; global_colors_info=&#8221;{}&#8221;][\/et_pb_sidebar][\/et_pb_column][\/et_pb_row][\/et_pb_section]<\/p>\n","protected":false},"excerpt":{"rendered":"<p>Year 71 | 2022PresentationArticlesFrom Movement to Being. A Metaphysical Interpretation of Thomas Aquinas\u2019s First Way Agust\u00edn Echavarr\u00eda God causality and motion in Thomas Aquinas&#8217;s Summa Theologiae Alberto Ross The existence of God: Aquinas&#8217;s De Ente argument with causal finitism as reinforcement Enric F. Gel Saint Thomas and Crusius, facing Kant and the rationalists The metaphysical [&hellip;]<\/p>\n","protected":false},"author":1,"featured_media":0,"parent":0,"menu_order":0,"comment_status":"closed","ping_status":"closed","template":"","meta":{"_et_pb_use_builder":"on","_et_pb_old_content":"","_et_gb_content_width":"","footnotes":""},"categories":[1461],"tags":[],"class_list":["post-12362","page","type-page","status-publish","hentry","category-164-2022-en"],"_links":{"self":[{"href":"https:\/\/revistaespiritu.istomas.org\/en\/wp-json\/wp\/v2\/pages\/12362","targetHints":{"allow":["GET"]}}],"collection":[{"href":"https:\/\/revistaespiritu.istomas.org\/en\/wp-json\/wp\/v2\/pages"}],"about":[{"href":"https:\/\/revistaespiritu.istomas.org\/en\/wp-json\/wp\/v2\/types\/page"}],"author":[{"embeddable":true,"href":"https:\/\/revistaespiritu.istomas.org\/en\/wp-json\/wp\/v2\/users\/1"}],"replies":[{"embeddable":true,"href":"https:\/\/revistaespiritu.istomas.org\/en\/wp-json\/wp\/v2\/comments?post=12362"}],"version-history":[{"count":2,"href":"https:\/\/revistaespiritu.istomas.org\/en\/wp-json\/wp\/v2\/pages\/12362\/revisions"}],"predecessor-version":[{"id":12364,"href":"https:\/\/revistaespiritu.istomas.org\/en\/wp-json\/wp\/v2\/pages\/12362\/revisions\/12364"}],"wp:attachment":[{"href":"https:\/\/revistaespiritu.istomas.org\/en\/wp-json\/wp\/v2\/media?parent=12362"}],"wp:term":[{"taxonomy":"category","embeddable":true,"href":"https:\/\/revistaespiritu.istomas.org\/en\/wp-json\/wp\/v2\/categories?post=12362"},{"taxonomy":"post_tag","embeddable":true,"href":"https:\/\/revistaespiritu.istomas.org\/en\/wp-json\/wp\/v2\/tags?post=12362"}],"curies":[{"name":"wp","href":"https:\/\/api.w.org\/{rel}","templated":true}]}}