{"id":12106,"date":"2022-07-06T23:05:27","date_gmt":"2022-07-06T21:05:27","guid":{"rendered":"https:\/\/revistaespiritu.istomas.org\/espiritu-163\/"},"modified":"2022-07-11T20:20:17","modified_gmt":"2022-07-11T18:20:17","slug":"espiritu-163","status":"publish","type":"page","link":"https:\/\/revistaespiritu.istomas.org\/en\/espiritu-163\/","title":{"rendered":"Espiritu 163"},"content":{"rendered":"<p>[et_pb_section fb_built=&#8221;1&#8243; admin_label=&#8221;section&#8221; _builder_version=&#8221;4.16&#8243; global_colors_info=&#8221;{}&#8221;][et_pb_row column_structure=&#8221;1_4,1_2,1_4&#8243; admin_label=&#8221;row&#8221; module_class=&#8221; et_pb_row_fullwidth&#8221; _builder_version=&#8221;4.16&#8243; background_size=&#8221;initial&#8221; background_position=&#8221;top_left&#8221; background_repeat=&#8221;repeat&#8221; width=&#8221;94%&#8221; width_tablet=&#8221;80%&#8221; width_phone=&#8221;&#8221; width_last_edited=&#8221;on|desktop&#8221; max_width=&#8221;94%&#8221; max_width_tablet=&#8221;80%&#8221; max_width_phone=&#8221;&#8221; max_width_last_edited=&#8221;on|desktop&#8221; make_fullwidth=&#8221;on&#8221; use_custom_width=&#8221;off&#8221; width_unit=&#8221;on&#8221; global_colors_info=&#8221;{}&#8221;][et_pb_column type=&#8221;1_4&#8243; _builder_version=&#8221;4.16&#8243; custom_padding=&#8221;|30px||&#8221; custom_css_main_element=&#8221;border-right: 1px solid #3c8859;&#8221; global_colors_info=&#8221;{}&#8221; custom_padding__hover=&#8221;|||&#8221;][et_pb_image src=&#8221;https:\/\/revistaespiritu.istomas.org\/wp-content\/uploads\/2022\/07\/Indice-163-01.png&#8221; alt=&#8221;Espiritu 163&#8243; title_text=&#8221;Index-163-01&#8243; url=&#8221;https:\/\/revistaespiritu.istomas.org\/wp-content\/uploads\/2022\/07\/163-OK.pdf&#8221; use_overlay=&#8221;on&#8221; align=&#8221;center&#8221; align_tablet=&#8221;center&#8221; align_phone=&#8221;&#8221; align_last_edited=&#8221;on|desktop&#8221; _builder_version=&#8221;4.17.4&#8243; hover_enabled=&#8221;0&#8243; use_border_color=&#8221;off&#8221; border_color=&#8221;#ffffff&#8221; border_style=&#8221;solid&#8221; animation=&#8221;off&#8221; sticky=&#8221;off&#8221; always_center_on_mobile=&#8221;on&#8221; global_colors_info=&#8221;{}&#8221; sticky_enabled=&#8221;0&#8243;][\/et_pb_image][\/et_pb_column][et_pb_column type=&#8221;1_2&#8243; _builder_version=&#8221;4.16&#8243; custom_padding=&#8221;|||&#8221; global_colors_info=&#8221;{}&#8221; custom_padding__hover=&#8221;|||&#8221;][et_pb_post_title meta=&#8221;off&#8221; featured_image=&#8221;off&#8221; _builder_version=&#8221;4.16&#8243; title_font_size=&#8221;32px&#8221; parallax=&#8221;on&#8221; text_orientation=&#8221;center&#8221; custom_padding=&#8221;10px||0px|&#8221; use_border_color=&#8221;off&#8221; border_color=&#8221;#ffffff&#8221; border_style=&#8221;solid&#8221; parallax_effect=&#8221;on&#8221; global_colors_info=&#8221;{}&#8221;][\/et_pb_post_title][et_pb_text _builder_version=&#8221;4.17.4&#8243; background_size=&#8221;initial&#8221; background_position=&#8221;top_left&#8221; background_repeat=&#8221;repeat&#8221; text_orientation=&#8221;center&#8221; module_alignment=&#8221;center&#8221; custom_padding=&#8221;0px|||&#8221; use_border_color=&#8221;off&#8221; border_color=&#8221;#ffffff&#8221; border_style=&#8221;solid&#8221; global_colors_info=&#8221;{}&#8221;]<\/p>\n<h4 style=\"text-align: center;\">Year 71 | 2022<\/h4>\n<p>[\/et_pb_text][et_pb_divider show_divider=&#8221;off&#8221; disabled_on=&#8221;on|on|off&#8221; _builder_version=&#8221;4.16&#8243; height=&#8221;5px&#8221; hide_on_mobile=&#8221;on&#8221; global_colors_info=&#8221;{}&#8221;][\/et_pb_divider][et_pb_text _builder_version=&#8221;4.17.4&#8243; link_font=&#8221;||||on||||&#8221; background_size=&#8221;initial&#8221; background_position=&#8221;top_left&#8221; background_repeat=&#8221;repeat&#8221; custom_margin=&#8221;||||false|false&#8221; link_option_url=&#8221;https:\/\/revistaespiritu.istomas.org\/wp-content\/uploads\/2022\/07\/163-Presentacion.pdf&#8221; use_border_color=&#8221;off&#8221; global_colors_info=&#8221;{}&#8221;]<\/p>\n<h4 style=\"text-align: left;\"><a href=\"https:\/\/revistaespiritu.istomas.org\/wp-content\/uploads\/2022\/07\/163-Presentacion.pdf\"><span style=\"color: #3c8859;\">Presentation<\/span><\/a><\/h4>\n<p>[\/et_pb_text][et_pb_text _builder_version=&#8221;4.16&#8243; background_size=&#8221;initial&#8221; background_position=&#8221;top_left&#8221; background_repeat=&#8221;repeat&#8221; custom_margin=&#8221;||0px|&#8221; use_border_color=&#8221;off&#8221; global_colors_info=&#8221;{}&#8221;]<\/p>\n<h4 style=\"text-align: left;\"><span style=\"color: #3c8859;\">Articles<\/span><\/h4>\n<p>[\/et_pb_text][et_pb_divider disabled_on=&#8221;on|on|off&#8221; _builder_version=&#8221;4.16&#8243; height=&#8221;5px&#8221; hide_on_mobile=&#8221;on&#8221; global_colors_info=&#8221;{}&#8221;][\/et_pb_divider][et_pb_text _builder_version=&#8221;4.17.4&#8243; width=&#8221;98.3%&#8221; use_border_color=&#8221;off&#8221; border_color=&#8221;#ffffff&#8221; border_style=&#8221;solid&#8221; global_colors_info=&#8221;{}&#8221;]<\/p>\n<h5 style=\"text-align: left;\"><a href=\"https:\/\/revistaespiritu.istomas.org\/en\/three-unpublished-manuscripts-on-grace-and-free-will-by-banez\/\">Three unpublished manuscripts on grace and free will by B\u00e1\u00f1ez<\/a><\/h5>\n<p style=\"text-align: left;\">David Torrijos-Castrillejo<\/p>\n<h5 style=\"text-align: left;\"><a href=\"https:\/\/revistaespiritu.istomas.org\/en\/omnipotence-and-order-a-reevaluation-of-voluntarism-in-francisco-suarez\/\">Omnipotence and order. A reevaluation of voluntarism in Francisco Su\u00e1rez<\/a><\/h5>\n<p style=\"text-align: left;\">Ignacio Stevenson<\/p>\n<h5 style=\"text-align: left;\"><a href=\"https:\/\/revistaespiritu.istomas.org\/en\/hugo-grotius-and-the-scholastic-tradition\/\"><span class=\"titulo\">Hugo Grotius and the Scholastic Tradition<\/span><\/a><\/h5>\n<p style=\"text-align: left;\">Sebasti\u00e1n Contreras Aguirre<\/p>\n<h5 style=\"text-align: left;\"><a href=\"https:\/\/revistaespiritu.istomas.org\/en\/the-power-of-the-keys-the-power-of-the-roman-pontiff-in-the-defensio-fidei-of-francisco-suarez\/\">The Power of the Keys: The Power of the Roman Pontiff in the Defensio fidei of Francisco Su\u00e1rez<\/a><\/h5>\n<p style=\"text-align: left;\">Anastas\u00eda Assimak\u00f3pulos<\/p>\n<h5 style=\"text-align: left;\"><a href=\"https:\/\/revistaespiritu.istomas.org\/en\/the-states-of-man-according-to-domingo-soto-in-de-natura-et-gratia\/\">The states of man according to Domingo Soto in De natura et gratia<\/a><\/h5>\n<p style=\"text-align: left;\">Lucas Pablo Prieto<\/p>\n<h5 style=\"text-align: left;\"><a href=\"https:\/\/revistaespiritu.istomas.org\/en\/voluntarism-in-the-school-of-salamanca\/\">Voluntarism in the School of Salamanca<\/a><\/h5>\n<p style=\"text-align: left;\">Miguel Anxo Pena Gonz\u00e1lez<\/p>\n<h5 style=\"text-align: left;\"><a href=\"https:\/\/revistaespiritu.istomas.org\/en\/melchor-cano-the-debate-on-the-use-of-biblical-languages-in-theology\/\">Melchor Cano. The debate on the use of biblical languages in Theology<\/a><\/h5>\n<p style=\"text-align: left;\">Juan Belda Plans<\/p>\n<h5 style=\"text-align: left;\"><a href=\"https:\/\/revistaespiritu.istomas.org\/en\/the-essence-of-law-according-to-domingo-de-soto\/\">The Essence of Law according to Domingo de Soto<\/a><\/h5>\n<p style=\"text-align: left;\">Jaime Mercant Sim\u00f3<\/p>\n<p>[\/et_pb_text][et_pb_divider show_divider=&#8221;off&#8221; disabled_on=&#8221;on|on|off&#8221; _builder_version=&#8221;4.16&#8243; height=&#8221;10px&#8221; hide_on_mobile=&#8221;on&#8221; global_colors_info=&#8221;{}&#8221;][\/et_pb_divider][et_pb_text _builder_version=&#8221;4.16&#8243; background_size=&#8221;initial&#8221; background_position=&#8221;top_left&#8221; background_repeat=&#8221;repeat&#8221; custom_margin=&#8221;||0px|&#8221; use_border_color=&#8221;off&#8221; global_colors_info=&#8221;{}&#8221;]<\/p>\n<h4 style=\"text-align: left;\"><span style=\"color: #3c8859;\">Notes y documents<\/span><\/h4>\n<p>[\/et_pb_text][et_pb_divider disabled_on=&#8221;on|on|off&#8221; _builder_version=&#8221;4.16&#8243; height=&#8221;5px&#8221; hide_on_mobile=&#8221;on&#8221; global_colors_info=&#8221;{}&#8221;][\/et_pb_divider][et_pb_text _builder_version=&#8221;4.17.4&#8243; use_border_color=&#8221;off&#8221; border_color=&#8221;#ffffff&#8221; border_style=&#8221;solid&#8221; global_colors_info=&#8221;{}&#8221;]<\/p>\n<h5 style=\"text-align: left;\"><a href=\"https:\/\/revistaespiritu.istomas.org\/en\/a-problem-with-fesers-defense-of-the-intellectus-essentiae-argument\/\">A Problem with Feser\u2019s Defense of the Intellectus Essentiae Argument<\/a><\/h5>\n<p>Enric F. Gel<\/p>\n<p>[\/et_pb_text][et_pb_text _builder_version=&#8221;4.16&#8243; background_size=&#8221;initial&#8221; background_position=&#8221;top_left&#8221; background_repeat=&#8221;repeat&#8221; custom_margin=&#8221;||0px|&#8221; use_border_color=&#8221;off&#8221; global_colors_info=&#8221;{}&#8221;]<\/p>\n<h4 style=\"text-align: left;\"><span style=\"color: #3c8859;\">Reviews<\/span><\/h4>\n<p>[\/et_pb_text][et_pb_divider disabled_on=&#8221;on|on|off&#8221; _builder_version=&#8221;4.16&#8243; height=&#8221;5px&#8221; hide_on_mobile=&#8221;on&#8221; global_colors_info=&#8221;{}&#8221;][\/et_pb_divider][et_pb_text _builder_version=&#8221;4.17.4&#8243; use_border_color=&#8221;off&#8221; border_color=&#8221;#ffffff&#8221; border_style=&#8221;solid&#8221; global_colors_info=&#8221;{}&#8221;]<\/p>\n<h5 style=\"text-align: left;\"><a href=\"https:\/\/revistaespiritu.istomas.org\/en\/j-gaya-estelrich-enchiridion-theologicum-lullianum\/\"><em>J. GAY\u00c0 ESTELRICH<\/em>. Enchiridion Theologicum Lullianum<\/a><\/h5>\n<p style=\"text-align: left;\">Jaime Mercant Sim\u00f3<\/p>\n<h5><a href=\"https:\/\/revistaespiritu.istomas.org\/en\/nicholas-d-smith-socrates-on-self-improvement-knowledge-virtue-and-happiness\/\"><em>NICHOLAS D. SMITH<\/em>. Socrates on Self-Improvement: Knowledge, Virtue, and Happiness.<\/a><\/h5>\n<p>Alfonso Herreros<\/p>\n<h5><a href=\"https:\/\/revistaespiritu.istomas.org\/en\/josep-ignasi-saranyana-history-of-christian-theology-750-2000\/\"><em>JOSEP-IGNASI SARANYANA<\/em>. History of Christian theology (750-2000)<\/a><\/h5>\n<p>Conrad Vilanou Torrano<\/p>\n<p>[\/et_pb_text][\/et_pb_column][et_pb_column type=&#8221;1_4&#8243; _builder_version=&#8221;4.16&#8243; custom_padding=&#8221;|||&#8221; global_colors_info=&#8221;{}&#8221; custom_padding__hover=&#8221;|||&#8221;][et_pb_sidebar orientation=&#8221;right&#8221; area=&#8221;sidebar-1&#8243; _builder_version=&#8221;4.16&#8243; header_font_size=&#8221;16&#8243; remove_border=&#8221;off&#8221; global_colors_info=&#8221;{}&#8221;][\/et_pb_sidebar][\/et_pb_column][\/et_pb_row][\/et_pb_section]<\/p>\n","protected":false},"excerpt":{"rendered":"<p>Year 71 | 2022PresentationArticlesThree unpublished manuscripts on grace and free will by B\u00e1\u00f1ez David Torrijos-Castrillejo Omnipotence and order. A reevaluation of voluntarism in Francisco Su\u00e1rez Ignacio Stevenson Hugo Grotius and the Scholastic Tradition Sebasti\u00e1n Contreras Aguirre The Power of the Keys: The Power of the Roman Pontiff in the Defensio fidei of Francisco Su\u00e1rez Anastas\u00eda [&hellip;]<\/p>\n","protected":false},"author":1,"featured_media":0,"parent":0,"menu_order":0,"comment_status":"closed","ping_status":"closed","template":"","meta":{"_et_pb_use_builder":"on","_et_pb_old_content":"","_et_gb_content_width":"","footnotes":""},"categories":[1440],"tags":[],"class_list":["post-12106","page","type-page","status-publish","hentry","category-163-2022-en"],"_links":{"self":[{"href":"https:\/\/revistaespiritu.istomas.org\/en\/wp-json\/wp\/v2\/pages\/12106","targetHints":{"allow":["GET"]}}],"collection":[{"href":"https:\/\/revistaespiritu.istomas.org\/en\/wp-json\/wp\/v2\/pages"}],"about":[{"href":"https:\/\/revistaespiritu.istomas.org\/en\/wp-json\/wp\/v2\/types\/page"}],"author":[{"embeddable":true,"href":"https:\/\/revistaespiritu.istomas.org\/en\/wp-json\/wp\/v2\/users\/1"}],"replies":[{"embeddable":true,"href":"https:\/\/revistaespiritu.istomas.org\/en\/wp-json\/wp\/v2\/comments?post=12106"}],"version-history":[{"count":7,"href":"https:\/\/revistaespiritu.istomas.org\/en\/wp-json\/wp\/v2\/pages\/12106\/revisions"}],"predecessor-version":[{"id":12181,"href":"https:\/\/revistaespiritu.istomas.org\/en\/wp-json\/wp\/v2\/pages\/12106\/revisions\/12181"}],"wp:attachment":[{"href":"https:\/\/revistaespiritu.istomas.org\/en\/wp-json\/wp\/v2\/media?parent=12106"}],"wp:term":[{"taxonomy":"category","embeddable":true,"href":"https:\/\/revistaespiritu.istomas.org\/en\/wp-json\/wp\/v2\/categories?post=12106"},{"taxonomy":"post_tag","embeddable":true,"href":"https:\/\/revistaespiritu.istomas.org\/en\/wp-json\/wp\/v2\/tags?post=12106"}],"curies":[{"name":"wp","href":"https:\/\/api.w.org\/{rel}","templated":true}]}}