{"id":11884,"date":"2022-02-07T22:13:52","date_gmt":"2022-02-07T20:13:52","guid":{"rendered":"https:\/\/revistaespiritu.istomas.org\/espiritu-162\/"},"modified":"2022-07-03T12:23:15","modified_gmt":"2022-07-03T10:23:15","slug":"espiritu-162","status":"publish","type":"page","link":"https:\/\/revistaespiritu.istomas.org\/en\/espiritu-162\/","title":{"rendered":"Esp\u00edritu 162"},"content":{"rendered":"<p>[et_pb_section fb_built=&#8221;1&#8243; admin_label=&#8221;section&#8221; _builder_version=&#8221;3.22&#8243; global_colors_info=&#8221;{}&#8221;][et_pb_row column_structure=&#8221;1_4,1_2,1_4&#8243; admin_label=&#8221;row&#8221; module_class=&#8221; et_pb_row_fullwidth&#8221; _builder_version=&#8221;3.25&#8243; background_size=&#8221;initial&#8221; background_position=&#8221;top_left&#8221; background_repeat=&#8221;repeat&#8221; width=&#8221;94%&#8221; width_tablet=&#8221;80%&#8221; width_phone=&#8221;&#8221; width_last_edited=&#8221;on|desktop&#8221; max_width=&#8221;94%&#8221; max_width_tablet=&#8221;80%&#8221; max_width_phone=&#8221;&#8221; max_width_last_edited=&#8221;on|desktop&#8221; make_fullwidth=&#8221;on&#8221; use_custom_width=&#8221;off&#8221; width_unit=&#8221;on&#8221; global_colors_info=&#8221;{}&#8221;][et_pb_column type=&#8221;1_4&#8243; _builder_version=&#8221;3.25&#8243; custom_padding=&#8221;|30px||&#8221; custom_css_main_element=&#8221;border-right: 1px solid #3c8859;&#8221; global_colors_info=&#8221;{}&#8221; custom_padding__hover=&#8221;|||&#8221;][et_pb_image src=&#8221;https:\/\/revistaespiritu.istomas.org\/wp-content\/uploads\/2022\/02\/Espiritu-162-portada-01.jpg&#8221; alt=&#8221;Espiritu 162&#8243; title_text=&#8221;Espiritu-162&#8243; url=&#8221;https:\/\/revistaespiritu.istomas.org\/wp-content\/uploads\/2022\/02\/Espi\u0301ritu-162.pdf&#8221; use_overlay=&#8221;on&#8221; align=&#8221;center&#8221; align_tablet=&#8221;center&#8221; align_phone=&#8221;&#8221; align_last_edited=&#8221;on|desktop&#8221; _builder_version=&#8221;4.14.7&#8243; use_border_color=&#8221;off&#8221; border_color=&#8221;#ffffff&#8221; border_style=&#8221;solid&#8221; animation=&#8221;off&#8221; sticky=&#8221;off&#8221; always_center_on_mobile=&#8221;on&#8221; global_colors_info=&#8221;{}&#8221;][\/et_pb_image][\/et_pb_column][et_pb_column type=&#8221;1_2&#8243; _builder_version=&#8221;3.25&#8243; custom_padding=&#8221;|||&#8221; global_colors_info=&#8221;{}&#8221; custom_padding__hover=&#8221;|||&#8221;][et_pb_post_title meta=&#8221;off&#8221; featured_image=&#8221;off&#8221; _builder_version=&#8221;3.0.87&#8243; title_font_size=&#8221;32px&#8221; parallax=&#8221;on&#8221; text_orientation=&#8221;center&#8221; custom_padding=&#8221;10px||0px|&#8221; use_border_color=&#8221;off&#8221; border_color=&#8221;#ffffff&#8221; border_style=&#8221;solid&#8221; parallax_effect=&#8221;on&#8221; global_colors_info=&#8221;{}&#8221;][\/et_pb_post_title][et_pb_text _builder_version=&#8221;4.14.7&#8243; background_size=&#8221;initial&#8221; background_position=&#8221;top_left&#8221; background_repeat=&#8221;repeat&#8221; text_orientation=&#8221;center&#8221; module_alignment=&#8221;center&#8221; custom_padding=&#8221;0px|||&#8221; use_border_color=&#8221;off&#8221; border_color=&#8221;#ffffff&#8221; border_style=&#8221;solid&#8221; global_colors_info=&#8221;{}&#8221;]<\/p>\n<h4 style=\"text-align: center;\">Year 70 | 2021<\/h4>\n<p>[\/et_pb_text][et_pb_divider show_divider=&#8221;off&#8221; disabled_on=&#8221;on|on|off&#8221; _builder_version=&#8221;3.23.4&#8243; height=&#8221;5px&#8221; hide_on_mobile=&#8221;on&#8221; global_colors_info=&#8221;{}&#8221;][\/et_pb_divider][et_pb_text _builder_version=&#8221;4.14.8&#8243; link_font=&#8221;||||on||||&#8221; background_size=&#8221;initial&#8221; background_position=&#8221;top_left&#8221; background_repeat=&#8221;repeat&#8221; custom_margin=&#8221;||||false|false&#8221; link_option_url=&#8221;https:\/\/revistaespiritu.istomas.org\/wp-content\/uploads\/2022\/02\/Presentacion-162.pdf&#8221; hover_enabled=&#8221;0&#8243; use_border_color=&#8221;off&#8221; global_colors_info=&#8221;{}&#8221; sticky_enabled=&#8221;0&#8243;]<\/p>\n<h4 style=\"text-align: left;\"><a href=\"https:\/\/revistaespiritu.istomas.org\/wp-content\/uploads\/2022\/02\/Presentacion-162.pdf\"><span style=\"color: #3c8859;\">Presentation<\/span><\/a><\/h4>\n<p>[\/et_pb_text][et_pb_text _builder_version=&#8221;4.2.2&#8243; background_size=&#8221;initial&#8221; background_position=&#8221;top_left&#8221; background_repeat=&#8221;repeat&#8221; custom_margin=&#8221;||0px|&#8221; use_border_color=&#8221;off&#8221; global_colors_info=&#8221;{}&#8221;]<\/p>\n<h4 style=\"text-align: left;\"><span style=\"color: #3c8859;\">Art\u00edcles<\/span><\/h4>\n<p>[\/et_pb_text][et_pb_divider disabled_on=&#8221;on|on|off&#8221; _builder_version=&#8221;3.23.4&#8243; height=&#8221;5px&#8221; hide_on_mobile=&#8221;on&#8221; global_colors_info=&#8221;{}&#8221;][\/et_pb_divider][et_pb_text _builder_version=&#8221;4.14.8&#8243; width=&#8221;98.3%&#8221; hover_enabled=&#8221;0&#8243; use_border_color=&#8221;off&#8221; border_color=&#8221;#ffffff&#8221; border_style=&#8221;solid&#8221; global_colors_info=&#8221;{}&#8221; sticky_enabled=&#8221;0&#8243;]<\/p>\n<h5 style=\"text-align: left;\"><a href=\"https:\/\/revistaespiritu.istomas.org\/en\/life-in-christ-the-neccesity-of-grace-for-moral-life\/\">Life in Christ. The neccesity of Grace for Moral Life<\/a><\/h5>\n<p style=\"text-align: left;\">Ignacio Andereggen<\/p>\n<h5 style=\"text-align: left;\"><a href=\"https:\/\/revistaespiritu.istomas.org\/en\/canals-and-juan-de-santo-tomas-some-gnoseological-questions\/\">Canals and Juan de Santo Tom\u00e1s: some gnoseological questions<\/a><\/h5>\n<p style=\"text-align: left;\">Patricia Moya Ca\u00f1as<\/p>\n<h5 style=\"text-align: left;\"><a href=\"https:\/\/revistaespiritu.istomas.org\/en\/the-locutionary-character-of-the-intellect-according-to-joan-poinsot-in-i-sth-q-27-d-32-a-4-et-5\/\"><span class=\"titulo\">The locutionary character of the intellect according to Joan Poinsot In I STh, q. 27, D. 32, a. 4 et 5<\/span><\/a><\/h5>\n<p style=\"text-align: left;\">Mauricio \u00d3rdenes Morales<\/p>\n<h5 style=\"text-align: left;\"><a href=\"https:\/\/revistaespiritu.istomas.org\/en\/science-and-metaphysics-in-juan-zaragu%cc%88eta-bengoecheas-1883-1974-neoscholastic-psychology\/\">Science and Metaphysics in Juan Zaragu\u0308eta Bengoechea\u2019s (1883-1974) Neoscholastic Psychology<\/a><\/h5>\n<p style=\"text-align: left;\">Joaqu\u00edn Garc\u00eda-Alandete<\/p>\n<h5 style=\"text-align: left;\"><a href=\"https:\/\/revistaespiritu.istomas.org\/en\/the-difficulties-of-neo-mechanism-in-philosophy-of-neuroscience\/\">The difficulties of Neo-mechanism in Philosophy of neuroscience<\/a><\/h5>\n<p style=\"text-align: left;\">Carlos A. Casanova<\/p>\n<h5 style=\"text-align: left;\"><a href=\"https:\/\/revistaespiritu.istomas.org\/en\/kants-two-world-system-and-aquinass-metaphysics-of-participation-clarifying-the-ambiguity-between-logic-and-physics-in-transcendental-philosophy\/\">Kant\u2019s Two-World System and Aquinas\u2019s Metaphysics of Participation: Clarifying the ambiguity between logic and physics in transcendental philosophy<\/a><\/h5>\n<p style=\"text-align: left;\">Peter J. Mullan<\/p>\n<h5 style=\"text-align: left;\"><a href=\"https:\/\/revistaespiritu.istomas.org\/en\/the-unavoidability-of-love-stanley-cavell-king-lear-and-accidie\/\">The Unavoidability of Love. Stanley Cavell, King Lear and accidie<\/a><\/h5>\n<p style=\"text-align: left;\">Eduardo Ortiz Llueca<\/p>\n<h5 style=\"text-align: left;\"><a href=\"https:\/\/revistaespiritu.istomas.org\/en\/status-naturae-purae-edith-steins-reflections-on-thomas-aquinas-de-veritate-in-the-context-of-anthropological-theological-questions\/\">Status naturae purae. Edith Stein\u2019s reflections on Thomas Aquinas\u2019 De veritate in the context of anthropological-theological questions<\/a><\/h5>\n<p style=\"text-align: left;\">Miriam Ramos G\u00f3mez<\/p>\n<p>[\/et_pb_text][et_pb_divider show_divider=&#8221;off&#8221; disabled_on=&#8221;on|on|off&#8221; _builder_version=&#8221;3.23.4&#8243; height=&#8221;10px&#8221; hide_on_mobile=&#8221;on&#8221; global_colors_info=&#8221;{}&#8221;][\/et_pb_divider][et_pb_text _builder_version=&#8221;4.4.8&#8243; background_size=&#8221;initial&#8221; background_position=&#8221;top_left&#8221; background_repeat=&#8221;repeat&#8221; custom_margin=&#8221;||0px|&#8221; use_border_color=&#8221;off&#8221; global_colors_info=&#8221;{}&#8221;]<\/p>\n<h4 style=\"text-align: left;\"><span style=\"color: #3c8859;\">Notes y documents<\/span><\/h4>\n<p>[\/et_pb_text][et_pb_divider disabled_on=&#8221;on|on|off&#8221; _builder_version=&#8221;3.23.4&#8243; height=&#8221;5px&#8221; hide_on_mobile=&#8221;on&#8221; global_colors_info=&#8221;{}&#8221;][\/et_pb_divider][et_pb_text _builder_version=&#8221;4.14.8&#8243; hover_enabled=&#8221;0&#8243; use_border_color=&#8221;off&#8221; border_color=&#8221;#ffffff&#8221; border_style=&#8221;solid&#8221; global_colors_info=&#8221;{}&#8221; sticky_enabled=&#8221;0&#8243;]<\/p>\n<h5 style=\"text-align: left;\"><a href=\"https:\/\/revistaespiritu.istomas.org\/en\/hispanic-thomist-bibliography-of-the-year-2020\/\">Hispanic Thomist bibliography of the year 2020<\/a><\/h5>\n<p>Enrique Alarc\u00f3n<\/p>\n<h5><a href=\"https:\/\/revistaespiritu.istomas.org\/en\/new-revised-bibliography-of-antonio-millan-puelles\/\">New revised bibliography of Antonio Mill\u00e1n-Puelles<\/a><\/h5>\n<p>Jos\u00e9 \u00c1ngel Ceballos Amandi and Jos\u00e9 J. Escandell<\/p>\n<h5><a href=\"https:\/\/revistaespiritu.istomas.org\/en\/the-polish-christian-philosophy-in-the-20th-century-project-review\/\">The Polish Christian Philosophy in the 20th Century. Project Review<\/a><\/h5>\n<p>Maciej Jemio\u0142<\/p>\n<h5><a href=\"https:\/\/revistaespiritu.istomas.org\/en\/william-james-moral-argument\/\">William James\u2019 moral argument<\/a><\/h5>\n<p>Alberto Oya<\/p>\n<h5><a href=\"https:\/\/revistaespiritu.istomas.org\/en\/in-memoriam-r-p-pedro-suner-puig-s-i-1930-2021\/\">In memoriam R.P. Pedro SU\u00d1ER PUIG, S.I. 1930 \u2013 2021<\/a><\/h5>\n<p>Enrique Mart\u00ednez<\/p>\n<h5><a href=\"https:\/\/revistaespiritu.istomas.org\/en\/report-on-the-academic-activities-of-instituto-santo-tomas-of-the-balmesiana-foundation-during-the-2020-2021-academic-year\/\">Report on the Academic Activities of Instituto Santo Tom\u00e1s of the Balmesiana Foundation during the 2020-2021 academic year<\/a><\/h5>\n<p>[\/et_pb_text][et_pb_text _builder_version=&#8221;4.2.2&#8243; background_size=&#8221;initial&#8221; background_position=&#8221;top_left&#8221; background_repeat=&#8221;repeat&#8221; custom_margin=&#8221;||0px|&#8221; use_border_color=&#8221;off&#8221; global_colors_info=&#8221;{}&#8221;]<\/p>\n<h4 style=\"text-align: left;\"><span style=\"color: #3c8859;\">Reviews<\/span><\/h4>\n<p>[\/et_pb_text][et_pb_divider disabled_on=&#8221;on|on|off&#8221; _builder_version=&#8221;3.23.4&#8243; height=&#8221;5px&#8221; hide_on_mobile=&#8221;on&#8221; global_colors_info=&#8221;{}&#8221;][\/et_pb_divider][et_pb_text _builder_version=&#8221;4.14.8&#8243; hover_enabled=&#8221;0&#8243; use_border_color=&#8221;off&#8221; border_color=&#8221;#ffffff&#8221; border_style=&#8221;solid&#8221; global_colors_info=&#8221;{}&#8221; sticky_enabled=&#8221;0&#8243;]<\/p>\n<h5 style=\"text-align: left;\"><a href=\"https:\/\/revistaespiritu.istomas.org\/en\/christopher-scott-sevier-aquinas-on-beauty\/\"><em>CHRISTOPHER SCOTT SEVIER.<\/em> Aquinas on Beauty<\/a><\/h5>\n<p>Andrea Torres R.<\/p>\n<h5><a href=\"https:\/\/revistaespiritu.istomas.org\/en\/gaven-kerr-aquinas-and-the-metaphysics-of-creation\/\"><em>GAVEN KERR.<\/em> Aquinas and the Metaphysics of Creation<\/a><\/h5>\n<p>Lucas Pablo Prieto<\/p>\n<h5><a href=\"https:\/\/revistaespiritu.istomas.org\/en\/magdalena-bosch-ed-desire-and-human-flourishing-perspectives-from-positive-psychology-moral-education-and-virtue-ethics\/\">MAGDALENA BOSCH (Ed.). Desire and Human Flourishing. Perspectives from Positive Psychology, Moral Education and Virtue Ethics<\/a><\/h5>\n<p>Patricia Messa<\/p>\n<h5><a href=\"https:\/\/revistaespiritu.istomas.org\/en\/rik-van-nieuwenhove-thomas-aquinas-and-contemplation\/\">RIK VAN NIEUWENHOVE. Thomas Aquinas and Contemplation<\/a><\/h5>\n<p>Juan Jos\u00e9 Herrera<\/p>\n<p>[\/et_pb_text][\/et_pb_column][et_pb_column type=&#8221;1_4&#8243; _builder_version=&#8221;3.25&#8243; custom_padding=&#8221;|||&#8221; global_colors_info=&#8221;{}&#8221; custom_padding__hover=&#8221;|||&#8221;][et_pb_sidebar orientation=&#8221;right&#8221; area=&#8221;sidebar-1&#8243; _builder_version=&#8221;3.0.74&#8243; header_font_size=&#8221;16&#8243; remove_border=&#8221;off&#8221; global_colors_info=&#8221;{}&#8221;][\/et_pb_sidebar][\/et_pb_column][\/et_pb_row][\/et_pb_section]<\/p>\n","protected":false},"excerpt":{"rendered":"<p>Year 70 | 2021PresentationArt\u00edclesLife in Christ. The neccesity of Grace for Moral Life Ignacio Andereggen Canals and Juan de Santo Tom\u00e1s: some gnoseological questions Patricia Moya Ca\u00f1as The locutionary character of the intellect according to Joan Poinsot In I STh, q. 27, D. 32, a. 4 et 5 Mauricio \u00d3rdenes Morales Science and Metaphysics in [&hellip;]<\/p>\n","protected":false},"author":1,"featured_media":0,"parent":0,"menu_order":0,"comment_status":"closed","ping_status":"closed","template":"","meta":{"_et_pb_use_builder":"on","_et_pb_old_content":"","_et_gb_content_width":"","footnotes":""},"categories":[1417],"tags":[],"class_list":["post-11884","page","type-page","status-publish","hentry","category-162-2021-en"],"_links":{"self":[{"href":"https:\/\/revistaespiritu.istomas.org\/en\/wp-json\/wp\/v2\/pages\/11884","targetHints":{"allow":["GET"]}}],"collection":[{"href":"https:\/\/revistaespiritu.istomas.org\/en\/wp-json\/wp\/v2\/pages"}],"about":[{"href":"https:\/\/revistaespiritu.istomas.org\/en\/wp-json\/wp\/v2\/types\/page"}],"author":[{"embeddable":true,"href":"https:\/\/revistaespiritu.istomas.org\/en\/wp-json\/wp\/v2\/users\/1"}],"replies":[{"embeddable":true,"href":"https:\/\/revistaespiritu.istomas.org\/en\/wp-json\/wp\/v2\/comments?post=11884"}],"version-history":[{"count":7,"href":"https:\/\/revistaespiritu.istomas.org\/en\/wp-json\/wp\/v2\/pages\/11884\/revisions"}],"predecessor-version":[{"id":12010,"href":"https:\/\/revistaespiritu.istomas.org\/en\/wp-json\/wp\/v2\/pages\/11884\/revisions\/12010"}],"wp:attachment":[{"href":"https:\/\/revistaespiritu.istomas.org\/en\/wp-json\/wp\/v2\/media?parent=11884"}],"wp:term":[{"taxonomy":"category","embeddable":true,"href":"https:\/\/revistaespiritu.istomas.org\/en\/wp-json\/wp\/v2\/categories?post=11884"},{"taxonomy":"post_tag","embeddable":true,"href":"https:\/\/revistaespiritu.istomas.org\/en\/wp-json\/wp\/v2\/tags?post=11884"}],"curies":[{"name":"wp","href":"https:\/\/api.w.org\/{rel}","templated":true}]}}