{"id":1157,"date":"2017-12-21T10:52:56","date_gmt":"2017-12-21T10:52:56","guid":{"rendered":"https:\/\/revistaespiritu.istomas.org\/?page_id=1157"},"modified":"2017-12-21T11:31:05","modified_gmt":"2017-12-21T11:31:05","slug":"espiritu-152","status":"publish","type":"page","link":"https:\/\/revistaespiritu.istomas.org\/en\/espiritu-152\/","title":{"rendered":"N\u00famero 152"},"content":{"rendered":"<p>[et_pb_section bb_built=&#8221;1&#8243; admin_label=&#8221;section&#8221;][et_pb_row admin_label=&#8221;row&#8221; make_fullwidth=&#8221;on&#8221; use_custom_width=&#8221;off&#8221; width_unit=&#8221;on&#8221; use_custom_gutter=&#8221;off&#8221; allow_player_pause=&#8221;off&#8221; parallax=&#8221;off&#8221; parallax_method=&#8221;off&#8221; make_equal=&#8221;off&#8221; parallax_1=&#8221;off&#8221; parallax_method_1=&#8221;off&#8221; parallax_2=&#8221;off&#8221; parallax_method_2=&#8221;off&#8221; custom_css_main_1=&#8221;border-right: 1px solid #3c8859;&#8221; parallax_3=&#8221;off&#8221; parallax_method_3=&#8221;off&#8221; padding_right_1=&#8221;30px&#8221; background_position=&#8221;top_left&#8221; background_repeat=&#8221;repeat&#8221; background_size=&#8221;initial&#8221;][et_pb_column type=&#8221;1_4&#8243;][et_pb_image src=&#8221;https:\/\/revistaespiritu.istomas.org\/wp-content\/uploads\/2017\/12\/Indice-152-Espiritu.jpg&#8221; alt=&#8221;Revista Esp\u00edritu, n\u00famero 138&#8243; title_text=&#8221;Revista Esp\u00edritu, n\u00famero 138&#8243; show_in_lightbox=&#8221;on&#8221; url_new_window=&#8221;on&#8221; use_overlay=&#8221;on&#8221; align=&#8221;center&#8221; force_fullwidth=&#8221;off&#8221; always_center_on_mobile=&#8221;on&#8221; use_border_color=&#8221;off&#8221; _builder_version=&#8221;3.0.92&#8243; show_bottom_space=&#8221;on&#8221; \/][\/et_pb_column][et_pb_column type=&#8221;1_2&#8243;][et_pb_post_title title=&#8221;on&#8221; meta=&#8221;off&#8221; author=&#8221;off&#8221; date=&#8221;off&#8221; categories=&#8221;off&#8221; comments=&#8221;off&#8221; featured_image=&#8221;off&#8221; featured_placement=&#8221;below&#8221; parallax_effect=&#8221;on&#8221; parallax_method=&#8221;off&#8221; text_orientation=&#8221;center&#8221; text_color=&#8221;dark&#8221; text_background=&#8221;off&#8221; text_bg_color=&#8221;rgba(255,255,255,0.9)&#8221; use_border_color=&#8221;off&#8221; border_color=&#8221;#ffffff&#8221; border_style=&#8221;solid&#8221; custom_padding=&#8221;10px||0px|&#8221; title_font_size=&#8221;32px&#8221; parallax=&#8221;on&#8221; \/][et_pb_text background_layout=&#8221;light&#8221; text_orientation=&#8221;center&#8221; use_border_color=&#8221;off&#8221; border_color=&#8221;#ffffff&#8221; border_style=&#8221;solid&#8221; custom_padding=&#8221;0px|||&#8221; background_position=&#8221;top_left&#8221; background_repeat=&#8221;repeat&#8221; background_size=&#8221;initial&#8221; module_alignment=&#8221;center&#8221; _builder_version=&#8221;3.0.92&#8243;]<\/p>\n<h4 style=\"text-align: center;\">A\u00f1o 65 | 2016<\/h4>\n<p>[\/et_pb_text][et_pb_divider color=&#8221;#ffffff&#8221; show_divider=&#8221;off&#8221; height=&#8221;5&#8243; divider_style=&#8221;solid&#8221; divider_position=&#8221;top&#8221; hide_on_mobile=&#8221;on&#8221; disabled_on=&#8221;on|on|off&#8221; \/][et_pb_text background_layout=&#8221;light&#8221; use_border_color=&#8221;off&#8221; background_position=&#8221;top_left&#8221; background_repeat=&#8221;repeat&#8221; background_size=&#8221;initial&#8221; _builder_version=&#8221;3.0.92&#8243; custom_margin=&#8221;||0px|&#8221;]<\/p>\n<h4 style=\"text-align: left;\"><span style=\"color: #3c8859;\">Art\u00edculos<\/span><\/h4>\n<p>[\/et_pb_text][et_pb_divider color=&#8221;#3c8859&#8243; show_divider=&#8221;on&#8221; height=&#8221;5&#8243; divider_style=&#8221;solid&#8221; divider_position=&#8221;top&#8221; hide_on_mobile=&#8221;on&#8221; disabled_on=&#8221;on|on|off&#8221; \/][et_pb_text background_layout=&#8221;light&#8221; use_border_color=&#8221;off&#8221; _builder_version=&#8221;3.0.92&#8243;]<\/p>\n<h5 class=\"titulo\"><span class=\"titulo\"><a href=\"https:\/\/revistaespiritu.istomas.org\/the-presence-of-aristotle-in-saint-thomas-aquinas-treatise-of-temperance\/\">The presence of Aristotle in Saint Thomas Aquinas\u2019<\/a><\/span><span class=\"separador\">: <\/span><span class=\"subtitulo\">Treatise of temperance<\/span><\/h5>\n<p style=\"text-align: left;\">Leo J. Elders<\/p>\n<h5 style=\"text-align: left;\"><a href=\"https:\/\/revistaespiritu.istomas.org\/la-expresion-liber-est-causa-sui-como-elemento-para-una-teoria-de-la-subjetividad-en-tomas-de-aquino\/\">La expresi\u00f3n \u201cliber est causa sui\u201d como elemento para una teor\u00eda de la subjetividad en Tom\u00e1s de Aquino<\/a><\/h5>\n<p style=\"text-align: left;\">Maria Aracoeli Beroch<\/p>\n<h5 style=\"text-align: left;\"><span class=\"subtitulo\"><span class=\"titulo\"><a href=\"https:\/\/revistaespiritu.istomas.org\/la-fonamentacio-filosofica-de-c-s-lewis-contra-el-relativisme-cognitiu\/\">La fonamentaci\u00f3 filos\u00f2fica de C. S. Lewis contra el relativisme cognitiu<\/a><\/span><\/span><\/h5>\n<p style=\"text-align: left;\">Francesc Badrines Passani<\/p>\n<h5 style=\"text-align: left;\"><span class=\"titulo\"><a href=\"https:\/\/revistaespiritu.istomas.org\/teaching-as-ministry-on-the-basis-of-considerations-of-saint-thomas-aquinas\/\">Teaching as ministry, on the basis of considerations of Saint Thomas Aquinas<\/a><\/span><\/h5>\n<p style=\"text-align: left;\">Imelda Chlodna-Blach<\/p>\n<h5 style=\"text-align: left;\"><span class=\"titulo\"><a href=\"https:\/\/revistaespiritu.istomas.org\/las-controversias-sobre-la-gracia-y-la-genesis-del-humanismo-ateo\/\">Las controversias sobre la gracia y la g\u00e9nesis del humanismo ateo<\/a><\/span><\/h5>\n<p style=\"text-align: left;\">Jos\u00e9 \u00c1ngel Garc\u00eda Cuadrado<\/p>\n<h5 style=\"text-align: left;\"><a href=\"https:\/\/revistaespiritu.istomas.org\/en-busca-de-un-saber-para-la-vida-juan-zaragueta-sobre-la-certeza-en-newman-balmes-y-la-escolastica\/\">En busca de un saber para la vida. Juan Zarag\u00fceta sobre la certeza en Newman, Balmes y la escol\u00e1stica<\/a><\/h5>\n<p style=\"text-align: left;\">Juli\u00e1n Rodr\u00edguez Ortega<\/p>\n<h5><span class=\"titulo\"><a href=\"https:\/\/revistaespiritu.istomas.org\/del-dualismo-alma-cuerpo-al-monismo-corporalista-revision-de-la-antropologia-del-primer-lain-entralgo\/\">Del dualismo alma-cuerpo al monismo corporalista. Revisi\u00f3n de la antropolog\u00eda del primer La\u00edn Entralgo<\/a><\/span><\/h5>\n<p>Juan Fernando Sell\u00e9s<\/p>\n<h5><span class=\"titulo\"><a href=\"https:\/\/revistaespiritu.istomas.org\/exegesis-y-contemplacion-el-sentido-literal-y-espiritual-de-la-escritura-en-los-comentarios-biblicos-de-tomas-de-aquino\/\">Ex\u00e9gesis y contemplaci\u00f3n. El sentido literal y espiritual de la escritura en los comentarios b\u00edblicos de Tom\u00e1s de Aquino<\/a><\/span><\/h5>\n<p>Piotr Roszak<\/p>\n<h5><span class=\"titulo\"><a href=\"https:\/\/revistaespiritu.istomas.org\/teoria-del-conocimiento-y-teoria-del-estado-en-la-filosofia-de-rene-descartes\/\">Teor\u00eda del conocimiento y teor\u00eda del estado en la filosof\u00eda de Ren\u00e9 Descartes<\/a><\/span><\/h5>\n<p>Jos\u00e9 Ricardo Pierpauli<\/p>\n<p>[\/et_pb_text][et_pb_divider color=&#8221;#ffffff&#8221; show_divider=&#8221;off&#8221; height=&#8221;10&#8243; divider_style=&#8221;solid&#8221; divider_position=&#8221;top&#8221; hide_on_mobile=&#8221;on&#8221; disabled_on=&#8221;on|on|off&#8221; \/][et_pb_text background_layout=&#8221;light&#8221; use_border_color=&#8221;off&#8221; background_position=&#8221;top_left&#8221; background_repeat=&#8221;repeat&#8221; background_size=&#8221;initial&#8221; _builder_version=&#8221;3.0.92&#8243; custom_margin=&#8221;||0px|&#8221;]<\/p>\n<h4 style=\"text-align: left;\"><span style=\"color: #3c8859;\">Notas y documentos<\/span><\/h4>\n<p>[\/et_pb_text][et_pb_divider color=&#8221;#3c8859&#8243; show_divider=&#8221;on&#8221; height=&#8221;5&#8243; divider_style=&#8221;solid&#8221; divider_position=&#8221;top&#8221; hide_on_mobile=&#8221;on&#8221; disabled_on=&#8221;on|on|off&#8221; \/][et_pb_text background_layout=&#8221;light&#8221; use_border_color=&#8221;off&#8221; _builder_version=&#8221;3.0.92&#8243;]<\/p>\n<h5 style=\"text-align: left;\"><span class=\"titulo\"><a href=\"https:\/\/revistaespiritu.istomas.org\/franz-brentano-y-tomas-de-aquino\/\">Franz Brentano y Tom\u00e1s de Aquino<\/a><\/span><\/h5>\n<p>David Torrijos Castrillejo<\/p>\n<h5><span class=\"titulo\"><a href=\"https:\/\/revistaespiritu.istomas.org\/bibliografia-tomista-hispanica-del-ano-2015\/\">Bibliograf\u00eda tomista hisp\u00e1nica del a\u00f1o 2015<\/a><\/span><\/h5>\n<p>Enrique Alarc\u00f3n<\/p>\n<p>&nbsp;<\/p>\n<p>[\/et_pb_text][et_pb_text background_layout=&#8221;light&#8221; text_orientation=&#8221;left&#8221; use_border_color=&#8221;off&#8221; border_color=&#8221;#ffffff&#8221; border_style=&#8221;solid&#8221; background_position=&#8221;top_left&#8221; background_repeat=&#8221;repeat&#8221; background_size=&#8221;initial&#8221;]<\/p>\n<p>[yuzo_related]<\/p>\n<p>[\/et_pb_text][\/et_pb_column][et_pb_column type=&#8221;1_4&#8243;][et_pb_sidebar orientation=&#8221;right&#8221; area=&#8221;sidebar-1&#8243; background_layout=&#8221;light&#8221; remove_border=&#8221;off&#8221; header_font_size=&#8221;16&#8243; show_border=&#8221;on&#8221; \/][\/et_pb_column][\/et_pb_row][\/et_pb_section]<\/p>\n","protected":false},"excerpt":{"rendered":"<p>A\u00f1o 65 | 2016 Art\u00edculos The presence of Aristotle in Saint Thomas Aquinas\u2019: Treatise of temperance Leo J. Elders La expresi\u00f3n \u201cliber est causa sui\u201d como elemento para una teor\u00eda de la subjetividad en Tom\u00e1s de Aquino Maria Aracoeli Beroch La fonamentaci\u00f3 filos\u00f2fica de C. S. Lewis contra el relativisme cognitiu Francesc Badrines Passani Teaching [&hellip;]<\/p>\n","protected":false},"author":1,"featured_media":1158,"parent":0,"menu_order":0,"comment_status":"closed","ping_status":"closed","template":"","meta":{"_et_pb_use_builder":"on","_et_pb_old_content":"","_et_gb_content_width":"","footnotes":""},"categories":[211],"tags":[],"class_list":["post-1157","page","type-page","status-publish","has-post-thumbnail","hentry","category-152-2016"],"_links":{"self":[{"href":"https:\/\/revistaespiritu.istomas.org\/en\/wp-json\/wp\/v2\/pages\/1157","targetHints":{"allow":["GET"]}}],"collection":[{"href":"https:\/\/revistaespiritu.istomas.org\/en\/wp-json\/wp\/v2\/pages"}],"about":[{"href":"https:\/\/revistaespiritu.istomas.org\/en\/wp-json\/wp\/v2\/types\/page"}],"author":[{"embeddable":true,"href":"https:\/\/revistaespiritu.istomas.org\/en\/wp-json\/wp\/v2\/users\/1"}],"replies":[{"embeddable":true,"href":"https:\/\/revistaespiritu.istomas.org\/en\/wp-json\/wp\/v2\/comments?post=1157"}],"version-history":[{"count":0,"href":"https:\/\/revistaespiritu.istomas.org\/en\/wp-json\/wp\/v2\/pages\/1157\/revisions"}],"wp:featuredmedia":[{"embeddable":true,"href":"https:\/\/revistaespiritu.istomas.org\/en\/wp-json\/wp\/v2\/media\/1158"}],"wp:attachment":[{"href":"https:\/\/revistaespiritu.istomas.org\/en\/wp-json\/wp\/v2\/media?parent=1157"}],"wp:term":[{"taxonomy":"category","embeddable":true,"href":"https:\/\/revistaespiritu.istomas.org\/en\/wp-json\/wp\/v2\/categories?post=1157"},{"taxonomy":"post_tag","embeddable":true,"href":"https:\/\/revistaespiritu.istomas.org\/en\/wp-json\/wp\/v2\/tags?post=1157"}],"curies":[{"name":"wp","href":"https:\/\/api.w.org\/{rel}","templated":true}]}}