{"id":10563,"date":"2021-01-23T12:32:54","date_gmt":"2021-01-23T10:32:54","guid":{"rendered":"https:\/\/revistaespiritu.istomas.org\/issue-160\/"},"modified":"2021-01-23T12:33:04","modified_gmt":"2021-01-23T10:33:04","slug":"issue-160","status":"publish","type":"page","link":"https:\/\/revistaespiritu.istomas.org\/en\/issue-160\/","title":{"rendered":"Issue 160"},"content":{"rendered":"<p>[et_pb_section fb_built=&#8221;1&#8243; admin_label=&#8221;section&#8221; _builder_version=&#8221;3.22&#8243;][et_pb_row column_structure=&#8221;1_4,1_2,1_4&#8243; admin_label=&#8221;row&#8221; module_class=&#8221; et_pb_row_fullwidth&#8221; _builder_version=&#8221;3.25&#8243; background_size=&#8221;initial&#8221; background_position=&#8221;top_left&#8221; background_repeat=&#8221;repeat&#8221; width=&#8221;94%&#8221; width_tablet=&#8221;80%&#8221; width_phone=&#8221;&#8221; width_last_edited=&#8221;on|desktop&#8221; max_width=&#8221;94%&#8221; max_width_tablet=&#8221;80%&#8221; max_width_phone=&#8221;&#8221; max_width_last_edited=&#8221;on|desktop&#8221; make_fullwidth=&#8221;on&#8221; use_custom_width=&#8221;off&#8221; width_unit=&#8221;on&#8221;][et_pb_column type=&#8221;1_4&#8243; _builder_version=&#8221;3.25&#8243; custom_padding=&#8221;|30px||&#8221; custom_css_main_element=&#8221;border-right: 1px solid #3c8859;&#8221; custom_padding__hover=&#8221;|||&#8221;][et_pb_image src=&#8221;https:\/\/revistaespiritu.istomas.org\/wp-content\/uploads\/2021\/01\/160.jpg&#8221; alt=&#8221;Espiritu 160&#8243; title_text=&#8221;Espiritu 160&#8243; url=&#8221;https:\/\/revistaespiritu.istomas.org\/wp-content\/uploads\/2021\/01\/Espi\u0301ritu-160.pdf&#8221; use_overlay=&#8221;on&#8221; align=&#8221;center&#8221; align_tablet=&#8221;center&#8221; align_phone=&#8221;&#8221; align_last_edited=&#8221;on|desktop&#8221; _builder_version=&#8221;4.8.1&#8243; use_border_color=&#8221;off&#8221; border_color=&#8221;#ffffff&#8221; border_style=&#8221;solid&#8221; animation=&#8221;off&#8221; sticky=&#8221;off&#8221; always_center_on_mobile=&#8221;on&#8221;][\/et_pb_image][\/et_pb_column][et_pb_column type=&#8221;1_2&#8243; _builder_version=&#8221;3.25&#8243; custom_padding=&#8221;|||&#8221; custom_padding__hover=&#8221;|||&#8221;][et_pb_post_title meta=&#8221;off&#8221; featured_image=&#8221;off&#8221; _builder_version=&#8221;3.0.87&#8243; title_font_size=&#8221;32px&#8221; parallax=&#8221;on&#8221; text_orientation=&#8221;center&#8221; custom_padding=&#8221;10px||0px|&#8221; use_border_color=&#8221;off&#8221; border_color=&#8221;#ffffff&#8221; border_style=&#8221;solid&#8221; parallax_effect=&#8221;on&#8221;][\/et_pb_post_title][et_pb_text _builder_version=&#8221;4.4.8&#8243; background_size=&#8221;initial&#8221; background_position=&#8221;top_left&#8221; background_repeat=&#8221;repeat&#8221; text_orientation=&#8221;center&#8221; module_alignment=&#8221;center&#8221; custom_padding=&#8221;0px|||&#8221; use_border_color=&#8221;off&#8221; border_color=&#8221;#ffffff&#8221; border_style=&#8221;solid&#8221;]<\/p>\n<h4 style=\"text-align: center;\">Year 69 | 2020<\/h4>\n<p>[\/et_pb_text][et_pb_divider show_divider=&#8221;off&#8221; disabled_on=&#8221;on|on|off&#8221; _builder_version=&#8221;3.23.4&#8243; height=&#8221;5px&#8221; hide_on_mobile=&#8221;on&#8221;][\/et_pb_divider][et_pb_text _builder_version=&#8221;4.8.1&#8243; link_font=&#8221;||||on||||&#8221; background_size=&#8221;initial&#8221; background_position=&#8221;top_left&#8221; background_repeat=&#8221;repeat&#8221; custom_margin=&#8221;||||false|false&#8221; link_option_url=&#8221;https:\/\/revistaespiritu.istomas.org\/wp-content\/uploads\/2021\/01\/Presentacion_160.pdf&#8221; use_border_color=&#8221;off&#8221;]<\/p>\n<h4 style=\"text-align: left;\"><a href=\"https:\/\/revistaespiritu.istomas.org\/wp-content\/uploads\/2021\/01\/Presentacion_160.pdf\"><span style=\"color: #3c8859;\">Presentation<\/span><\/a><\/h4>\n<p>[\/et_pb_text][et_pb_text _builder_version=&#8221;4.2.2&#8243; background_size=&#8221;initial&#8221; background_position=&#8221;top_left&#8221; background_repeat=&#8221;repeat&#8221; custom_margin=&#8221;||0px|&#8221; use_border_color=&#8221;off&#8221;]<\/p>\n<h4 style=\"text-align: left;\"><span style=\"color: #3c8859;\">Articles<\/span><\/h4>\n<p>[\/et_pb_text][et_pb_divider disabled_on=&#8221;on|on|off&#8221; _builder_version=&#8221;3.23.4&#8243; height=&#8221;5px&#8221; hide_on_mobile=&#8221;on&#8221;][\/et_pb_divider][et_pb_text _builder_version=&#8221;4.8.1&#8243; width=&#8221;98.3%&#8221; hover_enabled=&#8221;0&#8243; use_border_color=&#8221;off&#8221; border_color=&#8221;#ffffff&#8221; border_style=&#8221;solid&#8221; sticky_enabled=&#8221;0&#8243;]<\/p>\n<h5 style=\"text-align: left;\"><a href=\"https:\/\/revistaespiritu.istomas.org\/providencia-divina-angel-custodio-y-dignidad-de-la-persona-humana\/\">Divine providence, guardian angel and dignity of the human person<\/a><\/h5>\n<p style=\"text-align: left;\">Serge-Thomas Bonino<\/p>\n<h5 style=\"text-align: left;\"><a href=\"https:\/\/revistaespiritu.istomas.org\/la-originalidad-del-concepto-de-subsistencia-en-la-obra-de-jacques-maritain\/\">The Originality of the Concept of Subsistence in the work<br \/>\nof Jacques Maritain<\/a><\/h5>\n<p style=\"text-align: left;\">Juan Agust\u00edn Ambrosini<\/p>\n<h5 style=\"text-align: left;\"><span class=\"titulo\"><a href=\"https:\/\/revistaespiritu.istomas.org\/la-potencia-obedencial-en-el-de-beatitude-de-francisco-suarez\/\">Obediential potency in Francisco Su\u00e1rez&#8217; De beatitudine<\/a><\/span><\/h5>\n<p style=\"text-align: left;\">Jos\u00e9 Carlos S\u00e1nchez L\u00f3pez<\/p>\n<h5 style=\"text-align: left;\"><a href=\"https:\/\/revistaespiritu.istomas.org\/la-aprehension-collativa-de-la-estimativa-natural-en-tomas-de-aquino\/\">The collative aprehension of the natural estimative in Thomas Aquinas<\/a><\/h5>\n<p style=\"text-align: left;\">Hern\u00e1n Muszalski<\/p>\n<h5 style=\"text-align: left;\"><a href=\"https:\/\/revistaespiritu.istomas.org\/finalidad-imperio-y-accion\/\">Finality, command and action<\/a><\/h5>\n<p style=\"text-align: left;\">Teresa Enr\u00edquez y Cecilia Sabido<\/p>\n<h5 style=\"text-align: left;\"><a href=\"https:\/\/revistaespiritu.istomas.org\/tres-ejemplos-medievales-de-amor-puro-la-herejia-catara-la-doctrina-de-pedro-abelardo-sobre-el-amor-divino-y-el-amor-puro-de-eloisa\/\">Three medieval examples of \u201cpure love\u201d: The cathar heresy, Peter Abelard\u2019s doctrine of the love of God and the \u201cpure love\u201d of Heloise<\/a><\/h5>\n<p style=\"text-align: left;\">Abel Mir\u00f3 i Comas<\/p>\n<h5 style=\"text-align: left;\"><a href=\"https:\/\/revistaespiritu.istomas.org\/jesus-el-que-es-la-zarza-ardiente-despues-del-sepulcro-vacio\/\">Jesus, he who is he. The Burning Bush after the empty Sepulchre<\/a><\/h5>\n<p style=\"text-align: left;\">Antonio Macaya Pascual<\/p>\n<h5 style=\"text-align: left;\"><a href=\"https:\/\/revistaespiritu.istomas.org\/la-necesidad-del-origen-biologico-en-kripke-y-la-necesidad-hipotetica-de-la-causa-eficiente-en-aristoteles-una-comparacion\/\">Kripke\u00b4s necessity of biological origin and Aristotle\u00b4s hypothetical necessity of efficient cause. A comparison<\/a><\/h5>\n<p style=\"text-align: left;\">\u00c1ngel Mart\u00ednez S\u00e1nchez<\/p>\n<p>[\/et_pb_text][et_pb_divider show_divider=&#8221;off&#8221; disabled_on=&#8221;on|on|off&#8221; _builder_version=&#8221;3.23.4&#8243; height=&#8221;10px&#8221; hide_on_mobile=&#8221;on&#8221;][\/et_pb_divider][et_pb_text _builder_version=&#8221;4.4.8&#8243; background_size=&#8221;initial&#8221; background_position=&#8221;top_left&#8221; background_repeat=&#8221;repeat&#8221; custom_margin=&#8221;||0px|&#8221; use_border_color=&#8221;off&#8221;]<\/p>\n<h4 style=\"text-align: left;\"><span style=\"color: #3c8859;\">Notes and documents<\/span><\/h4>\n<p>[\/et_pb_text][et_pb_divider disabled_on=&#8221;on|on|off&#8221; _builder_version=&#8221;3.23.4&#8243; height=&#8221;5px&#8221; hide_on_mobile=&#8221;on&#8221;][\/et_pb_divider][et_pb_text _builder_version=&#8221;4.8.1&#8243; hover_enabled=&#8221;0&#8243; use_border_color=&#8221;off&#8221; border_color=&#8221;#ffffff&#8221; border_style=&#8221;solid&#8221; sticky_enabled=&#8221;0&#8243;]<\/p>\n<h5 style=\"text-align: left;\"><span class=\"titulo\"><a href=\"https:\/\/revistaespiritu.istomas.org\/in-memoriam-maria-celestina-donadio-maggi-de-gandolfi\/\">IN MEMORIAM Mar\u00eda Celestina Donad\u00edo Maggi de Gandolfi<\/a><\/span><\/h5>\n<p>Mart\u00edn F. Echavarr\u00eda<\/p>\n<h5><a href=\"https:\/\/revistaespiritu.istomas.org\/bibliografia-tomista-hispanica-del-ano-2019\/\">Hispanic Thomist Bibliography of the Year 2019\/a><\/h5>\n<p>Enrique Alarc\u00f3n<\/p>\n<h5><a href=\"https:\/\/revistaespiritu.istomas.org\/alberto-magno-proemio-al-peri-hermeneias-sobre-la-interpretacion\/\">Alberto Magno, Proemio al Peri hermeneias: About the interpretation<\/a><\/h5>\n<p>\u00c1lvaro Berrocal Sarnelli<\/p>\n<h5><a href=\"https:\/\/revistaespiritu.istomas.org\/la-unidad-de-la-iglesia-en-la-obra-de-carlos-alberto-sacheri-a-25-anos-de-la-ut-unum-sint-de-san-juan-pablo-ii\/\">The Unity of the Church in the work of Carlos Alberto Sacheri. 25 years after the Ut unum Sint of Saint John Paul II<\/a><\/h5>\n<p>Germ\u00e1n Masserdotti<\/p>\n<h5><a href=\"https:\/\/revistaespiritu.istomas.org\/memoria-de-actividades-academicas-del-instituto-santo-tomas-de-la-fundacion-balmesiana-durante-el-curso-2019-2020\/\">Memory of academic activities of Instituto Santo Tom\u00e1s of Fundaci\u00f3n Balmesiana during the 2019-2020 academic year<\/a><\/h5>\n<p>Alessandro Mini<\/p>\n<p>[\/et_pb_text][et_pb_text _builder_version=&#8221;4.2.2&#8243; background_size=&#8221;initial&#8221; background_position=&#8221;top_left&#8221; background_repeat=&#8221;repeat&#8221; custom_margin=&#8221;||0px|&#8221; use_border_color=&#8221;off&#8221;]<\/p>\n<h4 style=\"text-align: left;\"><span style=\"color: #3c8859;\">Reviews<\/span><\/h4>\n<p>[\/et_pb_text][et_pb_divider disabled_on=&#8221;on|on|off&#8221; _builder_version=&#8221;3.23.4&#8243; height=&#8221;5px&#8221; hide_on_mobile=&#8221;on&#8221;][\/et_pb_divider][et_pb_text _builder_version=&#8221;4.8.1&#8243; hover_enabled=&#8221;0&#8243; use_border_color=&#8221;off&#8221; border_color=&#8221;#ffffff&#8221; border_style=&#8221;solid&#8221; sticky_enabled=&#8221;0&#8243;]<\/p>\n<h5 style=\"text-align: left;\"><a title=\"EMMANUEL PERRIER, L\u2019attrait divin. La doctrine de l\u2019op\u00e9ration et le gouvernement des cr\u00e9atures chez Thomas d\u2019Aquin.\" href=\"https:\/\/revistaespiritu.istomas.org\/serge-thomas-bonino-saint-thomas-daquin-lecteur-du-cantique-des-cantiques\/\"><span class=\"titulo\">SERGE THOMAS BONINO.<em> Saint Thomas d\u2019Aquin, lecteur du Cantique des<br \/>Cantiques<\/em><\/span><\/a><\/h5>\n<p>Juan Jos\u00e9 Herrera<\/p>\n<h5><a href=\"https:\/\/revistaespiritu.istomas.org\/xavier-prevosti-la-libertad-indeterminacion-o-donacion\/\"><span class=\"titulo\">XAVIER PREVOSTI. <em>La libertad \u00bfindeterminaci\u00f3n o donaci\u00f3n?<\/em><\/span><\/a><\/h5>\n<p>Jos\u00e9 Ignacio Orbe<\/p>\n<h5><a href=\"https:\/\/revistaespiritu.istomas.org\/miquel-seguro-mendlewicz-la-vida-tambien-se-piensa\/\"><em>MIQUEL SEGUR\u00d3 MENDLEWICZ. La vida tambi\u00e9n se piensa<\/em><\/a><\/h5>\n<p>Irene Alfaro<\/p>\n<h5><a href=\"https:\/\/revistaespiritu.istomas.org\/elisabeth-kruse-la-recepcion-creadora-de-la-tradicion-mistica-en-la-lirica-de-damaso-alonso-un-poeta-metafisico-moderno\/\"><em>ELISABETH KRUSE. La recepci\u00f3n creadora de la tradici\u00f3n m\u00edstica en la l\u00edrica de D\u00e1maso Alonso. \u00bfUn poeta metaf\u00edsico moderno<\/em><\/a><\/h5>\n<p>David Torrijos Castrillejo<\/p>\n<p>[\/et_pb_text][\/et_pb_column][et_pb_column type=&#8221;1_4&#8243; _builder_version=&#8221;3.25&#8243; custom_padding=&#8221;|||&#8221; custom_padding__hover=&#8221;|||&#8221;]<\/p>\n<p>[et_pb_sidebar orientation=&#8221;right&#8221; area=&#8221;sidebar-1&#8243; _builder_version=&#8221;3.0.74&#8243; header_font_size=&#8221;16&#8243; remove_border=&#8221;off&#8221;][\/et_pb_sidebar]<\/p>\n<p>[\/et_pb_column][\/et_pb_row][\/et_pb_section]<\/p>\n","protected":false},"excerpt":{"rendered":"<p>Year 69 | 2020PresentationArticlesDivine providence, guardian angel and dignity of the human person Serge-Thomas Bonino The Originality of the Concept of Subsistence in the work of Jacques Maritain Juan Agust\u00edn Ambrosini Obediential potency in Francisco Su\u00e1rez&#8217; De beatitudine Jos\u00e9 Carlos S\u00e1nchez L\u00f3pez The collative aprehension of the natural estimative in Thomas Aquinas Hern\u00e1n Muszalski Finality, [&hellip;]<\/p>\n","protected":false},"author":1,"featured_media":0,"parent":0,"menu_order":0,"comment_status":"closed","ping_status":"closed","template":"","meta":{"_et_pb_use_builder":"on","_et_pb_old_content":"","_et_gb_content_width":"","footnotes":""},"categories":[1356],"tags":[],"class_list":["post-10563","page","type-page","status-publish","hentry","category-160-2020-en"],"_links":{"self":[{"href":"https:\/\/revistaespiritu.istomas.org\/en\/wp-json\/wp\/v2\/pages\/10563","targetHints":{"allow":["GET"]}}],"collection":[{"href":"https:\/\/revistaespiritu.istomas.org\/en\/wp-json\/wp\/v2\/pages"}],"about":[{"href":"https:\/\/revistaespiritu.istomas.org\/en\/wp-json\/wp\/v2\/types\/page"}],"author":[{"embeddable":true,"href":"https:\/\/revistaespiritu.istomas.org\/en\/wp-json\/wp\/v2\/users\/1"}],"replies":[{"embeddable":true,"href":"https:\/\/revistaespiritu.istomas.org\/en\/wp-json\/wp\/v2\/comments?post=10563"}],"version-history":[{"count":0,"href":"https:\/\/revistaespiritu.istomas.org\/en\/wp-json\/wp\/v2\/pages\/10563\/revisions"}],"wp:attachment":[{"href":"https:\/\/revistaespiritu.istomas.org\/en\/wp-json\/wp\/v2\/media?parent=10563"}],"wp:term":[{"taxonomy":"category","embeddable":true,"href":"https:\/\/revistaespiritu.istomas.org\/en\/wp-json\/wp\/v2\/categories?post=10563"},{"taxonomy":"post_tag","embeddable":true,"href":"https:\/\/revistaespiritu.istomas.org\/en\/wp-json\/wp\/v2\/tags?post=10563"}],"curies":[{"name":"wp","href":"https:\/\/api.w.org\/{rel}","templated":true}]}}